{"id":1971,"date":"2024-05-23T17:15:43","date_gmt":"2024-05-23T17:15:43","guid":{"rendered":"https:\/\/yourboat.es\/ein-problem-melden\/"},"modified":"2025-08-24T21:13:49","modified_gmt":"2025-08-24T21:13:49","slug":"ein-problem-melden","status":"publish","type":"page","link":"https:\/\/yourboat.es\/de\/ein-problem-melden\/","title":{"rendered":"Ein Problem melden"},"content":{"rendered":"\n<div style=\"height:98px\" aria-hidden=\"true\" class=\"wp-block-spacer\" data-block-type=\"core\"><\/div>\n\n<div class=\"wp-block-stackable-image aligncenter stk-block-image has-text-align-left stk-block stk-a80bac6\" data-block-id=\"a80bac6\"><style>.stk-a80bac6 .stk-img-wrapper{width:37% !important;height:233px !important}@media screen and (max-width:689px){.stk-a80bac6 .stk-img-wrapper{width:100% !important;height:188px !important}}<\/style><figure><span class=\"stk-img-wrapper stk-image--shape-stretch\"><img loading=\"lazy\" decoding=\"async\" class=\"stk-img wp-image-11\" src=\"http:\/\/yourboat.es\/wp-content\/uploads\/2024\/05\/your-boat_logo_transparent-300x175.png\" width=\"300\" height=\"175\" srcset=\"https:\/\/yourboat.es\/wp-content\/uploads\/2024\/05\/your-boat_logo_transparent-300x175.png 300w, https:\/\/yourboat.es\/wp-content\/uploads\/2024\/05\/your-boat_logo_transparent-1024x598.png 1024w, https:\/\/yourboat.es\/wp-content\/uploads\/2024\/05\/your-boat_logo_transparent-768x449.png 768w, https:\/\/yourboat.es\/wp-content\/uploads\/2024\/05\/your-boat_logo_transparent-1536x897.png 1536w, https:\/\/yourboat.es\/wp-content\/uploads\/2024\/05\/your-boat_logo_transparent-2048x1196.png 2048w\" sizes=\"auto, (max-width: 300px) 100vw, 300px\" \/><\/span><\/figure><\/div>\n\n<div class=\"wp-block-stackable-heading stk-block-heading stk-block-heading--v2 stk-block stk-f5e0588\" id=\"report-a-problem\" data-block-id=\"f5e0588\"><style>.stk-f5e0588{margin-bottom:23px !important}<\/style><h2 class=\"stk-block-heading__text\">Ein Problem melden<\/h2><\/div>\n<div class=\"wpforms-container wpforms-container-full wpforms-block wpforms-block-ed60d2e9-cf30-423c-9744-db86bcc9b816 wpforms-render-modern\" id=\"wpforms-1082\"><form id=\"wpforms-form-1082\" class=\"wpforms-validate wpforms-form wpforms-ajax-form\" data-formid=\"1082\" method=\"post\" enctype=\"multipart\/form-data\" action=\"\/de\/wp-json\/wp\/v2\/pages\/1971\" data-token=\"e94f43a5c14ab04ee05f1164a289fc72\" data-token-time=\"1777368071\"><noscript class=\"wpforms-error-noscript\">Bitte aktiviere JavaScript in deinem Browser, um dieses Formular fertigzustellen.<\/noscript><div id=\"wpforms-error-noscript\" style=\"display: none;\">Bitte aktiviere JavaScript in deinem Browser, um dieses Formular fertigzustellen.<\/div><div class=\"wpforms-field-container\"><div id=\"wpforms-1082-field_4-container\" class=\"wpforms-field wpforms-field-select wpforms-field-select-style-classic\" data-field-id=\"4\"><label class=\"wpforms-field-label\" for=\"wpforms-1082-field_4\">Was ist das Problem? <span class=\"wpforms-required-label\" aria-hidden=\"true\">*<\/span><\/label><select id=\"wpforms-1082-field_4\" class=\"wpforms-field-medium wpforms-field-required\" name=\"wpforms[fields][4]\" required=\"required\"><option value=\"Problem mit der Seitenfunktionalit\u00e4t\"  class=\"choice-3 depth-1\"  >Problem mit der Seitenfunktionalit\u00e4t<\/option><option value=\"Falsche\/fehlende Informationen\"  class=\"choice-2 depth-1\"  >Falsche\/fehlende Informationen<\/option><option value=\"\u00dcbersetzung Problem\"  class=\"choice-1 depth-1\"  >\u00dcbersetzung Problem<\/option><option value=\"Unangemessener Kommentar\/Verhaltensweisen\"  class=\"choice-6 depth-1\"  >Unangemessener Kommentar\/Verhaltensweisen<\/option><option value=\"Andere\"  class=\"choice-5 depth-1\"  >Andere<\/option><\/select><\/div><div id=\"wpforms-1082-field_3-container\" class=\"wpforms-field wpforms-field-text\" data-field-id=\"3\"><label class=\"wpforms-field-label\" for=\"wpforms-1082-field_3\">Seitenadresse des Problems (URL) <span class=\"wpforms-required-label\" aria-hidden=\"true\">*<\/span><\/label><input type=\"text\" id=\"wpforms-1082-field_3\" class=\"wpforms-field-medium wpforms-field-required\" name=\"wpforms[fields][3]\" aria-errormessage=\"wpforms-1082-field_3-error\" aria-describedby=\"wpforms-1082-field_3-description\" required><div id=\"wpforms-1082-field_3-description\" class=\"wpforms-field-description\">Beispiel: https:\/\/yourboat.es\/report-a-bug\/<\/div><\/div><div id=\"wpforms-1082-field_5-container\" class=\"wpforms-field wpforms-field-textarea\" data-field-id=\"5\"><label class=\"wpforms-field-label\" for=\"wpforms-1082-field_5\">Erkl\u00e4ren Sie so detailliert wie m\u00f6glich, wie wir Ihnen helfen k\u00f6nnen. <span class=\"wpforms-required-label\" aria-hidden=\"true\">*<\/span><\/label><textarea id=\"wpforms-1082-field_5\" class=\"wpforms-field-medium wpforms-field-required\" name=\"wpforms[fields][5]\" aria-errormessage=\"wpforms-1082-field_5-error\" required><\/textarea><\/div><\/div><!-- .wpforms-field-container --><div class=\"wpforms-recaptcha-container wpforms-is-recaptcha wpforms-is-recaptcha-type-v2\" ><div class=\"g-recaptcha\" data-sitekey=\"6Ldk7BUqAAAAAGAw4RK9rR2eKjFVY0i5yS9vGhUr\"><\/div><input type=\"text\" name=\"g-recaptcha-hidden\" class=\"wpforms-recaptcha-hidden\" style=\"position:absolute!important;clip:rect(0,0,0,0)!important;height:1px!important;width:1px!important;border:0!important;overflow:hidden!important;padding:0!important;margin:0!important;\" data-rule-recaptcha=\"1\"><\/div><div class=\"wpforms-submit-container\" ><input type=\"hidden\" name=\"wpforms[id]\" value=\"1082\"><input type=\"hidden\" name=\"page_title\" value=\"\"><input type=\"hidden\" name=\"page_url\" value=\"https:\/\/yourboat.es\/de\/wp-json\/wp\/v2\/pages\/1971\"><input type=\"hidden\" name=\"url_referer\" value=\"\"><button type=\"submit\" name=\"wpforms[submit]\" id=\"wpforms-submit-1082\" class=\"wpforms-submit\" data-alt-text=\"Berichterstattung...\" data-submit-text=\"Ein Problem melden\" aria-live=\"assertive\" value=\"wpforms-submit\">Ein Problem melden<\/button><img loading=\"lazy\" decoding=\"async\" src=\"https:\/\/yourboat.es\/wp-content\/plugins\/wpforms-lite\/assets\/images\/submit-spin.svg\" class=\"wpforms-submit-spinner\" style=\"display: none;\" width=\"26\" height=\"26\" alt=\"Wird geladen\"><\/div><\/form><\/div>  <!-- .wpforms-container -->","protected":false},"excerpt":{"rendered":"<p>Ein Problem melden<\/p>\n","protected":false},"author":3,"featured_media":0,"parent":0,"menu_order":0,"comment_status":"closed","ping_status":"closed","template":"","meta":{"_acf_changed":false,"inline_featured_image":false,"footnotes":""},"class_list":["post-1971","page","type-page","status-publish","hentry"],"blocksy_meta":[],"acf":[],"_links":{"self":[{"href":"https:\/\/yourboat.es\/de\/wp-json\/wp\/v2\/pages\/1971","targetHints":{"allow":["GET"]}}],"collection":[{"href":"https:\/\/yourboat.es\/de\/wp-json\/wp\/v2\/pages"}],"about":[{"href":"https:\/\/yourboat.es\/de\/wp-json\/wp\/v2\/types\/page"}],"author":[{"embeddable":true,"href":"https:\/\/yourboat.es\/de\/wp-json\/wp\/v2\/users\/3"}],"replies":[{"embeddable":true,"href":"https:\/\/yourboat.es\/de\/wp-json\/wp\/v2\/comments?post=1971"}],"version-history":[{"count":2,"href":"https:\/\/yourboat.es\/de\/wp-json\/wp\/v2\/pages\/1971\/revisions"}],"predecessor-version":[{"id":1974,"href":"https:\/\/yourboat.es\/de\/wp-json\/wp\/v2\/pages\/1971\/revisions\/1974"}],"wp:attachment":[{"href":"https:\/\/yourboat.es\/de\/wp-json\/wp\/v2\/media?parent=1971"}],"curies":[{"name":"wp","href":"https:\/\/api.w.org\/{rel}","templated":true}]}}