{"id":2015,"date":"2024-05-23T12:33:25","date_gmt":"2024-05-23T12:33:25","guid":{"rendered":"https:\/\/yourboat.es\/bedingungen-und-konditionen\/"},"modified":"2025-08-24T21:13:59","modified_gmt":"2025-08-24T21:13:59","slug":"bedingungen-und-konditionen","status":"publish","type":"page","link":"https:\/\/yourboat.es\/de\/bedingungen-und-konditionen\/","title":{"rendered":"Bedingungen und Konditionen"},"content":{"rendered":"\n<div class=\"wp-block-stackable-columns alignfull stk-block-columns stk-block stk-033dfc7 stk-block-background stk--has-background-overlay\" data-block-id=\"033dfc7\"><style>.stk-033dfc7{background-color:var(--theme-palette-color-2,#133252) !important;background-image:url(http:\/\/yourboat.es\/wp-content\/uploads\/2024\/05\/Untitled-design-1.png) !important;padding-top:300px !important;padding-bottom:200px !important;margin-bottom:0px !important}.stk-033dfc7:before{background-color:var(--theme-palette-color-2,#133252) !important;opacity:0.5 !important}.stk-033dfc7-column{--stk-column-gap:35px !important}@media screen and (max-width:999px){.stk-033dfc7{padding-top:250px !important;padding-bottom:150px !important}}@media screen and (max-width:689px){.stk-033dfc7{padding-top:150px !important;padding-bottom:100px !important}}<\/style><div class=\"stk-row stk-inner-blocks has-text-align-center stk-block-content stk-content-align stk-033dfc7-column\">\n<div class=\"wp-block-stackable-column stk-block-column stk-column stk-block stk-7a5cd5a\" data-v=\"4\" data-block-id=\"7a5cd5a\"><style>.stk-7a5cd5a-container{margin-top:0px !important;margin-right:0px !important;margin-bottom:0px !important;margin-left:0px !important}<\/style><div class=\"stk-column-wrapper stk-block-column__content stk-container stk-7a5cd5a-container stk--no-background stk--no-padding\"><div class=\"has-text-align-center-tablet stk-block-content stk-inner-blocks stk-7a5cd5a-inner-blocks\">\n<div class=\"wp-block-stackable-heading stk-block-heading stk-block-heading--v2 stk-block stk-e87da4d\" id=\"terms-and-conditions\" data-block-id=\"e87da4d\"><style>.stk-e87da4d{margin-bottom:10px !important}.stk-e87da4d .stk-block-heading__text{font-size:45px !important;color:var(--theme-palette-color-8,#ffffff) !important;line-height:1.3em !important;font-weight:800 !important}@media screen and (max-width:999px){.stk-e87da4d .stk-block-heading__text{font-size:40px !important}}@media screen and (max-width:689px){.stk-e87da4d .stk-block-heading__text{font-size:30px !important}}<\/style><h2 class=\"stk-block-heading__text has-text-color\">Bedingungen und Konditionen<\/h2><\/div>\n<\/div><\/div><\/div>\n<\/div><\/div>\n\n<div class=\"wp-block-stackable-spacer stk-block-spacer stk--no-padding stk-block stk-788f32b\" data-block-id=\"788f32b\"><style>.stk-788f32b{height:50px !important}<\/style><\/div>\n\n<div class=\"wp-block-stackable-icon stk-block-icon has-text-align-center stk-block stk-c73e7ab\" data-block-id=\"c73e7ab\"><style>.stk-c73e7ab{padding-top:23px !important}.stk-c73e7ab .stk--svg-wrapper .stk--inner-svg svg:last-child{height:100px !important;width:100px !important}<\/style><span class=\"stk--svg-wrapper\"><div class=\"stk--inner-svg\"><svg style=\"height:0;width:0\"><defs><lineargradient id=\"linear-gradient-c73e7ab\" x1=\"0\" x2=\"100%\" y1=\"0\" y2=\"0\"><stop offset=\"0%\" style=\"stop-opacity:1;stop-color:var(--linear-gradient-c-73-e-7-ab-color-1)\"><\/stop><stop offset=\"100%\" style=\"stop-opacity:1;stop-color:var(--linear-gradient-c-73-e-7-ab-color-2)\"><\/stop><\/lineargradient><\/defs><\/svg><svg class=\"ugb-custom-icon\" id=\"Layer_1\" data-name=\"Layer 1\" xmlns=\"http:\/\/www.w3.org\/2000\/svg\" viewbox=\"0 0 512 512\" aria-hidden=\"true\" width=\"32\" height=\"32\">\n  <defs>\n    <style>\n      .cls-1 {\n        fill: #a0afbb;\n      }\n\n      .cls-1, .cls-2, .cls-3 {\n        stroke: #133253;\n        stroke-linecap: round;\n        stroke-linejoin: round;\n        stroke-width: 12px;\n      }\n\n      .cls-2 {\n        fill: #3ea6cb;\n      }\n\n      .cls-3 {\n        fill: #fff;\n      }\n    <\/style>\n  <\/defs>\n    <path class=\"cls-3\" d=\"m371.91,158.83v294.94c0,11.9-9.64,21.54-21.54,21.54H68.27c-11.9,0-21.54-9.64-21.54-21.54V58.23c0-11.9,9.64-21.54,21.54-21.54h181.51l122.14,122.14Z\"><\/path>\n    <path class=\"cls-1\" d=\"m371.91,158.83h-100.6c-11.9,0-21.54-9.64-21.54-21.54V36.69l122.14,122.14Z\"><\/path>\n  \n    <polygon class=\"cls-1\" points=\"338.17 397.56 292.27 420.16 285.69 369.42 338.17 397.56\"><\/polygon>\n    <path class=\"cls-3\" d=\"m463.37,164.07l-17.45,32.54-52.48-28.14,17.45-32.54c4.18-7.79,13.88-10.72,21.67-6.55l24.27,13.02c7.79,4.17,10.72,13.88,6.54,21.67Z\"><\/path>\n    <rect class=\"cls-3\" x=\"251.8\" y=\"253.24\" width=\"228.02\" height=\"59.55\" transform=\"translate(-56.48 471.66) rotate(-61.8)\"><\/rect>\n  \n    <path class=\"cls-2\" d=\"m238.17,201.11c5.17,0,9.39,4.23,9.39,9.39s-4.23,9.4-9.39,9.4h-7.14c5.17,0,9.39,4.22,9.39,9.39s-4.23,9.39-9.39,9.39h-42.48c-9.84,0-27.23-4.91-34.81-11.31v-54.39c17.97-11.45,23.47-25.13,26.92-46.92,1.08-6.91,3.11-13.49,12.96-8.57,6.46,3.23,12.07,14.12,8.9,26.11l-5.29,19.94h40.94c5.17,0,9.39,4.23,9.39,9.39s-4.23,9.38-9.39,9.38c5.17,0,9.39,4.24,9.39,9.39s-4.23,9.39-9.39,9.39Z\"><\/path>\n    <path class=\"cls-2\" d=\"m231.02,219.91h-5.65m12.79-18.8h-12.79m12.79-18.78h-12.79\"><\/path>\n    <path class=\"cls-3\" d=\"m153.74,169.55v61.27c0,2.97-2.44,5.4-5.41,5.4h-20.58c-2.97,0-5.4-2.43-5.4-5.4v-61.27c0-2.97,2.43-5.4,5.4-5.4h20.58c2.97,0,5.41,2.43,5.41,5.4Z\"><\/path>\n  \n    <line class=\"cls-3\" x1=\"138.75\" y1=\"289.07\" x2=\"279.89\" y2=\"289.07\"><\/line>\n    <line class=\"cls-3\" x1=\"138.75\" y1=\"329.12\" x2=\"279.89\" y2=\"329.12\"><\/line>\n    <line class=\"cls-3\" x1=\"138.75\" y1=\"369.17\" x2=\"209.32\" y2=\"369.17\"><\/line>\n  <\/svg><\/div><\/span><\/div>\n\n<h3 class=\"wp-block-heading\" data-block-type=\"core\">1 VORSCHRIFTEN F\u00dcR ELEKTRONISCHE DIENSTLEISTUNGEN<\/h3>\n\n<p data-block-type=\"core\">Das Reglement f\u00fcr die Erbringung elektronischer Dienstleistungen, nachstehend Reglement genannt, legt die Regeln f\u00fcr die Erbringung elektronischer Dienstleistungen unter der Internetadresse yourboat.es fest, die von EMALLORCA PARTNERS SLU, C\/Mimosa 4 07169 CAMP DE MAR IIIes Balears, ESB57825721, Stammkapital \u20ac3000, eingetragen im Registro Mercantil, E-Mail: info@yourboat.es, betrieben wird.<\/p>\n\n<h3 class=\"wp-block-heading\" data-block-type=\"core\">2 DEFINITIONEN<\/h3>\n\n<p data-block-type=\"core\">In diesem Reglement haben die folgenden Begriffe die folgende Bedeutung:<\/p>\n\n<p data-block-type=\"core\">1) Verordnungen &#8211; diese Verordnungen zur Erbringung elektronischer Dienstleistungen.<\/p>\n\n<p data-block-type=\"core\">2) [Dienstanbieter &#8211; die in \u00a71 genannte Einrichtung.<\/p>\n\n<p data-block-type=\"core\">3) Dienstleistungsempf\u00e4nger &#8211; eine nat\u00fcrliche oder juristische Person, die sich verpflichtet oder die Absicht ge\u00e4u\u00dfert hat, mit dem Dienstleistungsanbieter zusammenzuarbeiten, um die in den Verordnungen genannten Dienstleistungen zu erbringen.<\/p>\n\n<p data-block-type=\"core\">4) Elektronische Kommunikationsmittel &#8211; technische L\u00f6sungen, insbesondere informationstechnische Ger\u00e4te, die eine individuelle Kommunikation \u00fcber eine Entfernung zwischen dem Dienstanbieter und dem Dienstleistungsempf\u00e4nger durch Daten\u00fcbertragung zwischen informationstechnischen Systemen erm\u00f6glichen.<\/p>\n\n<p data-block-type=\"core\">5) E-Mail-Adresse &#8211; eine Kennung eines Informationstechnologiesystems, das die Kommunikation \u00fcber elektronische Kommunikationsmittel, insbesondere E-Mail, erm\u00f6glicht.<\/p>\n\n<p data-block-type=\"core\">6) Elektronische Dienstleistungserbringung &#8211; die Erbringung einer Dienstleistung, die ohne die gleichzeitige Anwesenheit der Parteien (aus der Ferne) durch die \u00dcbermittlung von Daten auf individuellen Wunsch des Dienstleistungsempf\u00e4ngers erbracht wird, die mit Hilfe elektronischer Datenverarbeitungsger\u00e4te, einschlie\u00dflich digitaler Kompression, \u00fcbertragen und empfangen werden, sowie die Datenspeicherung, die vollst\u00e4ndig \u00fcber ein Telekommunikationsnetz \u00fcbertragen, empfangen oder \u00fcbermittelt wird.<\/p>\n\n<p data-block-type=\"core\">7) Dienste &#8211; alle Handlungen, die der Dienstanbieter \u00fcber elektronische Kommunikationsmittel an der elektronischen Adresse durchf\u00fchrt.<\/p>\n\n<p data-block-type=\"core\">8) Kontaktformular &#8211; ein elektronisches Dokument, das vom Dienstleistungsempf\u00e4nger auf der Website ausgef\u00fcllt wird und den Kontakt zwischen dem Dienstleistungsanbieter und dem Dienstleistungsempf\u00e4nger erm\u00f6glicht.<\/p>\n\n<p data-block-type=\"core\">9) Datenschutzrichtlinie &#8211; ein separates Dokument, das den Schutz personenbezogener Daten durch den Dienstanbieter regelt.<\/p>\n\n<h3 class=\"wp-block-heading\" data-block-type=\"core\">3 ALLGEMEINE BESTIMMUNGEN<\/h3>\n\n<ol class=\"wp-block-list\" data-block-type=\"core\">\n<li data-block-type=\"core\">Die vom Dienstanbieter eingerichtete Online-Plattform, die die Nutzung der elektronisch bereitgestellten Dienste erm\u00f6glicht, ist die Website yourboat.es.<\/li>\n\n\n\n<li data-block-type=\"core\">Der Dienstleistungsempf\u00e4nger ist verpflichtet, sich vor der Nutzung der Website mit den Bestimmungen der vorliegenden Regelung vertraut zu machen.<\/li>\n\n\n\n<li data-block-type=\"core\">Die auf der Online-Plattform unter der Adresse yourboat.es pr\u00e4sentierten Inhalte stellen kein Angebot im Sinne des geltenden Rechts dar, es sei denn, es wird ausdr\u00fccklich darauf hingewiesen.<\/li>\n\n\n\n<li data-block-type=\"core\">Der Dienstanbieter verwendet &#8222;Cookies&#8220;, die in einem separaten Dokument beschrieben werden.<\/li>\n\n\n\n<li data-block-type=\"core\">Der Dienstleistungsempf\u00e4nger erkl\u00e4rt, dass die von ihm zur Verf\u00fcgung gestellten personenbezogenen Daten den Tatsachen entsprechen und dass er die vorliegenden Bestimmungen und die Datenschutzerkl\u00e4rung gelesen hat und sich verpflichtet, diese einzuhalten.<\/li>\n\n\n\n<li data-block-type=\"core\">Alle Inhalte und Materialien auf der Website, einschlie\u00dflich des Logos und der Fotos, sind geistige Eigentumsrechte, die ausschlie\u00dflich dem Dienstanbieter geh\u00f6ren.<\/li>\n<\/ol>\n\n<h3 class=\"wp-block-heading\" data-block-type=\"core\">4 DIENSTLEISTUNGEN<\/h3>\n\n<ol class=\"wp-block-list\" data-block-type=\"core\">\n<li data-block-type=\"core\">Der Dienstleister stellt dem Dienstleistungsempf\u00e4nger \u00fcber die Website folgende Dienstleistungen zur Verf\u00fcgung:<br\/>a) Erm\u00f6glicht das Durchsuchen des Inhalts der Website.<br\/>b) Erm\u00f6glicht das Kennenlernen des Gesch\u00e4ftsgegenstands des Dienstleisters.<br\/>c) Erm\u00f6glicht das Kennenlernen der aktuellen Flotte von Yachten, die der Dienstleistungsempf\u00e4nger kaufen, bestellen oder chartern kann.<br\/>d) Erm\u00f6glicht es dem Dienstleistungsempf\u00e4nger, \u00fcber das Kontaktformular Anfragen an den Dienstleister zu richten oder Beschwerden einzureichen.<\/li>\n\n\n\n<li data-block-type=\"core\">Um die verf\u00fcgbaren Dienste nutzen zu k\u00f6nnen, muss der Dienstleistungsempf\u00e4nger \u00fcber einen Internetzugang und einen Webbrowser (Firefox, Chrome, Safari, IE, Opera, Edge) in der neuesten Version verf\u00fcgen.<\/li>\n\n\n\n<li data-block-type=\"core\">Die Website ist auch f\u00fcr die Anzeige auf mobilen Ger\u00e4ten, wie Smartphones und Tablets, angepasst, wenn der Dienstleistungsempf\u00e4nger die in Absatz 2 genannten Bedingungen erf\u00fcllt.<\/li>\n<\/ol>\n\n<h3 class=\"wp-block-heading\" data-block-type=\"core\">5 KONTAKTFORMULAR<\/h3>\n\n<ol class=\"wp-block-list\" data-block-type=\"core\">\n<li data-block-type=\"core\">Der Dienstleistungsempf\u00e4nger kann Anfragen, Kommentare zur Funktionsweise der Online-Plattform sowie Beschwerden im Zusammenhang mit den Dienstleistungen einreichen.<\/li>\n\n\n\n<li data-block-type=\"core\">Beschwerden k\u00f6nnen elektronisch an die E-Mail-Adresse info@yourboat.es eingereicht werden.<\/li>\n\n\n\n<li data-block-type=\"core\">Der Dienstanbieter verpflichtet sich, den Dienstleistungsempf\u00e4nger unverz\u00fcglich \u00fcber die Ergebnisse des durchgef\u00fchrten Erkl\u00e4rungsverfahrens zu informieren.<\/li>\n\n\n\n<li data-block-type=\"core\">Die Antwort wird an die vom Service-Empf\u00e4nger angegebene Kontaktadresse gesendet.<\/li>\n\n\n\n<li data-block-type=\"core\">Die Frist f\u00fcr die Beantwortung betr\u00e4gt 14 Tage ab dem Datum des Eingangs des Berichts.<\/li>\n\n\n\n<li data-block-type=\"core\">Der Dienstanbieter beh\u00e4lt sich das Recht vor, Beschwerden oder Anfragen, die vulg\u00e4re oder beleidigende Inhalte gegen\u00fcber dem Dienstanbieter enthalten, unbeantwortet zu lassen.<\/li>\n\n\n\n<li data-block-type=\"core\">Eine Beschwerde enth\u00e4lt insbesondere die Daten des Beschwerdef\u00fchrers, eine Angabe der Umst\u00e4nde, die die Grundlage f\u00fcr die Beschwerde bilden, und die Forderungen, die sich aus der eingereichten Beschwerde ergeben.<\/li>\n\n\n\n<li data-block-type=\"core\">Das Ausbleiben einer Antwort des Dienstanbieters bedeutet, dass die Beschwerde akzeptiert wird.<\/li>\n\n\n\n<li data-block-type=\"core\">Die Gr\u00fcnde f\u00fcr eine Beschwerde k\u00f6nnen insbesondere nicht sein:<br\/>a) Umst\u00e4nde, die mit dem nicht ordnungsgem\u00e4\u00dfen Funktionieren des Browsers oder der Servicereparaturen zusammenh\u00e4ngen.<br\/>b) Handlungen von Stellen, f\u00fcr die der Dienstanbieter nicht verantwortlich ist.<\/li>\n\n\n\n<li data-block-type=\"core\">Der Dienstleistungsempf\u00e4nger tr\u00e4gt die Kosten einer ungerechtfertigten Beschwerde.<\/li>\n<\/ol>\n\n<h3 class=\"wp-block-heading\" data-block-type=\"core\">6 VERPFLICHTUNGEN DES DIENSTANBIETERS<\/h3>\n\n<ol class=\"wp-block-list\" data-block-type=\"core\">\n<li data-block-type=\"core\">Der Dienstanbieter gew\u00e4hrleistet den Zugang zu seinen Diensten durch die Bereitstellung der Online-Plattform unter der Adresse yourboat.es.<\/li>\n\n\n\n<li data-block-type=\"core\">Der Dienstanbieter stellt auf der Website seine E-Mail-Adresse f\u00fcr die Korrespondenz mit dem Dienstleistungsempf\u00e4nger sowie seine telefonischen Kontaktdaten zur Verf\u00fcgung.<\/li>\n\n\n\n<li data-block-type=\"core\">Der Dienstleister erbringt f\u00fcr den Dienstleistungsempf\u00e4nger die in \u00a74 der Vorschriften genannten Dienstleistungen.<\/li>\n\n\n\n<li data-block-type=\"core\">Gegen\u00fcber dem Dienstleistungsempf\u00e4nger, der kein Verbraucher ist, haftet der Dienstanbieter nur, wenn der Schaden durch vors\u00e4tzliches Handeln des Dienstanbieters entstanden ist.<\/li>\n\n\n\n<li data-block-type=\"core\">Der Dienstanbieter ist nicht f\u00fcr entgangenen Gewinn verantwortlich.<\/li>\n\n\n\n<li data-block-type=\"core\">Der Dienstanbieter unterst\u00fctzt den Dienstleistungsempf\u00e4nger bei der Nutzung der Funktionalit\u00e4ten der Website.<\/li>\n\n\n\n<li data-block-type=\"core\">Der Dienstanbieter ist verpflichtet, auf Anfragen und Beschwerden des Dienstleistungsempf\u00e4ngers zu reagieren.<\/li>\n<\/ol>\n\n<h3 class=\"wp-block-heading\" data-block-type=\"core\">7 SCHUTZ PERS\u00d6NLICHER DATEN<\/h3>\n\n<ol class=\"wp-block-list\" data-block-type=\"core\">\n<li data-block-type=\"core\">Der Dienstanbieter ist der Datenverantwortliche f\u00fcr die dem Dienstanbieter zur Verf\u00fcgung gestellten pers\u00f6nlichen Daten des Dienstleistungsempf\u00e4ngers.<\/li>\n\n\n\n<li data-block-type=\"core\">Der Dienstleistungsempf\u00e4nger stellt seine pers\u00f6nlichen Daten der in \u00a71 angegebenen Stelle zur Verf\u00fcgung.<\/li>\n\n\n\n<li data-block-type=\"core\">Der Dienstanbieter verarbeitet die personenbezogenen Daten des Dienstleistungsempf\u00e4ngers zu folgenden Zwecken:<br\/>a) Versand von Newslettern.<br\/>b) Bereitstellung elektronischer Dienstleistungen durch den Dienstanbieter und andere in den Bestimmungen genannte Zwecke.<br\/>c) Erf\u00fcllung einer gesetzlichen Verpflichtung.<br\/>d) Verfolgung von rechtlich begr\u00fcndeten Zielen.<\/li>\n\n\n\n<li data-block-type=\"core\">Die Verarbeitung personenbezogener Daten erfolgt auf der Grundlage der Zustimmung des Dienstleistungsempf\u00e4ngers, einer abgeschlossenen Vereinbarung, einer gesetzlichen Verpflichtung des Dienstleisters oder eines legitimen Zwecks.<\/li>\n\n\n\n<li data-block-type=\"core\">Der Dienstanbieter verarbeitet die vom Dienstleistungsempf\u00e4nger zur Verf\u00fcgung gestellten Daten, wie Name, Telefonnummer, E-Mail-Adresse, IP-Adresse, Inhalt von Anfragen\/Beschwerden\/Kommentaren sowie Kennungen und Informationen, die \u00fcber Cookies gesammelt werden. Die vom Dienstleistungsempf\u00e4nger bereitgestellten pers\u00f6nlichen Daten sind nur f\u00fcr autorisierte Personen sichtbar.<\/li>\n\n\n\n<li data-block-type=\"core\">Der Dienstleister speichert personenbezogene Daten nicht l\u00e4nger, als es f\u00fcr die Zwecke, die sich aus den Rechten des Dienstleistungsempf\u00e4ngers und des Dienstleisters ergeben, erforderlich ist, es sei denn, sie werden ausschlie\u00dflich zu Archivierungszwecken oder zu wissenschaftlichen Forschungszwecken oder zu historischen oder statistischen Zwecken gem\u00e4\u00df Artikel 89 Absatz 1 der Verordnung (EU) 2016\/679 des Europ\u00e4ischen Parlaments und des Rates vom 27. April 2016 zum Schutz nat\u00fcrlicher Personen bei der Verarbeitung personenbezogener Daten, zum freien Datenverkehr und zur Aufhebung der Richtlinie 95\/46\/EG unter Verwendung geeigneter technischer und organisatorischer Ma\u00dfnahmen verarbeitet.<\/li>\n\n\n\n<li data-block-type=\"core\">Der Dienstleistungsempf\u00e4nger stellt seine pers\u00f6nlichen Daten freiwillig zur Verf\u00fcgung, unter dem Vorbehalt, dass die Nichtbereitstellung bestimmter Daten die Nutzung der vom Dienstanbieter garantierten Funktionalit\u00e4ten verhindern kann.<\/li>\n\n\n\n<li data-block-type=\"core\">Bez\u00fcglich der Verarbeitung personenbezogener Daten stellt der Dienstleister dem Dienstleistungsempf\u00e4nger eine elektronische Kontaktm\u00f6glichkeit zur Verf\u00fcgung: <a href=\"mailto:info@yourboat.es\">info@yourboat.es.<\/a><\/li>\n\n\n\n<li data-block-type=\"core\">Der Dienstleistungsempf\u00e4nger hat das Recht, seine pers\u00f6nlichen Daten in Form einer PDF-Datei an den Dienstleistungsanbieter zu \u00fcbermitteln.<\/li>\n\n\n\n<li data-block-type=\"core\">Der Dienstleistungsempf\u00e4nger hat das Recht, auf die bereitgestellten pers\u00f6nlichen Daten zuzugreifen, sie zu korrigieren und zu vervollst\u00e4ndigen, wie es den Tatsachen entspricht.<\/li>\n\n\n\n<li data-block-type=\"core\">Der Service-Empf\u00e4nger kann au\u00dferdem seine Zustimmung zur Verarbeitung personenbezogener Daten zur\u00fcckziehen, deren sofortige L\u00f6schung verlangen, die Verarbeitung einschr\u00e4nken und Widerspruch einlegen.<\/li>\n\n\n\n<li data-block-type=\"core\">Der Dienstanbieter garantiert die M\u00f6glichkeit, pers\u00f6nliche Daten zu l\u00f6schen. Der Dienstanbieter beh\u00e4lt sich das Recht vor, personenbezogene Daten in Situationen zu verarbeiten, in denen der Dienstleistungsempf\u00e4nger:<br\/>a) nicht alle Zahlungen beglichen hat.<br\/>b) gegen die Bestimmungen des allgemein geltenden Rechts versto\u00dfen hat.<br\/>c) Die Aufbewahrung personenbezogener Daten ist erforderlich, um diese Umst\u00e4nde zu kl\u00e4ren, die Haftung des Dienstleistungsempf\u00e4ngers zu bestimmen und etwaige Anspr\u00fcche des Dienstanbieters zu verfolgen.<\/li>\n\n\n\n<li data-block-type=\"core\">Die Aus\u00fcbung der oben genannten Rechte des Dienstleistungsempf\u00e4ngers erfolgt per E-Mail.<\/li>\n\n\n\n<li data-block-type=\"core\">Der Dienstanbieter sch\u00fctzt die ihm zur Verf\u00fcgung gestellten personenbezogenen Daten und bem\u00fcht sich, diese vor unbefugtem Zugriff oder Verwendung durch Unbefugte zu sichern, insbesondere durch Datenverschl\u00fcsselung und die Verwendung eines sicheren Kommunikationsverschl\u00fcsselungsprotokolls (SSL).<\/li>\n\n\n\n<li data-block-type=\"core\">Der Dienstanbieter informiert die Aufsichtsbeh\u00f6rde \u00fcber Sicherheitsvorf\u00e4lle in Bezug auf personenbezogene Daten.<\/li>\n\n\n\n<li data-block-type=\"core\">Der Dienstanbieter gibt die personenbezogenen Daten des Dienstleistungsempf\u00e4ngers an Unternehmen weiter, die eng mit dem Dienstanbieter zusammenarbeiten, insbesondere IT-Dienstleister, Zahlungsdienstleister, Banken und Buchhaltungsdienstleister.<\/li>\n<\/ol>\n\n<h3 class=\"wp-block-heading\" data-block-type=\"core\">8 SCHLUSSBESTIMMUNGEN<\/h3>\n\n<ol class=\"wp-block-list\" data-block-type=\"core\">\n<li data-block-type=\"core\">In Angelegenheiten, die nicht durch dieses Reglement abgedeckt sind, gelten die Bestimmungen des allgemein g\u00fcltigen Rechts.<\/li>\n\n\n\n<li data-block-type=\"core\">Diese Verordnungen werden in einer polnischen und einer englischen Fassung erstellt. Im Falle von Unstimmigkeiten ist die polnische Version ma\u00dfgebend.<\/li>\n\n\n\n<li data-block-type=\"core\">Der Dienstanbieter beh\u00e4lt sich das Recht vor, die Bestimmungen in wichtigen F\u00e4llen zu \u00e4ndern, insbesondere im Falle von \u00c4nderungen der Funktionalit\u00e4t der Website, der Aktivit\u00e4ten des Dienstanbieters oder von \u00c4nderungen der allgemein geltenden Rechtsvorschriften.<\/li>\n\n\n\n<li data-block-type=\"core\">Der Dienstanbieter informiert den Dienstleistungsempf\u00e4nger \u00fcber die Website \u00fcber \u00c4nderungen der Verordnungen, indem er eine Nachricht mit einer Zusammenfassung der neuen Bestimmungen der Verordnungen und der ge\u00e4nderten Bestimmungen ver\u00f6ffentlicht.<\/li>\n\n\n\n<li data-block-type=\"core\">Der Dienstleistungsempf\u00e4nger wird \u00fcber die \u00c4nderungen der Bestimmungen durch eine E-Mail mit dem in Absatz 3 genannten Inhalt informiert.<\/li>\n\n\n\n<li data-block-type=\"core\">Wenn der Dienstleistungsempf\u00e4nger mit dem neuen Inhalt der Bestimmungen nicht einverstanden ist, ist er verpflichtet, den Dienstleistungserbringer innerhalb von 14 Tagen ab dem Datum, an dem er \u00fcber die \u00c4nderung der Bestimmungen informiert wurde, dar\u00fcber zu informieren.<\/li>\n\n\n\n<li data-block-type=\"core\">Die Erkl\u00e4rung der Weigerung, den Inhalt der Verordnungen zu akzeptieren, gilt als K\u00fcndigung des Vertrags \u00fcber die Erbringung elektronischer Dienstleistungen.<\/li>\n\n\n\n<li data-block-type=\"core\">Der Dienstleistungsempf\u00e4nger ist verantwortlich f\u00fcr die Angabe einer falschen E-Mail-Adresse, zu der er keinen Zugang hat, und f\u00fcr die sich daraus ergebenden Konsequenzen.<\/li>\n\n\n\n<li data-block-type=\"core\">Die \u00c4nderung der Verordnungen hat keine Auswirkungen auf Vereinbarungen, die vor der \u00c4nderung getroffen wurden.<\/li>\n\n\n\n<li data-block-type=\"core\">Das zust\u00e4ndige Gericht f\u00fcr die Beilegung von Streitigkeiten zwischen dem Dienstleister und dem Dienstleistungsempf\u00e4nger im Zusammenhang mit dem Abschluss und der Erf\u00fcllung von Vertr\u00e4gen, die auf diesen Bestimmungen beruhen oder deren Bestandteil diese Bestimmungen sind, ist das f\u00fcr den Sitz des Dienstleisters zust\u00e4ndige Gericht.<\/li>\n\n\n\n<li data-block-type=\"core\">Das zust\u00e4ndige Gericht f\u00fcr die Beilegung von Streitigkeiten zwischen dem Dienstleister und dem Dienstleistungsempf\u00e4nger, der ein Verbraucher ist, im Zusammenhang mit dem Abschluss und der Erf\u00fcllung von Vertr\u00e4gen, die auf diesen Bestimmungen beruhen oder deren Bestandteil diese Bestimmungen sind, ist das nach den Bestimmungen des allgemein geltenden Rechts zust\u00e4ndige Gericht.<\/li>\n\n\n\n<li data-block-type=\"core\">Dieses Reglement ist <strong>integraler Bestandteil<\/strong> der mit dem Dienstanbieter geschlossenen Vertr\u00e4ge.<\/li>\n<\/ol>\n\n<div class=\"wp-block-file\" data-block-type=\"core\"><a id=\"wp-block-file--media-5ac6aff5-3d97-4cf7-b44e-9a646356f055\" href=\"http:\/\/yourboat.es\/wp-content\/uploads\/2024\/05\/Terms-Your-Boat-EN.pdf\" target=\"_blank\" rel=\"noreferrer noopener\">Bedingungen-Ihr-Schiff-EN<\/a><a href=\"http:\/\/yourboat.es\/wp-content\/uploads\/2024\/05\/Terms-Your-Boat-EN.pdf\" class=\"wp-block-file__button wp-element-button\" download=\"\" aria-describedby=\"wp-block-file--media-5ac6aff5-3d97-4cf7-b44e-9a646356f055\">Herunterladen<\/a><\/div>\n\n<div class=\"wp-block-file\" data-block-type=\"core\"><a id=\"wp-block-file--media-6ccda2f3-07c3-49fe-9fe5-c35af7f7c38e\" href=\"http:\/\/yourboat.es\/wp-content\/uploads\/2024\/05\/Terms-Your-Boat-ES.pdf\" target=\"_blank\" rel=\"noreferrer noopener\">Bedingungen-Ihr-Schiff-ES<\/a><a href=\"http:\/\/yourboat.es\/wp-content\/uploads\/2024\/05\/Terms-Your-Boat-ES.pdf\" class=\"wp-block-file__button wp-element-button\" download=\"\" aria-describedby=\"wp-block-file--media-6ccda2f3-07c3-49fe-9fe5-c35af7f7c38e\">Herunterladen<\/a><\/div>\n\n<div class=\"wp-block-stackable-spacer stk-block-spacer stk--no-padding stk-block stk-5fc26f0\" data-block-id=\"5fc26f0\"><style>.stk-5fc26f0{height:50px !important}<\/style><\/div>\n","protected":false},"excerpt":{"rendered":"<p>Bedingungen und Konditionen 1 VORSCHRIFTEN F\u00dcR ELEKTRONISCHE DIENSTLEISTUNGEN Das Reglement f\u00fcr die Erbringung elektronischer Dienstleistungen, nachstehend Reglement genannt, legt die Regeln f\u00fcr die Erbringung elektronischer Dienstleistungen unter der Internetadresse yourboat.es fest, die von EMALLORCA PARTNERS SLU, C\/Mimosa 4 07169 CAMP DE MAR IIIes Balears, ESB57825721, Stammkapital \u20ac3000, eingetragen im Registro Mercantil, E-Mail: info@yourboat.es, betrieben wird. [&hellip;]<\/p>\n","protected":false},"author":3,"featured_media":0,"parent":0,"menu_order":0,"comment_status":"closed","ping_status":"closed","template":"","meta":{"_acf_changed":false,"inline_featured_image":false,"footnotes":""},"class_list":["post-2015","page","type-page","status-publish","hentry"],"blocksy_meta":[],"acf":[],"_links":{"self":[{"href":"https:\/\/yourboat.es\/de\/wp-json\/wp\/v2\/pages\/2015","targetHints":{"allow":["GET"]}}],"collection":[{"href":"https:\/\/yourboat.es\/de\/wp-json\/wp\/v2\/pages"}],"about":[{"href":"https:\/\/yourboat.es\/de\/wp-json\/wp\/v2\/types\/page"}],"author":[{"embeddable":true,"href":"https:\/\/yourboat.es\/de\/wp-json\/wp\/v2\/users\/3"}],"replies":[{"embeddable":true,"href":"https:\/\/yourboat.es\/de\/wp-json\/wp\/v2\/comments?post=2015"}],"version-history":[{"count":3,"href":"https:\/\/yourboat.es\/de\/wp-json\/wp\/v2\/pages\/2015\/revisions"}],"predecessor-version":[{"id":6112,"href":"https:\/\/yourboat.es\/de\/wp-json\/wp\/v2\/pages\/2015\/revisions\/6112"}],"wp:attachment":[{"href":"https:\/\/yourboat.es\/de\/wp-json\/wp\/v2\/media?parent=2015"}],"curies":[{"name":"wp","href":"https:\/\/api.w.org\/{rel}","templated":true}]}}