{"id":2090,"date":"2024-05-06T07:41:02","date_gmt":"2024-05-06T07:41:02","guid":{"rendered":"https:\/\/yourboat.es\/datenschutzbestimmungen\/"},"modified":"2025-08-24T21:13:34","modified_gmt":"2025-08-24T21:13:34","slug":"datenschutzbestimmungen","status":"publish","type":"page","link":"https:\/\/yourboat.es\/de\/datenschutzbestimmungen\/","title":{"rendered":"Datenschutzbestimmungen"},"content":{"rendered":"\n<div class=\"wp-block-stackable-columns alignfull stk-block-columns stk--hide-tablet stk--hide-mobile stk-block stk-033dfc7 stk-block-background\" data-block-id=\"033dfc7\"><style>.stk-033dfc7 {background-color:var(--theme-palette-color-2, \t #133252) !important;min-height:100px !important;padding-bottom:0px !important;margin-bottom:0px !important;}.stk-033dfc7:before{background-color:var(--theme-palette-color-2, \t #133252) !important;}.stk-033dfc7-column{--stk-column-gap:35px !important;}@media screen and (max-width:999px){.stk-033dfc7 {padding-top:250px !important;padding-bottom:150px !important;}}@media screen and (max-width:689px){.stk-033dfc7 {padding-top:150px !important;padding-bottom:100px !important;}}<\/style><div class=\"stk-row stk-inner-blocks has-text-align-center stk-block-content stk-content-align stk-033dfc7-column\">\n<div class=\"wp-block-stackable-column stk-block-column stk-column stk-block stk-7a5cd5a\" data-v=\"4\" data-block-id=\"7a5cd5a\"><style>.stk-7a5cd5a-container{margin-top:0px !important;margin-right:0px !important;margin-bottom:0px !important;margin-left:0px !important;}<\/style><div class=\"stk-column-wrapper stk-block-column__content stk-container stk-7a5cd5a-container stk--no-background stk--no-padding\"><div class=\"has-text-align-center-tablet stk-block-content stk-inner-blocks stk-7a5cd5a-inner-blocks\"><\/div><\/div><\/div>\n<\/div><\/div>\n\n<div class=\"wp-block-stackable-spacer stk-block-spacer stk--no-padding stk-block stk-49f7382\" data-block-id=\"49f7382\"><\/div>\n\n<div class=\"wp-block-stackable-heading stk-block-heading stk-block-heading--v2 stk-block stk-96c0cba\" id=\"privacy-policy-your-boat-es\" data-block-id=\"96c0cba\"><style>.stk-96c0cba {margin-bottom:0px !important;}.stk-96c0cba .stk-block-heading__text{font-size:60px !important;color:var(--theme-palette-color-2, \t #133252) !important;line-height:1.3em !important;font-weight:800 !important;}@media screen and (max-width:999px){.stk-96c0cba .stk-block-heading__text{font-size:40px !important;}}@media screen and (max-width:689px){.stk-96c0cba .stk-block-heading__text{font-size:34px !important;}}<\/style><h1 class=\"stk-block-heading__text has-text-color\">Datenschutzerkl\u00e4rung &#8211; Ihr Boot ES<\/h1><\/div>\n\n<h2 class=\"wp-block-heading\" data-block-type=\"core\">Wer wir sind<\/h2>\n\n<p data-block-type=\"core\">Unsere Website-Adresse lautet: https:\/\/www.yourboat.es.<\/p>\n\n<p data-block-type=\"core\">Die Daten werden verwaltet und sind Eigentum von EMALLORCA PARTNERS SL <br\/>Calle Islas Canarias 33 P.I, Carrer de Son Bugales<br\/>Santa Ponsa 07180, Baleric<br\/>CIF: ESB57825721<\/p>\n\n<div class=\"wp-block-stackable-icon stk-block-icon has-text-align-center stk-block stk-2dca437\" data-block-id=\"2dca437\"><style>.stk-2dca437 .stk--svg-wrapper .stk--inner-svg svg:last-child{height:100px !important;width:100px !important;}<\/style><span class=\"stk--svg-wrapper\"><div class=\"stk--inner-svg\"><svg style=\"height:0;width:0\"><defs><lineargradient id=\"linear-gradient-2dca437\" x1=\"0\" x2=\"100%\" y1=\"0\" y2=\"0\"><stop offset=\"0%\" style=\"stop-opacity:1;stop-color:var(--linear-gradient-2-dca-437-color-1)\"><\/stop><stop offset=\"100%\" style=\"stop-opacity:1;stop-color:var(--linear-gradient-2-dca-437-color-2)\"><\/stop><\/lineargradient><\/defs><\/svg><svg class=\"ugb-custom-icon\" id=\"Layer_1\" data-name=\"Layer 1\" xmlns=\"http:\/\/www.w3.org\/2000\/svg\" viewbox=\"0 0 512 512\" aria-hidden=\"true\" width=\"32\" height=\"32\">\n  <defs>\n    <style>\n      .cls-1 {\n        fill: #3ea6cb;\n      }\n\n      .cls-1, .cls-2 {\n        stroke: #133253;\n        stroke-linecap: round;\n        stroke-linejoin: round;\n        stroke-width: 12px;\n      }\n\n      .cls-2 {\n        fill: #fff;\n      }\n    <\/style>\n  <\/defs>\n  <path class=\"cls-2\" d=\"m256,10C120.02,10,10,120.04,10,256s109.84,246,246,246,246-110.92,246-246S391.96,10,256,10\"><\/path>\n  <path class=\"cls-1\" d=\"m405.32,451.57h0c-41.39,31.65-93.14,50.43-149.32,50.43s-107.92-18.78-149.31-50.42c7.25-76.08,71.33-135.58,149.31-135.58s142.05,59.49,149.32,135.57\"><\/path>\n  <path class=\"cls-1\" d=\"m256,116c44.11,0,80,35.89,80,80s-35.89,80-80,80-80-35.89-80-80,35.89-80,80-80\"><\/path>\n<\/svg><\/div><\/span><\/div>\n\n<h3 class=\"wp-block-heading\" data-block-type=\"core\">  1 ALLGEMEINE BESTIMMUNGEN<\/h3>\n\n<ol class=\"wp-block-list\" data-block-type=\"core\">\n<li data-block-type=\"core\">Der Verantwortliche f\u00fcr die dem Dienstleister zur Verf\u00fcgung gestellten personenbezogenen Daten des Dienstleistungsempf\u00e4ngers.<\/li>\n\n\n\n<li data-block-type=\"core\">Der Dienstanbieter erkl\u00e4rt, dass die personenbezogenen Daten des Dienstleistungsempf\u00e4ngers nicht an Drittl\u00e4nder oder internationale Organisationen \u00fcbermittelt werden.<\/li>\n\n\n\n<li data-block-type=\"core\">Der Service-Provider stellt eine E-Mail-Adresse f\u00fcr Service-Empf\u00e4nger zur Verf\u00fcgung.<\/li>\n\n\n\n<li data-block-type=\"core\">Die Definitionen, die den Begriffen gem\u00e4\u00df \u00a72 der Verordnungen zugewiesen wurden, gelten auch in dieser Datenschutzrichtlinie und der Cookie-Richtlinie.<\/li>\n<\/ol>\n\n<h3 class=\"wp-block-heading\" data-block-type=\"core\">2 DATENVERARBEITUNG<\/h3>\n\n<ol class=\"wp-block-list\" data-block-type=\"core\">\n<li data-block-type=\"core\">Der Dienstanbieter verarbeitet personenbezogene Daten von Dienstleistungsempf\u00e4ngern, darunter Name, Telefonnummer, E-Mail-Adresse, IP-Adresse, den Inhalt von Anfragen\/Beschwerden\/Bemerkungen sowie Kennungen und Informationen, die \u00fcber Cookies gesammelt werden.<\/li>\n\n\n\n<li data-block-type=\"core\">Die pers\u00f6nlichen Daten von Service-Empf\u00e4ngern werden in Systemprotokollen aufgezeichnet.<\/li>\n\n\n\n<li data-block-type=\"core\">Der Dienstanbieter verarbeitet die personenbezogenen Daten von Dienstleistungsempf\u00e4ngern, die die Website nutzen, zu folgenden Zwecken:<br\/>a) Versand von Newslettern.<br\/>b) Erf\u00fcllung eines Vertrags \u00fcber die Erbringung elektronischer Dienstleistungen bez\u00fcglich der Bereitstellung von Website-Ressourcen.<br\/>c) Bearbeitung von Anfragen\/Bemerkungen.<br\/>d) Bearbeitung von Beschwerden.<br\/>e) Technische und administrative Zwecke im Zusammenhang mit der Gew\u00e4hrleistung der Sicherheit und der Verwaltung des IT-Systems.<br\/>f) Durchf\u00fchrung der E-Mail-Korrespondenz zwischen dem Dienstanbieter und dem Dienstleistungsempf\u00e4nger im Zusammenhang mit den gesch\u00e4ftlichen Aktivit\u00e4ten des Dienstanbieters.<br\/>g) Verfolgung oder Feststellung von Anspr\u00fcchen oder deren Abwehr.<\/li>\n\n\n\n<li data-block-type=\"core\">Die Daten werden im Zusammenhang mit der Erf\u00fcllung eines Vertrages, auf der Grundlage einer Einwilligung, infolge einer gesetzlichen Verpflichtung und auf der Grundlage des berechtigten Interesses des f\u00fcr die Verarbeitung Verantwortlichen verarbeitet.<\/li>\n<\/ol>\n\n<h3 class=\"wp-block-heading\" data-block-type=\"core\">3 DATENEMPF\u00c4NGER<\/h3>\n\n<ol class=\"wp-block-list\" data-block-type=\"core\">\n<li data-block-type=\"core\">Der Dienstanbieter kann, soweit erforderlich, die personenbezogenen Daten des Dienstleistungsempf\u00e4ngers an externe Stellen weitergeben.<\/li>\n\n\n\n<li data-block-type=\"core\">Der Dienstanbieter beh\u00e4lt sich das Recht vor, die pers\u00f6nlichen Daten des Dienstleistungsempf\u00e4ngers an zust\u00e4ndige Beh\u00f6rden oder Dritte weiterzugeben, die einen entsprechenden Antrag stellen.<\/li>\n\n\n\n<li data-block-type=\"core\">Die \u00dcbermittlung personenbezogener Daten erfolgt auf der Grundlage eines Datenverarbeitungsvertrags im Sinne von Artikel 28 Absatz 3 der Datenschutz-Grundverordnung.<\/li>\n<\/ol>\n\n<h3 class=\"wp-block-heading\" data-block-type=\"core\">4 RECHTE DES DIENSTLEISTUNGSEMPF\u00c4NGERS<\/h3>\n\n<ol class=\"wp-block-list\" data-block-type=\"core\">\n<li data-block-type=\"core\">Der Dienstleistungsempf\u00e4nger hat das Recht auf st\u00e4ndigen Zugang zu seinen pers\u00f6nlichen Daten.<\/li>\n\n\n\n<li data-block-type=\"core\">Die Bestimmungen von \u00a74(2) gelten nicht, soweit die Verarbeitung gem\u00e4\u00df Artikel 17(3)(e) der DSGVO erforderlich ist.<\/li>\n\n\n\n<li data-block-type=\"core\">Der Dienstleistungsempf\u00e4nger hat das Recht, eine Best\u00e4tigung der Verarbeitung seiner personenbezogenen Daten, Informationen \u00fcber die Zwecke der Verarbeitung, die Kategorien personenbezogener Daten und Informationen \u00fcber die Quellen der Datenerhebung zu erhalten.<\/li>\n\n\n\n<li data-block-type=\"core\">Der Dienstleistungsempf\u00e4nger hat das Recht, die Einschr\u00e4nkung der Verarbeitung seiner personenbezogenen Daten durch den Dienstleistungsanbieter zu verlangen.<\/li>\n\n\n\n<li data-block-type=\"core\">Der Dienstleistungsempf\u00e4nger hat das Recht, der Verarbeitung seiner personenbezogenen Daten zu widersprechen.<\/li>\n\n\n\n<li data-block-type=\"core\">Der Dienstleistungsempf\u00e4nger kann seine Zustimmung zur Verarbeitung personenbezogener Daten jederzeit widerrufen.<\/li>\n\n\n\n<li data-block-type=\"core\">Der Dienstleistungsempf\u00e4nger hat das Recht, beim Pr\u00e4sidenten des Amtes f\u00fcr den Schutz personenbezogener Daten eine Beschwerde einzureichen.<\/li>\n\n\n\n<li data-block-type=\"core\">Unbeschadet des in \u00a74(8) genannten Rechts hat der Dienstleistungsempf\u00e4nger gem\u00e4\u00df Artikel 79(1) der DSGVO das Recht, den Rechtsweg zu beschreiten.<\/li>\n\n\n\n<li data-block-type=\"core\">Der Dienstleistungsempf\u00e4nger hat das Recht, vom Dienstleistungserbringer die dem Dienstleistungserbringer zur Verf\u00fcgung gestellten pers\u00f6nlichen Daten im PDF-Format zu erhalten.<\/li>\n\n\n\n<li data-block-type=\"core\">Auf Verlangen des Dienstleistungsempf\u00e4ngers ist der Dienstleister verpflichtet, personenbezogene Daten in der in \u00a74(10) genannten Form an einen anderen f\u00fcr die Verarbeitung Verantwortlichen zu \u00fcbermitteln.<\/li>\n<\/ol>\n\n<h3 class=\"wp-block-heading\" data-block-type=\"core\">5 DATENSICHERHEIT<\/h3>\n\n<ol class=\"wp-block-list\" data-block-type=\"core\">\n<li data-block-type=\"core\">Die personenbezogenen Daten von Dienstleistungsempf\u00e4ngern werden vom Dienstanbieter nicht l\u00e4nger aufbewahrt, als es f\u00fcr die Zwecke, f\u00fcr die die Daten verarbeitet werden, erforderlich ist.<\/li>\n\n\n\n<li data-block-type=\"core\">Der Dienstanbieter sch\u00fctzt die ihm zur Verf\u00fcgung gestellten pers\u00f6nlichen Daten.<\/li>\n\n\n\n<li data-block-type=\"core\">Der Dienstanbieter informiert die Aufsichtsbeh\u00f6rde \u00fcber F\u00e4lle von Verletzungen der Sicherheit personenbezogener Daten.<\/li>\n\n\n\n<li data-block-type=\"core\">Der Dienstanbieter benachrichtigt die betroffene Person \u00fcber eine solche Verletzung.<\/li>\n\n\n\n<li data-block-type=\"core\">Der Dienstanbieter gibt die pers\u00f6nlichen Daten des Dienstleistungsempf\u00e4ngers nicht an Dritte weiter.<\/li>\n<\/ol>\n\n<h3 class=\"wp-block-heading\" data-block-type=\"core\">\u00a76 COOKIES-RICHTLINIE<\/h3>\n\n<ol class=\"wp-block-list\" data-block-type=\"core\">\n<li data-block-type=\"core\">Die Internetplattform verwendet Cookies.<\/li>\n\n\n\n<li data-block-type=\"core\">Cookies werden f\u00fcr die Nutzung des Internetdienstes verwendet.<\/li>\n\n\n\n<li data-block-type=\"core\">Durch Cookies erh\u00e4lt der Dienstanbieter Informationen \u00fcber den Browser, die Software und das Endger\u00e4t des Dienstleistungsempf\u00e4ngers.<\/li>\n\n\n\n<li data-block-type=\"core\">Der Dienstanbieter platziert Cookies auf dem Endger\u00e4t und hat Zugriff auf sie.<\/li>\n\n\n\n<li data-block-type=\"core\">Die folgenden Arten von Cookies werden im Rahmen des Dienstes verwendet:<br\/>a) Sitzungscookies.<br\/>b) Dauerhafte Cookies.<br\/>c) Direkte Cookies.<br\/>d) Externe Cookies.<\/li>\n\n\n\n<li data-block-type=\"core\">Der Dienstanbieter verwendet Cookies, um eine Sitzung aufrechtzuerhalten, w\u00e4hrend der Dienstleistungsempf\u00e4nger die Website nutzt.<\/li>\n\n\n\n<li data-block-type=\"core\">Der Dienstleistungsempf\u00e4nger hat die M\u00f6glichkeit, die Einstellungen von &#8222;Cookies&#8220; in dem von ihm verwendeten Internetbrowser zu \u00e4ndern.<\/li>\n\n\n\n<li data-block-type=\"core\">Der Service-Empf\u00e4nger kann die automatische Handhabung von &#8222;Cookies&#8220; blockieren.<\/li>\n<\/ol>\n\n<p data-block-type=\"core\">Weitere Informationen \u00fcber Cookies von dieser Website finden Sie <a href=\"https:\/\/yourboat.es\/de\/cookie-richtlinie-eu\/\" data-type=\"link\" data-id=\"https:\/\/yourboat.es\/cookie-policy-eu\/\">hier<\/a><\/p>\n\n<div class=\"wp-block-file\" data-block-type=\"core\"><a id=\"wp-block-file--media-e59755d6-5a4d-4918-98d8-becdcc4143f4\" href=\"http:\/\/yourboat.es\/wp-content\/uploads\/2024\/05\/Privacy-Policy-Your-Boat-EN-1.pdf\">Datenschutz &#8211; Ihr Boot &#8211; DE-1<\/a><a href=\"http:\/\/yourboat.es\/wp-content\/uploads\/2024\/05\/Privacy-Policy-Your-Boat-EN-1.pdf\" class=\"wp-block-file__button wp-element-button\" download=\"\" aria-describedby=\"wp-block-file--media-e59755d6-5a4d-4918-98d8-becdcc4143f4\">Herunterladen<\/a><\/div>\n\n<div class=\"wp-block-file\" data-block-type=\"core\"><a id=\"wp-block-file--media-ad28661d-588a-4e32-966b-2e3c7f9daa8e\" href=\"http:\/\/yourboat.es\/wp-content\/uploads\/2024\/05\/Privacy-Policy-Your-Boat-ES-1.pdf\">Datenschutz f\u00fcr Ihr Boot-ES-1<\/a><a href=\"http:\/\/yourboat.es\/wp-content\/uploads\/2024\/05\/Privacy-Policy-Your-Boat-ES-1.pdf\" class=\"wp-block-file__button wp-element-button\" download=\"\" aria-describedby=\"wp-block-file--media-ad28661d-588a-4e32-966b-2e3c7f9daa8e\">Herunterladen<\/a><\/div>\n","protected":false},"excerpt":{"rendered":"<p>Datenschutzerkl\u00e4rung &#8211; Ihr Boot ES Wer wir sind Unsere Website-Adresse lautet: https:\/\/www.yourboat.es. Die Daten werden verwaltet und sind Eigentum von EMALLORCA PARTNERS SL Calle Islas Canarias 33 P.I, Carrer de Son BugalesSanta Ponsa 07180, BalericCIF: ESB57825721 1 ALLGEMEINE BESTIMMUNGEN 2 DATENVERARBEITUNG 3 DATENEMPF\u00c4NGER 4 RECHTE DES DIENSTLEISTUNGSEMPF\u00c4NGERS 5 DATENSICHERHEIT \u00a76 COOKIES-RICHTLINIE Weitere Informationen \u00fcber Cookies [&hellip;]<\/p>\n","protected":false},"author":3,"featured_media":0,"parent":0,"menu_order":0,"comment_status":"closed","ping_status":"open","template":"","meta":{"_acf_changed":false,"inline_featured_image":false,"footnotes":""},"class_list":["post-2090","page","type-page","status-publish","hentry"],"blocksy_meta":{"has_hero_section":"default","hero_alignment1":{"desktop":"center","tablet":"center","mobile":"center"},"styles_descriptor":{"styles":{"desktop":"","tablet":"","mobile":""},"google_fonts":[],"version":6}},"acf":[],"_links":{"self":[{"href":"https:\/\/yourboat.es\/de\/wp-json\/wp\/v2\/pages\/2090","targetHints":{"allow":["GET"]}}],"collection":[{"href":"https:\/\/yourboat.es\/de\/wp-json\/wp\/v2\/pages"}],"about":[{"href":"https:\/\/yourboat.es\/de\/wp-json\/wp\/v2\/types\/page"}],"author":[{"embeddable":true,"href":"https:\/\/yourboat.es\/de\/wp-json\/wp\/v2\/users\/3"}],"replies":[{"embeddable":true,"href":"https:\/\/yourboat.es\/de\/wp-json\/wp\/v2\/comments?post=2090"}],"version-history":[{"count":6,"href":"https:\/\/yourboat.es\/de\/wp-json\/wp\/v2\/pages\/2090\/revisions"}],"predecessor-version":[{"id":3916,"href":"https:\/\/yourboat.es\/de\/wp-json\/wp\/v2\/pages\/2090\/revisions\/3916"}],"wp:attachment":[{"href":"https:\/\/yourboat.es\/de\/wp-json\/wp\/v2\/media?parent=2090"}],"curies":[{"name":"wp","href":"https:\/\/api.w.org\/{rel}","templated":true}]}}