{"id":4404,"date":"2025-03-06T21:42:11","date_gmt":"2025-03-06T21:42:11","guid":{"rendered":"https:\/\/yourboat.es\/dienstleistungen\/"},"modified":"2026-04-21T12:45:04","modified_gmt":"2026-04-21T12:45:04","slug":"dienstleistungen","status":"publish","type":"page","link":"https:\/\/yourboat.es\/de\/dienstleistungen\/","title":{"rendered":"Dienstleistungen"},"content":{"rendered":"\n<p style=\"margin-right:0;margin-left:0;padding-right:var(--wp--preset--spacing--70);padding-left:var(--wp--preset--spacing--70)\" data-block-type=\"core\"><\/p>\n\n<div class=\"wp-block-stackable-columns alignfull stk-block-columns stk--hide-tablet stk--hide-mobile stk-block stk-085f4f1 stk-block-background\" data-block-id=\"085f4f1\"><style>.stk-085f4f1 {background-color:var(--theme-palette-color-2, \t #133252) !important;min-height:10vh !important;margin-top:-30px !important;margin-bottom:0px !important;}.stk-085f4f1:before{background-color:var(--theme-palette-color-2, \t #133252) !important;}.stk-085f4f1-column{--stk-column-gap:34px !important;}@media screen and (max-width:999px){.stk-085f4f1 {padding-top:250px !important;padding-bottom:150px !important;}}@media screen and (max-width:689px){.stk-085f4f1 {background-position:bottom left !important;background-repeat:no-repeat !important;background-size:cover !important;min-height:680px !important;padding-top:150px !important;padding-bottom:100px !important;}}<\/style><div class=\"stk-row stk-inner-blocks stk-block-content stk-content-align stk-085f4f1-column\">\n<div class=\"wp-block-stackable-column stk-block-column stk-column stk-block stk-4246698\" data-v=\"4\" data-block-id=\"4246698\"><style>.stk-4246698-container{margin-top:0px !important;margin-right:0px !important;margin-bottom:0px !important;margin-left:0px !important;}<\/style><div class=\"stk-column-wrapper stk-block-column__content stk-container stk-4246698-container stk--no-background stk--no-padding\"><div class=\"has-text-align-center-tablet stk-block-content stk-inner-blocks stk-4246698-inner-blocks\">\n<div class=\"wp-block-stackable-spacer stk-block-spacer stk--no-padding stk-block stk-deb984a\" data-block-id=\"deb984a\"><style>.stk-deb984a {height:200px !important;}<\/style><\/div>\n<\/div><\/div><\/div>\n<\/div><\/div>\n\n<p style=\"margin-right:0;margin-left:0;padding-right:var(--wp--preset--spacing--70);padding-left:var(--wp--preset--spacing--70)\" data-block-type=\"core\"><\/p>\n\n<div class=\"wp-block-stackable-columns stk-block-columns stk-block stk-e08b614\" data-block-id=\"e08b614\" data-block-type=\"core\" data-block-type=\"core\"><style>.stk-e08b614 {margin-bottom:30px !important;}.stk-e08b614-column{--stk-column-gap:30px !important;row-gap:30px !important;}@media screen and (max-width:689px){.stk-e08b614 {max-width:410px !important;min-width:auto !important;margin-right:auto !important;margin-left:auto !important;}}<\/style><div class=\"stk-row stk-inner-blocks stk-block-content stk-content-align stk-e08b614-column\">\n<div class=\"wp-block-stackable-column stk-block-column stk-column stk-block stk-fc9c699\" data-v=\"4\" data-block-id=\"fc9c699\"><style>.stk-fc9c699-container{margin-top:0px !important;margin-right:0px !important;margin-bottom:0px !important;margin-left:0px !important;background-color:var(--theme-palette-color-2, \t #133252) !important;background-image:url(https:\/\/yourboat.es\/wp-content\/uploads\/2024\/06\/WhatsApp-Image-2024-06-19-at-15.36.37.jpeg) !important;background-position:center right !important;min-height:400px !important;padding-top:55px !important;padding-right:45px !important;padding-bottom:50px !important;padding-left:45px !important;}.stk-fc9c699-container:hover{background-color:var(--theme-palette-color-2, \t #133252) !important;}.stk-fc9c699-container:before{background-color:var(--theme-palette-color-2, \t #133252) !important;opacity:0.9 !important;}.stk-fc9c699-container:hover:before{background-color:var(--theme-palette-color-2, \t #133252) !important;opacity:0.6 !important;}<\/style><div class=\"stk-column-wrapper stk-block-column__content stk-container stk-fc9c699-container stk-hover-parent stk--has-background-overlay\"><div class=\"stk-block-content stk-inner-blocks stk-fc9c699-inner-blocks\">\n<div class=\"wp-block-stackable-heading stk-block-heading stk-block-heading--v2 stk-block stk-2967449\" id=\"test-center\" data-block-id=\"2967449\"><style>.stk-2967449 {margin-bottom:5px !important;}.stk-2967449 .stk-block-heading__text{font-size:20px !important;color:var(--theme-palette-color-8, #ffffff) !important;}:where(.stk-hover-parent:hover,  .stk-hover-parent.stk--is-hovered) .stk-2967449 .stk-block-heading__text{color:var(--theme-palette-color-6, #F3F5F7) !important;}@media screen and (max-width:999px){.stk-2967449 .stk-block-heading__text{font-size:20px !important;}}<\/style><h3 class=\"stk-block-heading__text has-text-color\">Test Center<\/h3><\/div>\n\n\n\n<div class=\"wp-block-stackable-text stk-block-text stk-block stk-d560ff0\" data-block-id=\"d560ff0\"><style>.stk-d560ff0 .stk-block-text__text{color:#c2c2c2 !important;}.stk-d560ff0 .stk-block-text__text:hover{color:var(--theme-palette-color-8, #ffffff) !important;}:where(.stk-hover-parent:hover,  .stk-hover-parent.stk--is-hovered) .stk-d560ff0 .stk-block-text__text{color:var(--theme-palette-color-6, #F3F5F7) !important;}<\/style><p class=\"stk-block-text__text has-text-color\">geben wir Ihnen die M\u00f6glichkeit, Ihr Traumboot zu erleben, bevor Sie sich festlegen. Unser Testcenter bietet Ihnen die M\u00f6glichkeit, das Boot unter Anleitung unseres Expertenteams auf dem Wasser auszuprobieren, damit Sie die Leistung, den Komfort und das Handling selbst erleben k\u00f6nnen. <\/p><\/div>\n<\/div><a class=\"stk-link stk-block-link stk--transparent-overlay\" href=\"https:\/\/yourboat.es\/de\/details-zum-autohaus\/\" aria-hidden=\"true\" tabindex=\"-1\"><\/a><\/div><\/div>\n\n\n\n<div class=\"wp-block-stackable-column stk-block-column stk-column stk-block stk-c449828\" data-v=\"4\" data-block-id=\"c449828\"><style>.stk-c449828-container{margin-top:0px !important;margin-right:0px !important;margin-bottom:0px !important;margin-left:0px !important;background-color:var(--theme-palette-color-2, \t #133252) !important;background-image:url(https:\/\/yourboat.es\/wp-content\/uploads\/2026\/04\/Charter-BG-scaled.png) !important;border-top-left-radius:8px !important;border-top-right-radius:8px !important;border-bottom-right-radius:8px !important;border-bottom-left-radius:8px !important;overflow:hidden !important;min-height:400px !important;padding-top:55px !important;padding-right:45px !important;padding-bottom:50px !important;padding-left:45px !important;}.stk-c449828-container:hover{background-color:var(--theme-palette-color-2, \t #133252) !important;}.stk-c449828-container:before{background-color:var(--theme-palette-color-2, \t #133252) !important;opacity:0.9 !important;}.stk-c449828-container:hover:before{background-color:var(--theme-palette-color-2, \t #133252) !important;opacity:0.6 !important;}<\/style><div class=\"stk-column-wrapper stk-block-column__content stk-container stk-c449828-container stk-hover-parent stk--has-background-overlay\"><div class=\"stk-block-content stk-inner-blocks stk-c449828-inner-blocks\">\n<div class=\"wp-block-stackable-heading stk-block-heading stk-block-heading--v2 stk-block stk-f7effd5\" id=\"strong-o-charter-companies-strong\" data-block-id=\"f7effd5\"><style>.stk-f7effd5 {margin-bottom:0px !important;}.stk-f7effd5 .stk-block-heading__text{font-size:20px !important;color:var(--theme-palette-color-8, #ffffff) !important;}.stk-f7effd5 .stk-block-heading__text:hover{color:var(--theme-palette-color-8, #ffffff) !important;}@media screen and (max-width:999px){.stk-f7effd5 .stk-block-heading__text{font-size:40px !important;}}@media screen and (max-width:689px){.stk-f7effd5 .stk-block-heading__text{font-size:20px !important;}}<\/style><h3 class=\"stk-block-heading__text has-text-color\">Charterunternehmen Sonderangebot<\/h3><\/div>\n\n\n\n<div class=\"wp-block-stackable-text stk-block-text stk-block stk-f8ab3aa\" data-block-id=\"f8ab3aa\"><style>.stk-f8ab3aa {margin-bottom:60px !important;}.stk-f8ab3aa .stk-block-text__text{color:#c2c2c2 !important;}:where(.stk-hover-parent:hover,  .stk-hover-parent.stk--is-hovered) .stk-f8ab3aa .stk-block-text__text{color:var(--theme-palette-color-7, #FBFBFC) !important;}<\/style><p class=\"stk-block-text__text has-text-color has-text-align-left\">Bei Your Boat bieten wir spezielle Angebote f\u00fcr Boote f\u00fcr Charterunternehmen. Ganz gleich, ob Sie expandieren oder aufr\u00fcsten wollen, unsere exklusiven Angebote garantieren Ihnen den besten Wert. Holen Sie sich die richtigen Boote zum richtigen Preis. Lassen Sie uns zusammenarbeiten!   <\/p><\/div>\n<\/div><a class=\"stk-link stk-block-link stk--transparent-overlay\" href=\"https:\/\/yourboat.es\/de\/chartergesellschaften-bieten\/\" aria-hidden=\"true\" tabindex=\"-1\"><\/a><\/div><\/div>\n\n\n\n<div class=\"wp-block-stackable-column stk-block-column stk-column stk-block stk-f0a9bcb\" data-v=\"4\" data-block-id=\"f0a9bcb\"><style>.stk-f0a9bcb-container{margin-top:0px !important;margin-right:0px !important;margin-bottom:0px !important;margin-left:0px !important;background-color:var(--theme-palette-color-2, \t #133252) !important;background-image:url(https:\/\/yourboat.es\/wp-content\/uploads\/2025\/04\/IMG_7549-scaled.jpg) !important;min-height:400px !important;padding-top:55px !important;padding-right:45px !important;padding-bottom:50px !important;padding-left:45px !important;}.stk-f0a9bcb-container:hover{background-color:var(--theme-palette-color-2, \t #133252) !important;}.stk-f0a9bcb-container:before{background-color:var(--theme-palette-color-2, \t #133252) !important;opacity:0.9 !important;}.stk-f0a9bcb-container:hover:before{background-color:var(--theme-palette-color-2, \t #133252) !important;opacity:0.6 !important;}<\/style><div class=\"stk-column-wrapper stk-block-column__content stk-container stk-f0a9bcb-container stk-hover-parent stk--has-background-overlay\"><div class=\"stk-block-content stk-inner-blocks stk-f0a9bcb-inner-blocks\">\n<div class=\"wp-block-stackable-heading stk-block-heading stk-block-heading--v2 stk-block stk-8da4059\" id=\"our-partners\" data-block-id=\"8da4059\"><style>.stk-8da4059 .stk-block-heading__text{font-size:20px !important;color:var(--theme-palette-color-8, #ffffff) !important;line-height:1.3em !important;font-weight:800 !important;}@media screen and (max-width:999px){.stk-8da4059 .stk-block-heading__text{font-size:40px !important;}}@media screen and (max-width:689px){.stk-8da4059 .stk-block-heading__text{font-size:29px !important;}}<\/style><h1 class=\"stk-block-heading__text has-text-color has-text-align-left\">Unsere Partner<\/h1><\/div>\n\n\n\n<div class=\"wp-block-stackable-text stk-block-text stk-block stk-84872b5\" data-block-id=\"84872b5\"><style>.stk-84872b5 .stk-block-text__text{color:#c2c2c2 !important;}.stk-84872b5 .stk-block-text__text:hover{color:var(--theme-palette-color-8, #ffffff) !important;}:where(.stk-hover-parent:hover,  .stk-hover-parent.stk--is-hovered) .stk-84872b5 .stk-block-text__text{color:var(--theme-palette-color-7, #FBFBFC) !important;}<\/style><p class=\"stk-block-text__text has-text-color\">Wir bauen unser H\u00e4ndlernetz kontinuierlich und dynamisch aus und schlie\u00dfen starke Partnerschaften mit vertrauensw\u00fcrdigen Fachleuten aus der gesamten Branche. Gegenw\u00e4rtig sind wir in den wichtigsten spanischen Reisezielen vertreten&#8230; <\/p><\/div>\n<\/div><a class=\"stk-link stk-block-link stk--transparent-overlay\" href=\"https:\/\/yourboat.es\/de\/vertriebspartner\/\" aria-hidden=\"true\" tabindex=\"-1\"><\/a><\/div><\/div>\n<\/div><\/div>\n\n<div class=\"wp-block-stackable-columns stk-block-columns stk-block stk-e6ceb12\" data-block-id=\"e6ceb12\"><style>.stk-e6ceb12 {margin-bottom:0px !important;}.stk-e6ceb12-column{--stk-column-gap:30px !important;row-gap:30px !important;}@media screen and (max-width:689px){.stk-e6ceb12 {max-width:410px !important;min-width:auto !important;margin-right:auto !important;margin-left:auto !important;}}<\/style><div class=\"stk-row stk-inner-blocks stk-block-content stk-content-align stk-e6ceb12-column\">\n<div class=\"wp-block-stackable-column stk-block-column stk-column stk-block stk-67080b5\" data-v=\"4\" data-block-id=\"67080b5\"><style>.stk-67080b5-container{margin-top:0px !important;margin-right:0px !important;margin-bottom:0px !important;margin-left:0px !important;background-color:var(--theme-palette-color-2, \t #133252) !important;background-image:url(https:\/\/yourboat.es\/wp-content\/uploads\/2025\/05\/boat_render_4-v2.png) !important;border-top-left-radius:8px !important;border-top-right-radius:8px !important;border-bottom-right-radius:8px !important;border-bottom-left-radius:8px !important;overflow:hidden !important;min-height:400px !important;padding-top:55px !important;padding-right:45px !important;padding-bottom:50px !important;padding-left:45px !important;}.stk-67080b5-container:hover{background-color:var(--theme-palette-color-2, \t #133252) !important;}.stk-67080b5-container:before{background-color:var(--theme-palette-color-2, \t #133252) !important;opacity:0.9 !important;}.stk-67080b5-container:hover:before{background-color:var(--theme-palette-color-2, \t #133252) !important;opacity:0.6 !important;}<\/style><div class=\"stk-column-wrapper stk-block-column__content stk-container stk-67080b5-container stk-hover-parent stk--has-background-overlay\"><div class=\"stk-block-content stk-inner-blocks stk-67080b5-inner-blocks\">\n<div class=\"wp-block-stackable-heading stk-block-heading stk-block-heading--v2 stk-block stk-a258fae\" id=\"engine-installation\" data-block-id=\"a258fae\"><style>.stk-a258fae {margin-bottom:5px !important;}.stk-a258fae .stk-block-heading__text{font-size:20px !important;color:var(--theme-palette-color-8, #ffffff) !important;}:where(.stk-hover-parent:hover,  .stk-hover-parent.stk--is-hovered) .stk-a258fae .stk-block-heading__text{color:var(--theme-palette-color-6, #F3F5F7) !important;}@media screen and (max-width:999px){.stk-a258fae .stk-block-heading__text{font-size:20px !important;}}<\/style><h3 class=\"stk-block-heading__text has-text-color\">Einbau des Motors<\/h3><\/div>\n\n\n\n<div class=\"wp-block-stackable-text stk-block-text stk-block stk-368f5ea\" data-block-id=\"368f5ea\"><style>.stk-368f5ea .stk-block-text__text{color:#c2c2c2 !important;}.stk-368f5ea .stk-block-text__text:hover{color:var(--theme-palette-color-7, #FBFBFC) !important;}:where(.stk-hover-parent:hover,  .stk-hover-parent.stk--is-hovered) .stk-368f5ea .stk-block-text__text{color:var(--theme-palette-color-6, #F3F5F7) !important;}<\/style><p class=\"stk-block-text__text has-text-color\">Unsere qualifizierten Techniker bieten einen professionellen Motoreinbau an und sorgen daf\u00fcr, dass die Leistung Ihres Bootes optimiert wird. Wir arbeiten mit allen wichtigen Motorenmarken und verwenden modernste Ger\u00e4te, um einen reibungslosen Einbau zu gew\u00e4hrleisten.<\/p><\/div>\n<\/div><a class=\"stk-link stk-block-link stk--transparent-overlay\" href=\"https:\/\/yourboat.es\/de\/einbau-des-motors\/\" aria-hidden=\"true\" tabindex=\"-1\"><\/a><\/div><\/div>\n\n\n\n<div class=\"wp-block-stackable-column stk-block-column stk-column stk-block stk-a0e5155\" data-v=\"4\" data-block-id=\"a0e5155\"><style>.stk-a0e5155-container{margin-top:0px !important;margin-right:0px !important;margin-bottom:0px !important;margin-left:0px !important;background-color:var(--theme-palette-color-2, \t #133252) !important;background-image:url(https:\/\/yourboat.es\/wp-content\/uploads\/2024\/11\/IMG_8125-scaled.jpg) !important;min-height:400px !important;padding-top:55px !important;padding-right:45px !important;padding-bottom:50px !important;padding-left:45px !important;}.stk-a0e5155-container:hover{background-color:var(--theme-palette-color-2, \t #133252) !important;}.stk-a0e5155-container:before{background-color:var(--theme-palette-color-2, \t #133252) !important;opacity:0.9 !important;}.stk-a0e5155-container:hover:before{background-color:var(--theme-palette-color-2, \t #133252) !important;opacity:0.6 !important;}<\/style><div class=\"stk-column-wrapper stk-block-column__content stk-container stk-a0e5155-container stk-hover-parent stk--has-background-overlay\"><div class=\"stk-block-content stk-inner-blocks stk-a0e5155-inner-blocks\">\n<div class=\"wp-block-stackable-heading stk-block-heading stk-block-heading--v2 stk-block stk-3b9707e\" id=\"full-boat-customization\" data-block-id=\"3b9707e\"><style>.stk-3b9707e {margin-bottom:5px !important;}.stk-3b9707e .stk-block-heading__text{font-size:20px !important;color:var(--theme-palette-color-8, #ffffff) !important;}:where(.stk-hover-parent:hover,  .stk-hover-parent.stk--is-hovered) .stk-3b9707e .stk-block-heading__text{color:var(--theme-palette-color-6, #F3F5F7) !important;}@media screen and (max-width:999px){.stk-3b9707e .stk-block-heading__text{font-size:20px !important;}}<\/style><h3 class=\"stk-block-heading__text has-text-color\">Vollst\u00e4ndige Anpassung des Bootes  <\/h3><\/div>\n\n\n\n<div class=\"wp-block-stackable-text stk-block-text stk-block stk-2f348aa\" data-block-id=\"2f348aa\"><style>.stk-2f348aa .stk-block-text__text{color:#c2c2c2 !important;}.stk-2f348aa .stk-block-text__text:hover{color:var(--theme-palette-color-8, #ffffff) !important;}:where(.stk-hover-parent:hover,  .stk-hover-parent.stk--is-hovered) .stk-2f348aa .stk-block-text__text{color:var(--theme-palette-color-6, #F3F5F7) !important;}<\/style><p class=\"stk-block-text__text has-text-color\">Erwecken Sie Ihr Traumboot zum Leben mit unserem umfassenden Anpassungsservice. Von der Innenausstattung bis hin zu den Au\u00dfenmodifikationen arbeitet unser Expertenteam eng mit Ihnen zusammen, um ein Boot zu schaffen, das Ihren einzigartigen Stil und Ihre Vorlieben widerspiegelt.<\/p><\/div>\n<\/div><a class=\"stk-link stk-block-link stk--transparent-overlay\" href=\"https:\/\/yourboat.es\/de\/boot-anpassung\/\" aria-hidden=\"true\" tabindex=\"-1\"><\/a><\/div><\/div>\n\n\n\n<div class=\"wp-block-stackable-column stk-block-column stk-column stk-block stk-8a90ab0\" data-v=\"4\" data-block-id=\"8a90ab0\"><style>.stk-8a90ab0-container{margin-top:0px !important;margin-right:0px !important;margin-bottom:0px !important;margin-left:0px !important;background-color:var(--theme-palette-color-2, \t #133252) !important;background-image:url(https:\/\/yourboat.es\/wp-content\/uploads\/2025\/08\/boat-launching.png) !important;border-top-left-radius:8px !important;border-top-right-radius:8px !important;border-bottom-right-radius:8px !important;border-bottom-left-radius:8px !important;overflow:hidden !important;min-height:400px !important;padding-top:55px !important;padding-right:45px !important;padding-bottom:50px !important;padding-left:45px !important;}.stk-8a90ab0-container:hover{background-color:var(--theme-palette-color-2, \t #133252) !important;}.stk-8a90ab0-container:before{background-color:var(--theme-palette-color-2, \t #133252) !important;opacity:0.9 !important;}.stk-8a90ab0-container:hover:before{background-color:var(--theme-palette-color-2, \t #133252) !important;opacity:0.6 !important;}<\/style><div class=\"stk-column-wrapper stk-block-column__content stk-container stk-8a90ab0-container stk-hover-parent stk--has-background-overlay\"><div class=\"stk-block-content stk-inner-blocks stk-8a90ab0-inner-blocks\">\n<div class=\"wp-block-stackable-heading stk-block-heading stk-block-heading--v2 stk-block stk-abd035e\" id=\"boat-launching\" data-block-id=\"abd035e\"><style>.stk-abd035e {margin-bottom:5px !important;}.stk-abd035e .stk-block-heading__text{font-size:20px !important;color:var(--theme-palette-color-8, #ffffff) !important;}:where(.stk-hover-parent:hover,  .stk-hover-parent.stk--is-hovered) .stk-abd035e .stk-block-heading__text{color:var(--theme-palette-color-8, #ffffff) !important;}@media screen and (max-width:999px){.stk-abd035e .stk-block-heading__text{font-size:20px !important;}}<\/style><h3 class=\"stk-block-heading__text has-text-color\">Bootsanleger<\/h3><\/div>\n\n\n\n<div class=\"wp-block-stackable-text stk-block-text stk-block stk-cb89430\" data-block-id=\"cb89430\"><style>.stk-cb89430 .stk-block-text__text{color:#c2c2c2 !important;}.stk-cb89430 .stk-block-text__text:hover{color:var(--theme-palette-color-8, #ffffff) !important;}:where(.stk-hover-parent:hover,  .stk-hover-parent.stk--is-hovered) .stk-cb89430 .stk-block-text__text{color:var(--theme-palette-color-6, #F3F5F7) !important;}<\/style><p class=\"stk-block-text__text has-text-color\">Genie\u00dfen Sie einen reibungslosen und stressfreien Bootstransport mit unserem umfassenden Service. Wir k\u00fcmmern uns um alle Vorbereitungen, von der Handhabung des Trailers bis zur Einfahrt ins Wasser, damit Ihr Boot f\u00fcr seine Jungfernfahrt bereit ist.<\/p><\/div>\n<\/div><a class=\"stk-link stk-block-link stk--transparent-overlay\" href=\"https:\/\/yourboat.es\/de\/bootsanleger\/\" aria-hidden=\"true\" tabindex=\"-1\"><\/a><\/div><\/div>\n<\/div><\/div>\n\n<p style=\"margin-right:0;margin-left:0;padding-right:var(--wp--preset--spacing--70);padding-left:var(--wp--preset--spacing--70)\" data-block-type=\"core\"><\/p>\n\n<p style=\"margin-right:0;margin-left:0;padding-right:var(--wp--preset--spacing--70);padding-left:var(--wp--preset--spacing--70)\" data-block-type=\"core\"><\/p>\n","protected":false},"excerpt":{"rendered":"","protected":false},"author":3,"featured_media":0,"parent":0,"menu_order":0,"comment_status":"closed","ping_status":"closed","template":"","meta":{"_acf_changed":false,"inline_featured_image":false,"footnotes":""},"class_list":["post-4404","page","type-page","status-publish","hentry"],"blocksy_meta":[],"acf":[],"_links":{"self":[{"href":"https:\/\/yourboat.es\/de\/wp-json\/wp\/v2\/pages\/4404","targetHints":{"allow":["GET"]}}],"collection":[{"href":"https:\/\/yourboat.es\/de\/wp-json\/wp\/v2\/pages"}],"about":[{"href":"https:\/\/yourboat.es\/de\/wp-json\/wp\/v2\/types\/page"}],"author":[{"embeddable":true,"href":"https:\/\/yourboat.es\/de\/wp-json\/wp\/v2\/users\/3"}],"replies":[{"embeddable":true,"href":"https:\/\/yourboat.es\/de\/wp-json\/wp\/v2\/comments?post=4404"}],"version-history":[{"count":27,"href":"https:\/\/yourboat.es\/de\/wp-json\/wp\/v2\/pages\/4404\/revisions"}],"predecessor-version":[{"id":8310,"href":"https:\/\/yourboat.es\/de\/wp-json\/wp\/v2\/pages\/4404\/revisions\/8310"}],"wp:attachment":[{"href":"https:\/\/yourboat.es\/de\/wp-json\/wp\/v2\/media?parent=4404"}],"curies":[{"name":"wp","href":"https:\/\/api.w.org\/{rel}","templated":true}]}}