{"id":4427,"date":"2025-03-07T09:10:09","date_gmt":"2025-03-07T09:10:09","guid":{"rendered":"https:\/\/yourboat.es\/details-zum-autohaus\/"},"modified":"2026-04-12T18:26:15","modified_gmt":"2026-04-12T18:26:15","slug":"details-zum-autohaus","status":"publish","type":"page","link":"https:\/\/yourboat.es\/de\/details-zum-autohaus\/","title":{"rendered":"Boot Test Center"},"content":{"rendered":"\n<div class=\"wp-block-stackable-columns alignfull stk-block-columns stk-block stk-242acad stk-block-background stk--has-background-overlay\" data-block-id=\"242acad\"><style>.stk-242acad {background-color:var(--theme-palette-color-2, \t #133252) !important;background-image:url(https:\/\/yourboat.es\/wp-content\/uploads\/2026\/04\/IMG_5410-1-scaled.png) !important;border-top-left-radius:0px !important;border-top-right-radius:0px !important;border-bottom-right-radius:0px !important;border-bottom-left-radius:0px !important;overflow:hidden !important;min-height:700px !important;padding-top:300px !important;padding-bottom:166px !important;margin-bottom:0px !important;}.stk-242acad:before{background-color:var(--theme-palette-color-2, \t #133252) !important;opacity:0.8 !important;}.stk-242acad-column{--stk-column-gap:34px !important;}@media screen and (max-width:999px){.stk-242acad {padding-top:250px !important;padding-bottom:150px !important;}}@media screen and (max-width:689px){.stk-242acad {background-position:center right !important;background-repeat:no-repeat !important;background-size:cover !important;min-height:680px !important;padding-top:150px !important;padding-bottom:100px !important;}}<\/style><div class=\"stk-row stk-inner-blocks stk-block-content stk-content-align stk-242acad-column\">\n<div class=\"wp-block-stackable-column stk-block-column stk-column stk-block stk-656155e\" data-v=\"4\" data-block-id=\"656155e\"><style>.stk-656155e-container{margin-top:0px !important;margin-right:0px !important;margin-bottom:0px !important;margin-left:0px !important;}.stk-656155e {margin-left:20px !important;}@media screen and (min-width:690px){.stk-656155e {flex:var(--stk-flex-grow, 1) 1 calc(46.3% - var(--stk-column-gap, 0px) * 1 \/ 2 ) !important;}}@media screen and (min-width:690px) and (max-width:999px){.stk-656155e {flex:var(--stk-flex-grow, 1) 1 calc(100% - var(--stk-column-gap, 0px) * 0 \/ 1 ) !important;}}<\/style><div class=\"stk-column-wrapper stk-block-column__content stk-container stk-656155e-container stk--no-background stk--no-padding\"><div class=\"has-text-align-center-tablet stk-block-content stk-inner-blocks stk-656155e-inner-blocks\">\n<div class=\"wp-block-stackable-heading stk-block-heading stk-block-heading--v2 stk-block stk-7225c59\" id=\"test-center\" data-block-id=\"7225c59\"><style>.stk-7225c59 {margin-bottom:10px !important;}.stk-7225c59 .stk-block-heading__text{font-size:50px !important;color:var(--theme-palette-color-8, #ffffff) !important;line-height:1.3em !important;font-weight:800 !important;}@media screen and (max-width:999px){.stk-7225c59 .stk-block-heading__text{font-size:40px !important;}}@media screen and (max-width:689px){.stk-7225c59 .stk-block-heading__text{font-size:23px !important;}}<\/style><h1 class=\"stk-block-heading__text has-text-color has-text-align-left\">Test Center<\/h1><\/div>\n\n\n\n<div class=\"wp-block-stackable-text stk-block-text stk-block stk-81505a5\" data-block-id=\"81505a5\"><style>.stk-81505a5 {margin-bottom:60px !important;}.stk-81505a5 .stk-block-text__text{font-size:23px !important;color:var(--theme-palette-color-8, #ffffff) !important;}@media screen and (max-width:999px){.stk-81505a5 .stk-block-text__text{font-size:23px !important;}}@media screen and (max-width:689px){.stk-81505a5 .stk-block-text__text{font-size:19px !important;}}<\/style><p class=\"stk-block-text__text has-text-color has-text-align-left\">Ganz gleich, ob Sie ein erschwingliches und effizientes Boot oder eine Luxusyacht suchen, unser Autohaus bietet Ihnen eine breite Palette an Optionen f\u00fcr jeden Geschmack.<\/p><\/div>\n<\/div><\/div><\/div>\n\n\n\n<div class=\"wp-block-stackable-column stk-block-column stk-column stk-block stk-df3537e\" data-v=\"4\" data-block-id=\"df3537e\"><style>.stk-df3537e-container{margin-top:0px !important;margin-right:0px !important;margin-bottom:0px !important;margin-left:0px !important;}@media screen and (min-width:690px){.stk-df3537e {flex:var(--stk-flex-grow, 1) 1 calc(53.7% - var(--stk-column-gap, 0px) * 1 \/ 2 ) !important;}}@media screen and (min-width:690px) and (max-width:999px){.stk-df3537e {flex:var(--stk-flex-grow, 1) 1 calc(100% - var(--stk-column-gap, 0px) * 0 \/ 1 ) !important;}}<\/style><div class=\"stk-column-wrapper stk-block-column__content stk-container stk-df3537e-container stk--no-background stk--no-padding\"><div class=\"stk-block-content stk-inner-blocks stk-df3537e-inner-blocks\"><\/div><\/div><\/div>\n<\/div><\/div>\n\n<div class=\"wp-block-stackable-divider stk-block-divider stk-block stk-a50d1a9\" data-block-id=\"a50d1a9\" data-block-type=\"core\" data-block-type=\"core\"><style>.stk-a50d1a9 hr.stk-block-divider__hr{background:#fffffe !important;height:10px !important;width:100% !important;}.stk-a50d1a9 {border-top-left-radius:0px !important;border-top-right-radius:0px !important;border-bottom-right-radius:0px !important;border-bottom-left-radius:0px !important;overflow:hidden !important;border-style:solid !important;border-top-width:0px !important;border-right-width:0px !important;border-bottom-width:0px !important;border-left-width:0px !important;}<\/style><style class=\"stk-custom-css\">.stk-a50d1a9.stk-block-divider{width:100% !important;max-width:100vw !important;margin-left:0 !important;margin-right:0 !important}<\/style><hr class=\"stk-block-divider__hr\"\/><\/div>\n\n<div class=\"wp-block-stackable-columns stk-block-columns stk-block stk-246c61b\" data-block-id=\"246c61b\"><style>.stk-246c61b {margin-bottom:12px !important;}<\/style><div class=\"stk-row stk-inner-blocks stk-block-content stk-content-align stk-246c61b-column\">\n<div class=\"wp-block-stackable-column stk-block-column stk-column stk-block stk-04e8e20\" data-v=\"4\" data-block-id=\"04e8e20\"><style>.stk-04e8e20 {margin-right:20px !important;margin-left:20px !important;}<\/style><div class=\"stk-column-wrapper stk-block-column__content stk-container stk-04e8e20-container stk--no-background stk--no-padding\"><div class=\"stk-block-content stk-inner-blocks stk-04e8e20-inner-blocks\">\n<div class=\"wp-block-stackable-heading stk-block-heading stk-block-heading--v2 stk-block stk-150fa1a\" id=\"explore-our-super-boat-selection\" data-block-id=\"150fa1a\"><style>.stk-150fa1a {margin-bottom:17px !important;}.stk-150fa1a .stk-block-heading__text{line-height:1.3em !important;font-weight:800 !important;}@media screen and (max-width:999px){.stk-150fa1a .stk-block-heading__text{font-size:40px !important;}}@media screen and (max-width:689px){.stk-150fa1a .stk-block-heading__text{font-size:34px !important;}}<\/style><h2 class=\"stk-block-heading__text\">Entdecken Sie unsere Auswahl an Superbooten<\/h2><\/div>\n\n\n\n<div class=\"wp-block-stackable-text stk-block-text stk-block stk-3bbdc33\" data-block-id=\"3bbdc33\"><style>.stk-3bbdc33 {margin-bottom:60px !important;}.stk-3bbdc33 .stk-block-text__text{font-size:20px !important;}@media screen and (max-width:999px){.stk-3bbdc33 .stk-block-text__text{font-size:20px !important;}}@media screen and (max-width:689px){.stk-3bbdc33 .stk-block-text__text{font-size:19px !important;}}<\/style><p class=\"stk-block-text__text has-text-align-left\">Wir bieten Ihnen ein umfangreiches Angebot an Motorbooten, die sorgf\u00e4ltig von den renommiertesten europ\u00e4ischen Herstellern ausgew\u00e4hlt wurden. Unsere Boote vereinen Spitzentechnologie, Zuverl\u00e4ssigkeit und atemberaubendes Design und sind damit die ideale Wahl sowohl f\u00fcr Freizeit- als auch f\u00fcr Leistungsboote. Ganz gleich, ob Sie das Abenteuer auf offenen Gew\u00e4ssern suchen oder gem\u00fctliche Kreuzfahrten mit Familie und Freunden unternehmen m\u00f6chten, wir haben das perfekte Modell f\u00fcr Sie.  <\/p><\/div>\n<\/div><\/div><\/div>\n\n\n\n<div class=\"wp-block-stackable-column stk-block-column stk-column stk-block stk-923771b\" data-v=\"4\" data-block-id=\"923771b\"><style>.stk-923771b {margin-right:20px !important;margin-left:20px !important;}<\/style><div class=\"stk-column-wrapper stk-block-column__content stk-container stk-923771b-container stk--no-background stk--no-padding\"><div class=\"stk-block-content stk-inner-blocks stk-923771b-inner-blocks\">\n<div class=\"wp-block-stackable-heading stk-block-heading stk-block-heading--v2 stk-block stk-f54c12c\" id=\"molinar-llevant-boat-test-center\" data-block-id=\"f54c12c\"><style>.stk-f54c12c {margin-bottom:10px !important;}.stk-f54c12c .stk-block-heading__text{font-size:30px !important;color:var(--theme-palette-color-8, #ffffff) !important;line-height:1.3em !important;font-weight:800 !important;}@media screen and (max-width:999px){.stk-f54c12c .stk-block-heading__text{font-size:40px !important;}}@media screen and (max-width:689px){.stk-f54c12c .stk-block-heading__text{font-size:29px !important;}}<\/style><h2 class=\"stk-block-heading__text has-text-color has-text-align-left\">Molinar Llevant Bootstestzentrum<\/h2><\/div>\n\n\n\n<div class=\"wp-block-stackable-text stk-block-text stk-block stk-105289e\" data-block-id=\"105289e\"><style>.stk-105289e {margin-left:0px !important;}.stk-105289e .stk-block-text__text{font-size:20px !important;line-height:1.3em !important;}@media screen and (max-width:999px){.stk-105289e .stk-block-text__text{font-size:20px !important;}}<\/style><p class=\"stk-block-text__text\">Willkommen im Molinar Llevant Boat Test Center, Ihrem Zielort, um das perfekte Boot auf dem Wasser zu entdecken. Im Herzen von Molinar gelegen, laden wir Sie ein, unser gesamtes Angebot an Booten aus erster Hand zu erleben &#8211; denn der beste Weg, ein Boot auszuw\u00e4hlen, ist, es zu bewegen. Unser Expertenteam steht Ihnen zur Verf\u00fcgung, um Sie durch die einzelnen Modelle zu f\u00fchren, Ihre Fragen zu beantworten und sicherzustellen, dass Sie das richtige Modell f\u00fcr Ihren Lebensstil und Ihre Segelambitionen finden. Testfahrten sind nach Vereinbarung m\u00f6glich und stehen sowohl Erstk\u00e4ufern als auch erfahrenen Seglern offen. Besuchen Sie uns und lassen Sie das Wasser f\u00fcr sich sprechen.    <\/p><\/div>\n\n\n\n<div class=\"wp-block-stackable-image stk-block-image stk-block stk-695e82f\" data-block-id=\"695e82f\"><style>.stk-695e82f {margin-top:20px !important;margin-bottom:10px !important;}.stk-695e82f .stk-img-wrapper{width:100% !important;height:150px !important;}.stk-695e82f .stk-img-wrapper img{filter:invert(1) !important;}:where(.stk-hover-parent:hover,  .stk-hover-parent.stk--is-hovered) .stk-695e82f .stk-img-wrapper img{transform:scale(1) !important;}:where(.stk-hover-parent:hover,  .stk-hover-parent.stk--is-hovered) .stk-695e82f .stk-img-wrapper::after{background-image:linear-gradient(var(--theme-palette-color-2, #5e3fde) 0%, var(--theme-palette-color-2, #5e3fde) 100%) !important;}:where(.stk-hover-parent:hover,  .stk-hover-parent.stk--is-hovered) .stk-695e82f .stk-img-wrapper{--stk-gradient-overlay:0.95 !important;}<\/style><figure><span class=\"stk-img-wrapper stk-image--shape-stretch stk-img--gradient-overlay\"><img loading=\"lazy\" decoding=\"async\" class=\"stk-img wp-image-7732\" src=\"https:\/\/yourboat.es\/wp-content\/uploads\/2026\/04\/logo-molinar-llevant-black.png\" width=\"654\" height=\"191\" alt=\"Molinar de LLevant\" srcset=\"https:\/\/yourboat.es\/wp-content\/uploads\/2026\/04\/logo-molinar-llevant-black.png 654w, https:\/\/yourboat.es\/wp-content\/uploads\/2026\/04\/logo-molinar-llevant-black-300x88.png 300w\" sizes=\"auto, (max-width: 654px) 100vw, 654px\" \/><\/span><\/figure><\/div>\n<\/div><\/div><\/div>\n<\/div><\/div>\n\n<div class=\"wp-block-stackable-divider stk-block-divider stk-block stk-4h0oiw2\" data-block-id=\"4h0oiw2\" data-block-type=\"core\" data-block-type=\"core\"><style>.stk-4h0oiw2 hr.stk-block-divider__hr{background:#fffffe !important;height:10px !important;width:100% !important;}.stk-4h0oiw2 {border-top-left-radius:0px !important;border-top-right-radius:0px !important;border-bottom-right-radius:0px !important;border-bottom-left-radius:0px !important;overflow:hidden !important;border-style:solid !important;border-top-width:0px !important;border-right-width:0px !important;border-bottom-width:0px !important;border-left-width:0px !important;}<\/style><style class=\"stk-custom-css\">.stk-4h0oiw2.stk-block-divider{width:100% !important;max-width:100vw !important;margin-left:0 !important;margin-right:0 !important}<\/style><hr class=\"stk-block-divider__hr\"\/><\/div>\n\n<div class=\"wp-block-stackable-spacer stk-block-spacer stk--no-padding stk-block stk-0fab71e\" data-block-id=\"0fab71e\"><\/div>\n\n<p data-block-type=\"core\"><\/p>\n","protected":false},"excerpt":{"rendered":"<p>Test Center Ganz gleich, ob Sie ein erschwingliches und effizientes Boot oder eine Luxusyacht suchen, unser Autohaus bietet Ihnen eine breite Palette an Optionen f\u00fcr jeden Geschmack. Entdecken Sie unsere Auswahl an Superbooten Wir bieten Ihnen ein umfangreiches Angebot an Motorbooten, die sorgf\u00e4ltig von den renommiertesten europ\u00e4ischen Herstellern ausgew\u00e4hlt wurden. Unsere Boote vereinen Spitzentechnologie, Zuverl\u00e4ssigkeit [&hellip;]<\/p>\n","protected":false},"author":3,"featured_media":0,"parent":0,"menu_order":0,"comment_status":"closed","ping_status":"closed","template":"","meta":{"_acf_changed":false,"inline_featured_image":false,"footnotes":""},"class_list":["post-4427","page","type-page","status-publish","hentry"],"blocksy_meta":[],"acf":[],"_links":{"self":[{"href":"https:\/\/yourboat.es\/de\/wp-json\/wp\/v2\/pages\/4427","targetHints":{"allow":["GET"]}}],"collection":[{"href":"https:\/\/yourboat.es\/de\/wp-json\/wp\/v2\/pages"}],"about":[{"href":"https:\/\/yourboat.es\/de\/wp-json\/wp\/v2\/types\/page"}],"author":[{"embeddable":true,"href":"https:\/\/yourboat.es\/de\/wp-json\/wp\/v2\/users\/3"}],"replies":[{"embeddable":true,"href":"https:\/\/yourboat.es\/de\/wp-json\/wp\/v2\/comments?post=4427"}],"version-history":[{"count":36,"href":"https:\/\/yourboat.es\/de\/wp-json\/wp\/v2\/pages\/4427\/revisions"}],"predecessor-version":[{"id":7909,"href":"https:\/\/yourboat.es\/de\/wp-json\/wp\/v2\/pages\/4427\/revisions\/7909"}],"wp:attachment":[{"href":"https:\/\/yourboat.es\/de\/wp-json\/wp\/v2\/media?parent=4427"}],"curies":[{"name":"wp","href":"https:\/\/api.w.org\/{rel}","templated":true}]}}