{"id":4444,"date":"2025-03-07T09:53:27","date_gmt":"2025-03-07T09:53:27","guid":{"rendered":"https:\/\/yourboat.es\/bootsanleger\/"},"modified":"2026-04-20T20:58:07","modified_gmt":"2026-04-20T20:58:07","slug":"bootsanleger","status":"publish","type":"page","link":"https:\/\/yourboat.es\/de\/bootsanleger\/","title":{"rendered":"Bootsanleger"},"content":{"rendered":"\n<div class=\"wp-block-stackable-columns alignfull stk-block-columns stk-block stk-242acad stk-block-background stk--has-background-overlay\" data-block-id=\"242acad\"><style>.stk-242acad {background-color:var(--theme-palette-color-2, \t #133252) !important;background-image:url(https:\/\/yourboat.es\/wp-content\/uploads\/2025\/08\/boat-launching.png) !important;border-top-left-radius:0px !important;border-top-right-radius:0px !important;border-bottom-right-radius:0px !important;border-bottom-left-radius:0px !important;overflow:hidden !important;min-height:700px !important;padding-top:300px !important;padding-bottom:166px !important;margin-bottom:0px !important;}.stk-242acad:before{background-color:var(--theme-palette-color-2, \t #133252) !important;opacity:0.6 !important;}.stk-242acad-column{--stk-column-gap:34px !important;}@media screen and (max-width:999px){.stk-242acad {padding-top:250px !important;padding-bottom:150px !important;}}@media screen and (max-width:689px){.stk-242acad {background-position:center right !important;background-repeat:no-repeat !important;background-size:cover !important;min-height:680px !important;padding-top:150px !important;padding-bottom:100px !important;}}<\/style><div class=\"stk-row stk-inner-blocks stk-block-content stk-content-align stk-242acad-column\">\n<div class=\"wp-block-stackable-column stk-block-column stk-column stk-block stk-656155e\" data-v=\"4\" data-block-id=\"656155e\"><style>.stk-656155e-container{margin-top:0px !important;margin-right:0px !important;margin-bottom:0px !important;margin-left:0px !important;}.stk-656155e {margin-left:20px !important;}@media screen and (min-width:690px){.stk-656155e {flex:var(--stk-flex-grow, 1) 1 calc(46.3% - var(--stk-column-gap, 0px) * 1 \/ 2 ) !important;}}@media screen and (min-width:690px) and (max-width:999px){.stk-656155e {flex:var(--stk-flex-grow, 1) 1 calc(100% - var(--stk-column-gap, 0px) * 0 \/ 1 ) !important;}}<\/style><div class=\"stk-column-wrapper stk-block-column__content stk-container stk-656155e-container stk--no-background stk--no-padding\"><div class=\"has-text-align-center-tablet stk-block-content stk-inner-blocks stk-656155e-inner-blocks\">\n<div class=\"wp-block-stackable-heading stk-block-heading stk-block-heading--v2 stk-block stk-7225c59\" id=\"boat-launching\" data-block-id=\"7225c59\"><style>.stk-7225c59 {margin-bottom:0px !important;}.stk-7225c59 .stk-block-heading__text{font-size:60px !important;color:var(--theme-palette-color-8, #ffffff) !important;line-height:1.3em !important;font-weight:800 !important;}@media screen and (max-width:999px){.stk-7225c59 .stk-block-heading__text{font-size:40px !important;}}@media screen and (max-width:689px){.stk-7225c59 .stk-block-heading__text{font-size:34px !important;}}<\/style><h1 class=\"stk-block-heading__text has-text-color has-text-align-left\">Bootsanleger<\/h1><\/div>\n\n\n\n<div class=\"wp-block-stackable-text stk-block-text stk-block stk-81505a5\" data-block-id=\"81505a5\"><style>.stk-81505a5 {margin-bottom:60px !important;}.stk-81505a5 .stk-block-text__text{color:var(--theme-palette-color-8, #ffffff) !important;}<\/style><p class=\"stk-block-text__text has-text-color has-text-align-left\">Wir von Your Boat bieten Ihnen einen fachm\u00e4nnischen Bootsservice, der daf\u00fcr sorgt, dass Ihr Boot sicher zu Wasser gelassen wird und einsatzbereit ist. Ob es sich um den ersten Stapellauf eines neuen Bootes oder die saisonale R\u00fcckkehr Ihres Bootes handelt, unser erfahrenes Team k\u00fcmmert sich um jedes Detail, damit Sie Ihre Zeit auf dem Wasser genie\u00dfen k\u00f6nnen. <\/p><\/div>\n<\/div><\/div><\/div>\n\n\n\n<div class=\"wp-block-stackable-column stk-block-column stk-column stk-block stk-df3537e\" data-v=\"4\" data-block-id=\"df3537e\"><style>.stk-df3537e-container{margin-top:0px !important;margin-right:0px !important;margin-bottom:0px !important;margin-left:0px !important;}@media screen and (min-width:690px){.stk-df3537e {flex:var(--stk-flex-grow, 1) 1 calc(53.7% - var(--stk-column-gap, 0px) * 1 \/ 2 ) !important;}}@media screen and (min-width:690px) and (max-width:999px){.stk-df3537e {flex:var(--stk-flex-grow, 1) 1 calc(100% - var(--stk-column-gap, 0px) * 0 \/ 1 ) !important;}}<\/style><div class=\"stk-column-wrapper stk-block-column__content stk-container stk-df3537e-container stk--no-background stk--no-padding\"><div class=\"stk-block-content stk-inner-blocks stk-df3537e-inner-blocks\"><\/div><\/div><\/div>\n<\/div><\/div>\n\n<div class=\"wp-block-stackable-divider stk-block-divider stk-block stk-a50d1a9\" data-block-id=\"a50d1a9\" data-block-type=\"core\" data-block-type=\"core\"><style>.stk-a50d1a9 hr.stk-block-divider__hr{background:#fffffe !important;height:8px !important;width:100% !important;}.stk-a50d1a9 {border-top-left-radius:0px !important;border-top-right-radius:0px !important;border-bottom-right-radius:0px !important;border-bottom-left-radius:0px !important;overflow:hidden !important;border-style:solid !important;border-top-width:0px !important;border-right-width:0px !important;border-bottom-width:0px !important;border-left-width:0px !important;}<\/style><style class=\"stk-custom-css\">.stk-a50d1a9.stk-block-divider{width:100% !important;max-width:100vw !important;margin-left:0 !important;margin-right:0 !important}<\/style><hr class=\"stk-block-divider__hr\"\/><\/div>\n\n<div class=\"wp-block-stackable-columns stk-block-columns stk-block stk-246c61b\" data-block-id=\"246c61b\"><div class=\"stk-row stk-inner-blocks stk-block-content stk-content-align stk-246c61b-column\">\n<div class=\"wp-block-stackable-column stk-block-column stk-column stk-block stk-04e8e20\" data-v=\"4\" data-block-id=\"04e8e20\"><style>.stk-04e8e20 {margin-right:20px !important;margin-left:20px !important;}<\/style><div class=\"stk-column-wrapper stk-block-column__content stk-container stk-04e8e20-container stk--no-background stk--no-padding\"><div class=\"stk-block-content stk-inner-blocks stk-04e8e20-inner-blocks\">\n<div class=\"wp-block-stackable-heading stk-block-heading stk-block-heading--v2 stk-block stk-150fa1a\" id=\"strong-what-our-boat-launching-service-includes-strong\" data-block-id=\"150fa1a\"><style>.stk-150fa1a {margin-bottom:10px !important;}.stk-150fa1a .stk-block-heading__text{line-height:1.3em !important;font-weight:800 !important;}@media screen and (max-width:999px){.stk-150fa1a .stk-block-heading__text{font-size:40px !important;}}@media screen and (max-width:689px){.stk-150fa1a {margin-bottom:19px !important;}.stk-150fa1a .stk-block-heading__text{font-size:34px !important;}}<\/style><h2 class=\"stk-block-heading__text\"><strong>Was unser Bootsservice beinhaltet:<\/strong><\/h2><\/div>\n\n\n\n<p data-block-type=\"core\"><strong>Trailer-Handling und Transport<\/strong> &#8211; Sorgf\u00e4ltiger und effizienter Transport Ihres Bootes vom Lager zum Startplatz.<\/p>\n\n\n\n<p data-block-type=\"core\"><strong>Sicherer Einstieg ins Wasser<\/strong> &#8211; Professionelle Handhabung f\u00fcr einen reibungslosen und sicheren Start ohne Risiko von Sch\u00e4den.<\/p>\n\n\n\n<p data-block-type=\"core\"><strong>Inspektion vor dem Stapellauf<\/strong> &#8211; Umfassende \u00dcberpr\u00fcfung des Zustandes des Rumpfes, der Funktionsf\u00e4higkeit des Motors und der Sicherheitssysteme, um sicherzustellen, dass Ihr Boot bereit ist.<\/p>\n\n\n\n<p data-block-type=\"core\"><strong>Hilfe beim Anlegen und Festmachen<\/strong> &#8211; Stellen Sie Ihr Boot nach dem Stapellauf sicher an das Dock oder den vorgesehenen Liegeplatz.<\/p>\n<\/div><\/div><\/div>\n\n\n\n<div class=\"wp-block-stackable-column stk-block-column stk-column stk-block stk-923771b\" data-v=\"4\" data-block-id=\"923771b\"><style>.stk-923771b {margin-right:20px !important;margin-left:20px !important;}<\/style><div class=\"stk-column-wrapper stk-block-column__content stk-container stk-923771b-container stk--no-background stk--no-padding\"><div class=\"stk-block-content stk-inner-blocks stk-923771b-inner-blocks\">\n<div class=\"wp-block-stackable-heading stk-block-heading stk-block-heading--v2 stk-block stk-f54c12c\" id=\"strong-why-choose-us-for-your-boat-launch-strong\" data-block-id=\"f54c12c\"><style>.stk-f54c12c .stk-block-heading__text{line-height:1.3em !important;font-weight:800 !important;}@media screen and (max-width:999px){.stk-f54c12c .stk-block-heading__text{font-size:40px !important;}}@media screen and (max-width:689px){.stk-f54c12c {margin-bottom:18px !important;}.stk-f54c12c .stk-block-heading__text{font-size:34px !important;}}<\/style><h2 class=\"stk-block-heading__text\"><strong>Warum sollten Sie uns f\u00fcr Ihren Bootsstart w\u00e4hlen?<\/strong><\/h2><\/div>\n\n\n\n<p data-block-type=\"core\"><strong>Erfahrene Fachleute<\/strong> &#8211; Unser Team verf\u00fcgt \u00fcber jahrelange Erfahrung im Umgang mit Booten aller Gr\u00f6\u00dfen mit Pr\u00e4zision und Sorgfalt.<\/p>\n\n\n\n<p data-block-type=\"core\"><strong>P\u00fcnktlicher und effizienter Service<\/strong> &#8211; Wir arbeiten nach Ihrem Zeitplan, damit Ihr Boot ohne unn\u00f6tige Verz\u00f6gerungen zu Wasser gelassen werden kann.<\/p>\n\n\n\n<p data-block-type=\"core\"><strong>Ma\u00dfgeschneiderte L\u00f6sungen<\/strong> &#8211; Ganz gleich, ob Sie eine einmalige Einf\u00fchrung oder einen wiederkehrenden saisonalen Service ben\u00f6tigen, wir passen unseren Prozess an Ihre Bed\u00fcrfnisse an.<\/p>\n\n\n\n<p data-block-type=\"core\"><strong>Fokus auf Sicherheit<\/strong> &#8211; Wir befolgen strenge Industrierichtlinien, um Ihr Boot zu sch\u00fctzen und einen erfolgreichen Start zu gew\u00e4hrleisten.<\/p>\n\n\n\n<p data-block-type=\"core\">Lassen Sie uns die harte Arbeit erledigen, w\u00e4hrend Sie sich auf Ihr n\u00e4chstes Abenteuer auf dem Wasser vorbereiten. Setzen Sie sich jetzt mit uns in Verbindung und vereinbaren Sie einen Termin f\u00fcr Ihren professionellen Bootsservice. Genie\u00dfen Sie einen problemlosen Stapellauf und fahren Sie mit Zuversicht aufs Wasser.  <\/p>\n<\/div><\/div><\/div>\n<\/div><\/div>\n\n<div class=\"wp-block-stackable-divider stk-block-divider stk-block stk-xnr5usc\" data-block-id=\"xnr5usc\" data-block-type=\"core\" data-block-type=\"core\"><style>.stk-xnr5usc hr.stk-block-divider__hr{background:#fffffe !important;height:8px !important;width:100% !important;}.stk-xnr5usc {border-top-left-radius:0px !important;border-top-right-radius:0px !important;border-bottom-right-radius:0px !important;border-bottom-left-radius:0px !important;overflow:hidden !important;border-style:solid !important;border-top-width:0px !important;border-right-width:0px !important;border-bottom-width:0px !important;border-left-width:0px !important;}<\/style><style class=\"stk-custom-css\">.stk-xnr5usc.stk-block-divider{width:100% !important;max-width:100vw !important;margin-left:0 !important;margin-right:0 !important}<\/style><hr class=\"stk-block-divider__hr\"\/><\/div>\n\n<p data-block-type=\"core\"><\/p>\n","protected":false},"excerpt":{"rendered":"<p>Bootsanleger Wir von Your Boat bieten Ihnen einen fachm\u00e4nnischen Bootsservice, der daf\u00fcr sorgt, dass Ihr Boot sicher zu Wasser gelassen wird und einsatzbereit ist. Ob es sich um den ersten Stapellauf eines neuen Bootes oder die saisonale R\u00fcckkehr Ihres Bootes handelt, unser erfahrenes Team k\u00fcmmert sich um jedes Detail, damit Sie Ihre Zeit auf dem [&hellip;]<\/p>\n","protected":false},"author":3,"featured_media":0,"parent":0,"menu_order":0,"comment_status":"closed","ping_status":"closed","template":"","meta":{"_acf_changed":false,"inline_featured_image":false,"footnotes":""},"class_list":["post-4444","page","type-page","status-publish","hentry"],"blocksy_meta":[],"acf":[],"_links":{"self":[{"href":"https:\/\/yourboat.es\/de\/wp-json\/wp\/v2\/pages\/4444","targetHints":{"allow":["GET"]}}],"collection":[{"href":"https:\/\/yourboat.es\/de\/wp-json\/wp\/v2\/pages"}],"about":[{"href":"https:\/\/yourboat.es\/de\/wp-json\/wp\/v2\/types\/page"}],"author":[{"embeddable":true,"href":"https:\/\/yourboat.es\/de\/wp-json\/wp\/v2\/users\/3"}],"replies":[{"embeddable":true,"href":"https:\/\/yourboat.es\/de\/wp-json\/wp\/v2\/comments?post=4444"}],"version-history":[{"count":27,"href":"https:\/\/yourboat.es\/de\/wp-json\/wp\/v2\/pages\/4444\/revisions"}],"predecessor-version":[{"id":8211,"href":"https:\/\/yourboat.es\/de\/wp-json\/wp\/v2\/pages\/4444\/revisions\/8211"}],"wp:attachment":[{"href":"https:\/\/yourboat.es\/de\/wp-json\/wp\/v2\/media?parent=4444"}],"curies":[{"name":"wp","href":"https:\/\/api.w.org\/{rel}","templated":true}]}}