{"id":4458,"date":"2025-03-07T10:09:01","date_gmt":"2025-03-07T10:09:01","guid":{"rendered":"https:\/\/yourboat.es\/einbau-des-motors\/"},"modified":"2026-05-01T09:48:18","modified_gmt":"2026-05-01T09:48:18","slug":"einbau-des-motors","status":"publish","type":"page","link":"https:\/\/yourboat.es\/de\/einbau-des-motors\/","title":{"rendered":"Einbau des Motors"},"content":{"rendered":"\n<div class=\"wp-block-stackable-columns alignfull stk-block-columns stk-block stk-242acad stk-block-background stk--has-background-overlay\" data-block-id=\"242acad\"><style>.stk-242acad {background-color:var(--theme-palette-color-2, \t #133252) !important;background-image:url(https:\/\/yourboat.es\/wp-content\/uploads\/2026\/05\/Suzuki_Engine-scaled.jpg) !important;background-position:top center !important;border-top-left-radius:0px !important;border-top-right-radius:0px !important;border-bottom-right-radius:0px !important;border-bottom-left-radius:0px !important;overflow:hidden !important;min-height:700px !important;padding-top:300px !important;padding-bottom:166px !important;margin-bottom:0px !important;}.stk-242acad:before{background-color:var(--theme-palette-color-2, \t #133252) !important;opacity:0.7 !important;}.stk-242acad-column{--stk-column-gap:34px !important;}@media screen and (max-width:999px){.stk-242acad {padding-top:250px !important;padding-bottom:150px !important;}}@media screen and (max-width:689px){.stk-242acad {background-position:center center !important;background-repeat:no-repeat !important;background-size:cover !important;min-height:680px !important;padding-top:150px !important;padding-bottom:100px !important;}}<\/style><div class=\"stk-row stk-inner-blocks stk-block-content stk-content-align stk-242acad-column\">\n<div class=\"wp-block-stackable-column stk-block-column stk-column stk-block stk-656155e\" data-v=\"4\" data-block-id=\"656155e\"><style>.stk-656155e-container{margin-top:0px !important;margin-right:0px !important;margin-bottom:0px !important;margin-left:0px !important;}@media screen and (min-width:690px){.stk-656155e {flex:var(--stk-flex-grow, 1) 1 calc(46.3% - var(--stk-column-gap, 0px) * 1 \/ 2 ) !important;}}@media screen and (min-width:690px) and (max-width:999px){.stk-656155e {flex:var(--stk-flex-grow, 1) 1 calc(100% - var(--stk-column-gap, 0px) * 0 \/ 1 ) !important;}}<\/style><div class=\"stk-column-wrapper stk-block-column__content stk-container stk-656155e-container stk--no-background stk--no-padding\"><div class=\"has-text-align-center-tablet stk-block-content stk-inner-blocks stk-656155e-inner-blocks\">\n<div class=\"wp-block-stackable-heading stk-block-heading stk-block-heading--v2 stk-block stk-7225c59\" id=\"engine-installation\" data-block-id=\"7225c59\"><style>.stk-7225c59 {margin-bottom:15px !important;}.stk-7225c59 .stk-block-heading__text{font-size:35px !important;color:var(--theme-palette-color-8, #ffffff) !important;line-height:1.3em !important;font-weight:800 !important;}@media screen and (max-width:999px){.stk-7225c59 .stk-block-heading__text{font-size:40px !important;}}@media screen and (max-width:689px){.stk-7225c59 .stk-block-heading__text{font-size:34px !important;}}<\/style><h1 class=\"stk-block-heading__text has-text-color has-text-align-left\">Einbau des Motors<\/h1><\/div>\n\n\n\n<div class=\"wp-block-stackable-text stk-block-text stk-block stk-81505a5\" data-block-id=\"81505a5\"><style>.stk-81505a5 {margin-bottom:60px !important;margin-left:2px !important;}.stk-81505a5 .stk-block-text__text{font-size:17px !important;color:var(--theme-palette-color-7, #FBFBFC) !important;line-height:1.3em !important;font-family:\"Poppins\", Sans-serif !important;}@media screen and (max-width:999px){.stk-81505a5 .stk-block-text__text{font-size:17px !important;}}<\/style><p class=\"stk-block-text__text has-text-color has-text-align-left\">Wir von <strong>Your Boat<\/strong> sind auf den <strong>fachgerechten Einbau von Bootsmotoren<\/strong> spezialisiert und sorgen daf\u00fcr, dass Ihr Schiff mit Spitzenleistung l\u00e4uft. Unsere <strong>qualifizierten Techniker<\/strong> verwenden die neuesten Werkzeuge und Technologien, um einen <strong>nahtlosen und effizienten Einbau<\/strong> zu gew\u00e4hrleisten, ganz gleich, ob Sie Ihren aktuellen Motor aufr\u00fcsten oder einen brandneuen Motor einbauen m\u00f6chten. <\/p><\/div>\n<\/div><\/div><\/div>\n\n\n\n<div class=\"wp-block-stackable-column stk-block-column stk-column stk-block stk-df3537e\" data-v=\"4\" data-block-id=\"df3537e\"><style>.stk-df3537e-container{margin-top:0px !important;margin-right:0px !important;margin-bottom:0px !important;margin-left:0px !important;}@media screen and (min-width:690px){.stk-df3537e {flex:var(--stk-flex-grow, 1) 1 calc(53.7% - var(--stk-column-gap, 0px) * 1 \/ 2 ) !important;}}@media screen and (min-width:690px) and (max-width:999px){.stk-df3537e {flex:var(--stk-flex-grow, 1) 1 calc(100% - var(--stk-column-gap, 0px) * 0 \/ 1 ) !important;}}<\/style><div class=\"stk-column-wrapper stk-block-column__content stk-container stk-df3537e-container stk--no-background stk--no-padding\"><div class=\"stk-block-content stk-inner-blocks stk-df3537e-inner-blocks\"><\/div><\/div><\/div>\n<\/div><\/div>\n\n<div class=\"wp-block-stackable-divider stk-block-divider stk-block stk-a50d1a9\" data-block-id=\"a50d1a9\" data-block-type=\"core\" data-block-type=\"core\"><style>.stk-a50d1a9 hr.stk-block-divider__hr{background:#fffffe !important;height:8px !important;width:100% !important;}.stk-a50d1a9 {border-top-left-radius:0px !important;border-top-right-radius:0px !important;border-bottom-right-radius:0px !important;border-bottom-left-radius:0px !important;overflow:hidden !important;border-style:solid !important;border-top-width:0px !important;border-right-width:0px !important;border-bottom-width:0px !important;border-left-width:0px !important;}<\/style><style class=\"stk-custom-css\">.stk-a50d1a9.stk-block-divider{width:100% !important;max-width:100vw !important;margin-left:0 !important;margin-right:0 !important}<\/style><hr class=\"stk-block-divider__hr\"\/><\/div>\n\n<div class=\"wp-block-stackable-columns stk-block-columns stk-block stk-246c61b\" data-block-id=\"246c61b\"><div class=\"stk-row stk-inner-blocks stk-block-content stk-content-align stk-246c61b-column\">\n<div class=\"wp-block-stackable-column stk-block-column stk-column stk-block stk-04e8e20\" data-v=\"4\" data-block-id=\"04e8e20\"><style>.stk-04e8e20 {padding-top:0px !important;margin-right:20px !important;margin-left:20px !important;}<\/style><div class=\"stk-column-wrapper stk-block-column__content stk-container stk-04e8e20-container stk--no-background stk--no-padding\"><div class=\"stk-block-content stk-inner-blocks stk-04e8e20-inner-blocks\">\n<div class=\"wp-block-stackable-heading stk-block-heading stk-block-heading--v2 stk-block stk-150fa1a\" id=\"looking-for-a-new-engine-installation-or-replacement\" data-block-id=\"150fa1a\"><style>.stk-150fa1a {margin-bottom:18px !important;}.stk-150fa1a .stk-block-heading__text{line-height:1.3em !important;font-weight:800 !important;}@media screen and (max-width:999px){.stk-150fa1a .stk-block-heading__text{font-size:40px !important;}}@media screen and (max-width:689px){.stk-150fa1a .stk-block-heading__text{font-size:34px !important;}}<\/style><h2 class=\"stk-block-heading__text\">Sie m\u00f6chten einen neuen Motor einbauen oder austauschen?<\/h2><\/div>\n\n\n\n<div class=\"wp-block-stackable-text stk-block-text stk-block stk-3bbdc33\" data-block-id=\"3bbdc33\"><style>.stk-3bbdc33 {margin-bottom:1px !important;}<\/style><p class=\"stk-block-text__text has-text-align-left\">\u00dcberlassen Sie es unseren Experten, sich mit Pr\u00e4zision und Sorgfalt darum zu k\u00fcmmern. Kontaktieren Sie uns noch heute f\u00fcr eine Beratung und wettbewerbsf\u00e4hige Preise. Wir sind stolz darauf, Suzuki Marine Motoren zu installieren, die f\u00fcr ihre Zuverl\u00e4ssigkeit, Kraftstoffeffizienz und Leistung bekannt sind.  <br\/><br\/><strong>Individuelle Motorinstallation<\/strong> &#8211; Sie bevorzugen eine andere Marke? Kein Problem! Wir bauen auch den Motor Ihrer Wahl ein und arbeiten mit allen gro\u00dfen Herstellern zusammen, einschlie\u00dflich Yamaha, Mercury, Honda und anderen.  <br\/><br\/><strong>Pr\u00e4zision und Leistung<\/strong> &#8211; Unser Installationsprozess gew\u00e4hrleistet eine optimale Ausrichtung, Kraftstoffeffizienz und einen reibungslosen Betrieb, wodurch die Langlebigkeit und Leistung Ihres Bootes maximiert wird.<br\/><\/p><\/div>\n\n\n\n<div class=\"wp-block-stackable-image stk-block-image has-text-align-left stk-block stk-cd9d181\" data-block-id=\"cd9d181\"><style>.stk-cd9d181 {padding-top:30px !important;margin-bottom:10px !important;}.stk-cd9d181 .stk-img-wrapper{aspect-ratio:4\/3 !important;width:186px !important;height:auto !important;}.stk-cd9d181 .stk-img-wrapper img{filter:contrast(3) brightness(3) !important;}:where(.stk-hover-parent:hover,  .stk-hover-parent.stk--is-hovered) .stk-cd9d181 .stk-img-wrapper img{transform:scale(1) !important;}:where(.stk-hover-parent:hover,  .stk-hover-parent.stk--is-hovered) .stk-cd9d181 .stk-img-wrapper::after{background-color:var(--theme-palette-color-2, #5e3fde) !important;}:where(.stk-hover-parent:hover,  .stk-hover-parent.stk--is-hovered) .stk-cd9d181 .stk-img-wrapper{--stk-gradient-overlay:0.95 !important;}@media screen and (max-width:999px){.stk-cd9d181 .stk-img-wrapper{height:auto !important;}}@media screen and (max-width:689px){.stk-cd9d181 .stk-img-wrapper{height:auto !important;}}<\/style><figure><span class=\"stk-img-wrapper stk-image--shape-stretch\"><img loading=\"lazy\" decoding=\"async\" class=\"stk-img wp-image-7960\" src=\"https:\/\/yourboat.es\/wp-content\/uploads\/2026\/04\/Suzuki-Marine-Logo.png\" width=\"600\" height=\"450\" srcset=\"https:\/\/yourboat.es\/wp-content\/uploads\/2026\/04\/Suzuki-Marine-Logo.png 600w, https:\/\/yourboat.es\/wp-content\/uploads\/2026\/04\/Suzuki-Marine-Logo-300x225.png 300w\" sizes=\"auto, (max-width: 600px) 100vw, 600px\" \/><\/span><\/figure><\/div>\n\n\n\n<div class=\"wp-block-stackable-heading stk-block-heading stk-block-heading--v2 stk-block stk-1b30958\" id=\"our-engine-partners\" data-block-id=\"1b30958\"><style>@media screen and (max-width:689px){.stk-1b30958 {padding-bottom:40px !important;}}<\/style><h3 class=\"stk-block-heading__text has-text-align-left\">Unsere Motorpartner<\/h3><\/div>\n<\/div><\/div><\/div>\n\n\n\n<div class=\"wp-block-stackable-column stk-block-column stk-column stk-block stk-923771b\" data-v=\"4\" data-block-id=\"923771b\"><style>.stk-923771b {margin-right:20px !important;margin-left:20px !important;}<\/style><div class=\"stk-column-wrapper stk-block-column__content stk-container stk-923771b-container stk--no-background stk--no-padding\"><div class=\"stk-block-content stk-inner-blocks stk-923771b-inner-blocks\">\n<div class=\"wp-block-stackable-heading stk-block-heading stk-block-heading--v2 stk-block stk-f54c12c\" id=\"why-choose-our-engine-installation-services\" data-block-id=\"f54c12c\"><style>.stk-f54c12c {margin-bottom:18px !important;}.stk-f54c12c .stk-block-heading__text{line-height:1.3em !important;font-weight:800 !important;font-family:-apple-system, BlinkMacSystemFont, \"Segoe UI\", Roboto, Helvetica, Arial, sans-serif, \"Apple Color Emoji\", \"Segoe UI Emoji\", \"Segoe UI Symbol\" !important;}@media screen and (max-width:999px){.stk-f54c12c .stk-block-heading__text{font-size:40px !important;}}@media screen and (max-width:689px){.stk-f54c12c .stk-block-heading__text{font-size:34px !important;}}<\/style><h2 class=\"stk-block-heading__text\">Warum sollten Sie unseren Motoreinbau-Service w\u00e4hlen?<\/h2><\/div>\n\n\n\n<p data-block-type=\"core\"><strong>Modernste Ausr\u00fcstung<\/strong> &#8211; Wir verwenden <strong>fortschrittliche Diagnose- und Installationswerkzeuge<\/strong> f\u00fcr die pr\u00e4zise Anpassung und Kalibrierung von Motoren.<\/p>\n\n\n\n<p data-block-type=\"core\"><strong>Zertifizierte Techniker<\/strong> &#8211; Unser Team besteht aus <strong>erfahrenen und zertifizierten Schiffsmechanikern<\/strong>, die einen professionellen und zuverl\u00e4ssigen Service gew\u00e4hrleisten.<\/p>\n\n\n\n<p data-block-type=\"core\"><strong>Nahtlose Integration<\/strong> &#8211; Ganz gleich, ob es sich um einen <strong>Au\u00dfenbord-, Innenbord- oder Z-Antrieb<\/strong> handelt, wir sorgen f\u00fcr eine <strong>perfekte Kompatibilit\u00e4t<\/strong> mit den elektrischen und Kraftstoffsystemen Ihres Bootes.<\/p>\n\n\n\n<p data-block-type=\"core\"><strong>Tests nach der Installation<\/strong> &#8211; Bevor wir Ihr Boot ausliefern, f\u00fchren wir <strong>umfassende Leistungstests<\/strong> durch, um sicherzustellen, dass alles reibungslos funktioniert.<\/p>\n\n\n\n<p data-block-type=\"core\"><strong>R\u00fcsten Sie die Leistung Ihres Bootes noch heute auf!<\/strong><\/p>\n<\/div><\/div><\/div>\n<\/div><\/div>\n\n<div class=\"wp-block-stackable-divider stk-block-divider stk-block stk-a6ugi01\" data-block-id=\"a6ugi01\" data-block-type=\"core\" data-block-type=\"core\"><style>.stk-a6ugi01 hr.stk-block-divider__hr{background:#fffffe !important;height:8px !important;width:100% !important;}.stk-a6ugi01 {border-top-left-radius:0px !important;border-top-right-radius:0px !important;border-bottom-right-radius:0px !important;border-bottom-left-radius:0px !important;overflow:hidden !important;border-style:solid !important;border-top-width:0px !important;border-right-width:0px !important;border-bottom-width:0px !important;border-left-width:0px !important;}<\/style><style class=\"stk-custom-css\">.stk-a6ugi01.stk-block-divider{width:100% !important;max-width:100vw !important;margin-left:0 !important;margin-right:0 !important}<\/style><hr class=\"stk-block-divider__hr\"\/><\/div>\n\n<p data-block-type=\"core\"><\/p>\n","protected":false},"excerpt":{"rendered":"<p>Einbau des Motors Wir von Your Boat sind auf den fachgerechten Einbau von Bootsmotoren spezialisiert und sorgen daf\u00fcr, dass Ihr Schiff mit Spitzenleistung l\u00e4uft. Unsere qualifizierten Techniker verwenden die neuesten Werkzeuge und Technologien, um einen nahtlosen und effizienten Einbau zu gew\u00e4hrleisten, ganz gleich, ob Sie Ihren aktuellen Motor aufr\u00fcsten oder einen brandneuen Motor einbauen m\u00f6chten. [&hellip;]<\/p>\n","protected":false},"author":3,"featured_media":0,"parent":0,"menu_order":0,"comment_status":"closed","ping_status":"closed","template":"","meta":{"_acf_changed":false,"inline_featured_image":false,"footnotes":""},"class_list":["post-4458","page","type-page","status-publish","hentry"],"blocksy_meta":[],"acf":[],"_links":{"self":[{"href":"https:\/\/yourboat.es\/de\/wp-json\/wp\/v2\/pages\/4458","targetHints":{"allow":["GET"]}}],"collection":[{"href":"https:\/\/yourboat.es\/de\/wp-json\/wp\/v2\/pages"}],"about":[{"href":"https:\/\/yourboat.es\/de\/wp-json\/wp\/v2\/types\/page"}],"author":[{"embeddable":true,"href":"https:\/\/yourboat.es\/de\/wp-json\/wp\/v2\/users\/3"}],"replies":[{"embeddable":true,"href":"https:\/\/yourboat.es\/de\/wp-json\/wp\/v2\/comments?post=4458"}],"version-history":[{"count":30,"href":"https:\/\/yourboat.es\/de\/wp-json\/wp\/v2\/pages\/4458\/revisions"}],"predecessor-version":[{"id":8510,"href":"https:\/\/yourboat.es\/de\/wp-json\/wp\/v2\/pages\/4458\/revisions\/8510"}],"wp:attachment":[{"href":"https:\/\/yourboat.es\/de\/wp-json\/wp\/v2\/media?parent=4458"}],"curies":[{"name":"wp","href":"https:\/\/api.w.org\/{rel}","templated":true}]}}