{"id":4637,"date":"2025-03-07T17:00:06","date_gmt":"2025-03-07T17:00:06","guid":{"rendered":"https:\/\/yourboat.es\/arrow\/"},"modified":"2026-01-08T18:20:00","modified_gmt":"2026-01-08T18:20:00","slug":"arrow","status":"publish","type":"page","link":"https:\/\/yourboat.es\/de\/arrow\/","title":{"rendered":"Arrow"},"content":{"rendered":"\n<div class=\"wp-block-stackable-columns alignfull stk-block-columns stk-block stk-242acad stk-block-background stk--has-background-overlay\" data-block-id=\"242acad\"><style>.stk-242acad {background-color:var(--theme-palette-color-2, \t #133252) !important;background-image:url(https:\/\/yourboat.es\/wp-content\/uploads\/2024\/11\/PHOTO-2024-10-05-12-46-34-2.jpg) !important;border-top-left-radius:0px !important;border-top-right-radius:0px !important;border-bottom-right-radius:0px !important;border-bottom-left-radius:0px !important;overflow:hidden !important;min-height:700px !important;padding-top:300px !important;padding-bottom:166px !important;margin-bottom:0px !important;}.stk-242acad:before{background-color:var(--theme-palette-color-2, \t #133252) !important;opacity:0.6 !important;}.stk-242acad-column{--stk-column-gap:34px !important;}@media screen and (max-width:999px){.stk-242acad {padding-top:250px !important;padding-bottom:150px !important;}}@media screen and (max-width:689px){.stk-242acad {background-position:center right !important;background-repeat:no-repeat !important;background-size:cover !important;min-height:680px !important;padding-top:150px !important;padding-bottom:100px !important;}}<\/style><div class=\"stk-row stk-inner-blocks stk-block-content stk-content-align stk-242acad-column\">\n<div class=\"wp-block-stackable-column stk-block-column stk-column stk-block stk-656155e\" data-v=\"4\" data-block-id=\"656155e\"><style>.stk-656155e-container{margin-top:0px !important;margin-right:0px !important;margin-bottom:0px !important;margin-left:0px !important;}@media screen and (min-width:690px){.stk-656155e {flex:var(--stk-flex-grow, 1) 1 calc(46.3% - var(--stk-column-gap, 0px) * 1 \/ 2 ) !important;}}@media screen and (min-width:690px) and (max-width:999px){.stk-656155e {flex:var(--stk-flex-grow, 1) 1 calc(100% - var(--stk-column-gap, 0px) * 0 \/ 1 ) !important;}}<\/style><div class=\"stk-column-wrapper stk-block-column__content stk-container stk-656155e-container stk--no-background stk--no-padding\"><div class=\"has-text-align-center-tablet stk-block-content stk-inner-blocks stk-656155e-inner-blocks\">\n<div class=\"wp-block-stackable-heading stk-block-heading stk-block-heading--v2 stk-block stk-7225c59\" id=\"arrow-boats\" data-block-id=\"7225c59\"><style>.stk-7225c59 {margin-bottom:10px !important;}.stk-7225c59 .stk-block-heading__text{font-size:50px !important;color:var(--theme-palette-color-8, #ffffff) !important;line-height:1.3em !important;font-weight:800 !important;}@media screen and (max-width:999px){.stk-7225c59 .stk-block-heading__text{font-size:40px !important;}}@media screen and (max-width:689px){.stk-7225c59 .stk-block-heading__text{font-size:23px !important;}}<\/style><h1 class=\"stk-block-heading__text has-text-color\">ARROW Boote<\/h1><\/div>\n\n\n\n<div class=\"wp-block-stackable-text stk-block-text stk-block stk-81505a5\" data-block-id=\"81505a5\"><style>.stk-81505a5 {margin-bottom:60px !important;}.stk-81505a5 .stk-block-text__text{font-size:25px !important;color:var(--theme-palette-color-8, #ffffff) !important;}@media screen and (max-width:999px){.stk-81505a5 .stk-block-text__text{font-size:25px !important;}}@media screen and (max-width:689px){.stk-81505a5 .stk-block-text__text{font-size:14px !important;}}<\/style><p class=\"stk-block-text__text has-text-color\">Kaufen Sie ein Boot bei uns und genie\u00dfen Sie das g\u00fcnstigste Bootserlebnis.<\/p><\/div>\n\n\n\n<div class=\"wp-block-stackable-button-group stk-block-button-group stk-block stk-137f217\" data-block-id=\"137f217\"><style>.stk-137f217 .stk-inner-blocks{column-gap:20px !important;row-gap:15px !important;}<\/style><div class=\"stk-row stk-inner-blocks has-text-align-center stk-block-content stk-button-group\">\n<div class=\"wp-block-stackable-button stk-block-button has-text-align-right stk-block stk-f55ba43\" data-block-id=\"f55ba43\"><style>.stk-f55ba43 {min-height:0px !important;margin-top:0px !important;margin-right:0px !important;margin-bottom:0px !important;margin-left:0px !important;}.stk-f55ba43 .stk-button{min-height:50px !important;padding-top:12px !important;padding-right:30px !important;padding-bottom:12px !important;padding-left:30px !important;background:linear-gradient(to top, #30cfd0 0%, #330867 100%) !important;}.stk-f55ba43 .stk-button:hover:after{background:var(--theme-palette-color-2, #5e3fde) !important;opacity:1 !important;}<\/style><a class=\"stk-link stk-button stk--hover-effect-darken\" href=\"http:\/\/arrowboats.pl\/\" target=\"_blank\" rel=\"noopener\"><span class=\"stk-button__inner-text\">Marke Website<\/span><\/a><\/div>\n<\/div><\/div>\n<\/div><\/div><\/div>\n\n\n\n<div class=\"wp-block-stackable-column stk-block-column stk-column stk-block stk-df3537e\" data-v=\"4\" data-block-id=\"df3537e\"><style>.stk-df3537e-container{margin-top:0px !important;margin-right:0px !important;margin-bottom:0px !important;margin-left:0px !important;}@media screen and (min-width:690px){.stk-df3537e {flex:var(--stk-flex-grow, 1) 1 calc(53.7% - var(--stk-column-gap, 0px) * 1 \/ 2 ) !important;}}@media screen and (min-width:690px) and (max-width:999px){.stk-df3537e {flex:var(--stk-flex-grow, 1) 1 calc(100% - var(--stk-column-gap, 0px) * 0 \/ 1 ) !important;}}<\/style><div class=\"stk-column-wrapper stk-block-column__content stk-container stk-df3537e-container stk--no-background stk--no-padding\"><div class=\"stk-block-content stk-inner-blocks stk-df3537e-inner-blocks\">\n<div class=\"wp-block-stackable-image stk-block-image stk-block stk-9a0d017\" data-block-id=\"9a0d017\"><style>.stk-9a0d017 {border-top-left-radius:0px !important;border-top-right-radius:0px !important;border-bottom-right-radius:0px !important;border-bottom-left-radius:0px !important;overflow:hidden !important;margin-bottom:10px !important;}.stk-9a0d017 .stk-img-wrapper{aspect-ratio:4\/3 !important;width:234px !important;height:176px !important;--stk-gradient-overlay:0 !important;}:where(.stk-hover-parent:hover,  .stk-hover-parent.stk--is-hovered) .stk-9a0d017 .stk-img-wrapper img{transform:scale(1) !important;}.stk-9a0d017 .stk-img-wrapper img{border-radius:45px !important;object-fit:contain !important;}:where(.stk-hover-parent:hover,  .stk-hover-parent.stk--is-hovered) .stk-9a0d017 .stk-img-wrapper::after{background-color:var(--theme-palette-color-2, #5e3fde) !important;}:where(.stk-hover-parent:hover,  .stk-hover-parent.stk--is-hovered) .stk-9a0d017 .stk-img-wrapper{--stk-gradient-overlay:0.95 !important;}<\/style><figure><span class=\"stk-img-wrapper stk-image--shape-stretch\"><img loading=\"lazy\" decoding=\"async\" class=\"stk-img wp-image-4630\" src=\"https:\/\/yourboat.es\/wp-content\/uploads\/2025\/03\/ARROW-ousk1krdslmhwhiujvwqsb4d0duq9t38hyx4ziommq.png\" width=\"200\" height=\"117\"\/><\/span><\/figure><\/div>\n<\/div><\/div><\/div>\n\n\n\n<div class=\"wp-block-stackable-column stk-block-column stk-column stk-block stk-9c95a43\" data-v=\"4\" data-block-id=\"9c95a43\"><div class=\"stk-column-wrapper stk-block-column__content stk-container stk-9c95a43-container stk--no-background stk--no-padding\"><div class=\"stk-block-content stk-inner-blocks stk-9c95a43-inner-blocks\"><\/div><\/div><\/div>\n\n\n\n<div class=\"wp-block-stackable-column stk-block-column stk-column stk-block stk-e87e186\" data-v=\"4\" data-block-id=\"e87e186\"><div class=\"stk-column-wrapper stk-block-column__content stk-container stk-e87e186-container stk--no-background stk--no-padding\"><div class=\"stk-block-content stk-inner-blocks stk-e87e186-inner-blocks\"><\/div><\/div><\/div>\n\n\n\n<div class=\"wp-block-stackable-column stk-block-column stk-column stk-block stk-416df69\" data-v=\"4\" data-block-id=\"416df69\"><div class=\"stk-column-wrapper stk-block-column__content stk-container stk-416df69-container stk--no-background stk--no-padding\"><div class=\"stk-block-content stk-inner-blocks stk-416df69-inner-blocks\"><\/div><\/div><\/div>\n<\/div><\/div>\n\n<div class=\"wp-block-stackable-spacer stk-block-spacer stk--no-padding stk-block stk-92b4f79\" data-block-id=\"92b4f79\"><\/div>\n\n<div class=\"wp-block-stackable-divider stk-block-divider stk-block stk-d902b9d\" data-block-id=\"d902b9d\"><style>.stk-d902b9d hr.stk-block-divider__hr{width:80% !important;}<\/style><hr class=\"stk-block-divider__hr\"\/><\/div>\n\n<div class=\"wp-block-stackable-columns stk-block-columns stk-block stk-6cad876\" data-block-id=\"6cad876\"><div class=\"stk-row stk-inner-blocks stk-block-content stk-content-align stk-6cad876-column\">\n<div class=\"wp-block-stackable-column stk-block-column stk-column stk-block stk-bd3d3bb\" data-v=\"4\" data-block-id=\"bd3d3bb\"><div class=\"stk-column-wrapper stk-block-column__content stk-container stk-bd3d3bb-container stk--no-background stk--no-padding\"><div class=\"stk-block-content stk-inner-blocks stk-bd3d3bb-inner-blocks\">\n<div class=\"wp-block-stackable-heading stk-block-heading stk-block-heading--v2 stk-block stk-141e234\" id=\"m\" data-block-id=\"141e234\"><h2 class=\"stk-block-heading__text\">Treffen Sie die Marke<\/h2><\/div>\n\n\n\n<div class=\"wp-block-stackable-text stk-block-text stk-block stk-cdea04c\" data-block-id=\"cdea04c\"><style>.stk-cdea04c {margin-bottom:60px !important;}.stk-cdea04c .stk-block-text__text{font-size:20px !important;}@media screen and (max-width:999px){.stk-cdea04c .stk-block-text__text{font-size:20px !important;}}@media screen and (max-width:689px){.stk-cdea04c .stk-block-text__text{font-size:23px !important;}}<\/style><p class=\"stk-block-text__text has-text-align-left\">Arrow Boats ist eine Marke, die aus der Leidenschaft f\u00fcr modernes Design und hochwertige Motorboote entstanden ist. Indem man auf die Bed\u00fcrfnisse des Marktes h\u00f6rte und sich mit der Industrie beriet, wurde ein einzigartiges Boot &#8211; die Abaris 23 &#8211; geschaffen. Dieses Modell erf\u00fcllt die Erwartungen selbst der anspruchsvollsten Kunden und kombiniert einen aggressiven, modernen Look mit hervorragender Handwerkskunst.  <br\/><br\/>Das Boot Abaris 23 wurde von dem weltber\u00fchmten Designer Tomasz Rosi\u0144ski entworfen, was f\u00fcr sein einzigartiges Aussehen und seine Funktionalit\u00e4t sorgt, die es von der Konkurrenz abhebt. Arrow Boats konzentriert sich auf Innovation, Sicherheit und Benutzerkomfort und bietet ein Produkt, das die Bed\u00fcrfnisse derjenigen befriedigt, die sowohl moderne L\u00f6sungen als auch solide Technologie suchen. <\/p><\/div>\n<\/div><\/div><\/div>\n\n\n\n<div class=\"wp-block-stackable-column stk-block-column stk-column stk-block stk-151d33f\" data-v=\"4\" data-block-id=\"151d33f\"><div class=\"stk-column-wrapper stk-block-column__content stk-container stk-151d33f-container stk--no-background stk--no-padding\"><div class=\"stk-block-content stk-inner-blocks stk-151d33f-inner-blocks\">\n<div class=\"wp-block-stackable-image stk-block-image stk-block stk-0d411cd\" data-block-id=\"0d411cd\"><style>.stk-0d411cd {margin-bottom:10px !important;}.stk-0d411cd .stk-img-wrapper{aspect-ratio:4\/3 !important;width:100% !important;height:auto !important;}:where(.stk-hover-parent:hover,  .stk-hover-parent.stk--is-hovered) .stk-0d411cd .stk-img-wrapper img{transform:scale(1) !important;}.stk-0d411cd .stk-img-wrapper img{border-radius:35px !important;}:where(.stk-hover-parent:hover,  .stk-hover-parent.stk--is-hovered) .stk-0d411cd .stk-img-wrapper::after{background-color:var(--theme-palette-color-2, #5e3fde) !important;}:where(.stk-hover-parent:hover,  .stk-hover-parent.stk--is-hovered) .stk-0d411cd .stk-img-wrapper{--stk-gradient-overlay:0.95 !important;}@media screen and (max-width:999px){.stk-0d411cd .stk-img-wrapper{height:auto !important;}}@media screen and (max-width:689px){.stk-0d411cd .stk-img-wrapper{height:auto !important;}}<\/style><figure><span class=\"stk-img-wrapper stk-image--shape-stretch\"><img loading=\"lazy\" decoding=\"async\" class=\"stk-img wp-image-2994\" src=\"https:\/\/yourboat.es\/wp-content\/uploads\/2024\/11\/PHOTO-2024-10-05-12-46-34-4.jpg\" width=\"720\" height=\"480\" srcset=\"https:\/\/yourboat.es\/wp-content\/uploads\/2024\/11\/PHOTO-2024-10-05-12-46-34-4.jpg 720w, https:\/\/yourboat.es\/wp-content\/uploads\/2024\/11\/PHOTO-2024-10-05-12-46-34-4-300x200.jpg 300w\" sizes=\"auto, (max-width: 720px) 100vw, 720px\" \/><\/span><\/figure><\/div>\n<\/div><\/div><\/div>\n<\/div><\/div>\n\n<div class=\"wp-block-stackable-divider stk-block-divider stk-block stk-7eb3da4\" data-block-id=\"7eb3da4\"><style>.stk-7eb3da4 hr.stk-block-divider__hr{width:80% !important;}<\/style><hr class=\"stk-block-divider__hr\"\/><\/div>\n\n<div class=\"wp-block-stackable-columns stk-block-columns stk-block stk-8005e06\" data-block-id=\"8005e06\"><style>@media screen and (max-width:689px){.stk-8005e06 {--stk-col-order-1:2 !important;--stk-col-order-2:1 !important;}}<\/style><div class=\"stk-row stk-inner-blocks stk-block-content stk-content-align stk-8005e06-column\">\n<div class=\"wp-block-stackable-column stk-block-column stk-column stk-block stk-6b4365d\" data-v=\"4\" data-block-id=\"6b4365d\"><style>@media screen and (min-width:690px){.stk-6b4365d {flex:var(--stk-flex-grow, 1) 1 calc(43.79999999999998% - var(--stk-column-gap, 0px) * 1 \/ 2 ) !important;}}<\/style><div class=\"stk-column-wrapper stk-block-column__content stk-container stk-6b4365d-container stk--no-background stk--no-padding\"><div class=\"stk-block-content stk-inner-blocks stk-6b4365d-inner-blocks\">\n<div class=\"wp-block-stackable-image stk-block-image stk-block stk-f257190\" data-block-id=\"f257190\"><style>.stk-f257190 {margin-bottom:10px !important;}.stk-f257190 .stk-img-wrapper{aspect-ratio:4\/3 !important;width:100% !important;height:auto !important;}:where(.stk-hover-parent:hover,  .stk-hover-parent.stk--is-hovered) .stk-f257190 .stk-img-wrapper img{transform:scale(1) !important;}.stk-f257190 .stk-img-wrapper img{border-radius:45px !important;}:where(.stk-hover-parent:hover,  .stk-hover-parent.stk--is-hovered) .stk-f257190 .stk-img-wrapper::after{background-color:var(--theme-palette-color-2, #5e3fde) !important;}:where(.stk-hover-parent:hover,  .stk-hover-parent.stk--is-hovered) .stk-f257190 .stk-img-wrapper{--stk-gradient-overlay:0.95 !important;}@media screen and (max-width:999px){.stk-f257190 .stk-img-wrapper{height:auto !important;}}@media screen and (max-width:689px){.stk-f257190 .stk-img-wrapper{height:auto !important;}}<\/style><figure><span class=\"stk-img-wrapper stk-image--shape-stretch\"><img loading=\"lazy\" decoding=\"async\" class=\"stk-img wp-image-3003\" src=\"https:\/\/yourboat.es\/wp-content\/uploads\/2024\/11\/PHOTO-2024-10-05-12-46-34.jpg\" width=\"720\" height=\"480\" srcset=\"https:\/\/yourboat.es\/wp-content\/uploads\/2024\/11\/PHOTO-2024-10-05-12-46-34.jpg 720w, https:\/\/yourboat.es\/wp-content\/uploads\/2024\/11\/PHOTO-2024-10-05-12-46-34-300x200.jpg 300w\" sizes=\"auto, (max-width: 720px) 100vw, 720px\" \/><\/span><\/figure><\/div>\n<\/div><\/div><\/div>\n\n\n\n<div class=\"wp-block-stackable-column stk-block-column stk-column stk-block stk-76a7f62\" data-v=\"4\" data-block-id=\"76a7f62\"><style>@media screen and (min-width:690px){.stk-76a7f62 {flex:var(--stk-flex-grow, 1) 1 calc(56.20000000000002% - var(--stk-column-gap, 0px) * 1 \/ 2 ) !important;}}<\/style><div class=\"stk-column-wrapper stk-block-column__content stk-container stk-76a7f62-container stk--no-background stk--no-padding\"><div class=\"stk-block-content stk-inner-blocks stk-76a7f62-inner-blocks\">\n<div class=\"wp-block-stackable-heading stk-block-heading stk-block-heading--v2 stk-block stk-dbdbdb3\" id=\"whats-more\" data-block-id=\"dbdbdb3\"><h2 class=\"stk-block-heading__text\">Und mehr noch<\/h2><\/div>\n\n\n\n<div class=\"wp-block-stackable-text stk-block-text stk-block stk-728b1d9\" data-block-id=\"728b1d9\"><style>.stk-728b1d9 {margin-bottom:60px !important;}.stk-728b1d9 .stk-block-text__text{font-size:20px !important;}@media screen and (max-width:999px){.stk-728b1d9 .stk-block-text__text{font-size:20px !important;}}@media screen and (max-width:689px){.stk-728b1d9 .stk-block-text__text{font-size:23px !important;}}<\/style><p class=\"stk-block-text__text has-text-align-left\">Das in Polen hergestellte Boot Abaris 23 verwendet fortschrittliche Produktionstechnologien. Der Rumpf und das Deck werden im Infusionsverfahren hergestellt, was h\u00f6here technisch-mechanische Parameter des Laminats und eine hervorragende Wiederholbarkeit der hergestellten Elemente gew\u00e4hrleistet. Au\u00dferdem garantiert die Verwendung der RTM- und Light RTM-Technologie f\u00fcr die Herstellung von Zubeh\u00f6rteilen eine noch bessere Qualit\u00e4t und Haltbarkeit der Struktur.  <\/p><\/div>\n<\/div><\/div><\/div>\n<\/div><\/div>\n\n<div class=\"wp-block-stackable-divider stk-block-divider stk-block stk-9cb7544\" data-block-id=\"9cb7544\"><style>.stk-9cb7544 hr.stk-block-divider__hr{width:80% !important;}<\/style><hr class=\"stk-block-divider__hr\"\/><\/div>\n\n<div class=\"wp-block-stackable-columns alignfull stk-block-columns stk-block stk-e193fb2 stk-block-background\" data-block-id=\"e193fb2\"><style>.stk-e193fb2 {background-color:var(--theme-palette-color-2, \t #133252) !important;min-height:200px !important;margin-bottom:-25px !important;}.stk-e193fb2:before{background-color:var(--theme-palette-color-2, \t #133252) !important;}<\/style><div class=\"stk-row stk-inner-blocks stk-block-content stk-content-align stk-e193fb2-column alignfull\">\n<div class=\"wp-block-stackable-column stk-block-column stk-column stk-block stk-6033036\" data-v=\"4\" data-block-id=\"6033036\"><div class=\"stk-column-wrapper stk-block-column__content stk-container stk-6033036-container stk--no-background stk--no-padding\"><div class=\"stk-block-content stk-inner-blocks stk-6033036-inner-blocks\">\n<div class=\"wp-block-stackable-heading stk-block-heading stk-block-heading--v2 stk-block stk-2c156bc\" id=\"contact-information\" data-block-id=\"2c156bc\"><style>.stk-2c156bc .stk-block-heading__text{color:var(--theme-palette-color-8, #ffffff) !important;}<\/style><h2 class=\"stk-block-heading__text has-text-color\">Kontaktinformationen<\/h2><\/div>\n<\/div><\/div><\/div>\n\n\n\n<div class=\"wp-block-stackable-column stk-block-column stk-column stk-block stk-432facc\" data-v=\"4\" data-block-id=\"432facc\"><div class=\"stk-column-wrapper stk-block-column__content stk-container stk-432facc-container stk--no-background stk--no-padding\"><div class=\"stk-block-content stk-inner-blocks stk-432facc-inner-blocks\">\n<div class=\"wp-block-stackable-text stk-block-text stk-block stk-227e99c\" data-block-id=\"227e99c\"><style>.stk-227e99c .stk-block-text__text{color:var(--theme-palette-color-8, #ffffff) !important;}<\/style><p class=\"stk-block-text__text has-text-color\">E-Mail: arrowboatspl@gmail.com<br\/><br\/>Telefon: +48 662-767-767<\/p><\/div>\n<\/div><\/div><\/div>\n\n\n\n<div class=\"wp-block-stackable-column stk-block-column stk-column stk-block stk-f8d135e\" data-v=\"4\" data-block-id=\"f8d135e\"><div class=\"stk-column-wrapper stk-block-column__content stk-container stk-f8d135e-container stk--no-background stk--no-padding\"><div class=\"stk-block-content stk-inner-blocks stk-f8d135e-inner-blocks\">\n<div class=\"wp-block-stackable-text stk-block-text stk-block stk-b56358e\" data-block-id=\"b56358e\"><style>.stk-b56358e .stk-block-text__text{color:var(--theme-palette-color-8, #ffffff) !important;}<\/style><p class=\"stk-block-text__text has-text-color\">Adresse:<br\/><\/p><\/div>\n<\/div><\/div><\/div>\n<\/div><\/div>\n","protected":false},"excerpt":{"rendered":"<p>ARROW Boote Kaufen Sie ein Boot bei uns und genie\u00dfen Sie das g\u00fcnstigste Bootserlebnis. Marke Website Treffen Sie die Marke Arrow Boats ist eine Marke, die aus der Leidenschaft f\u00fcr modernes Design und hochwertige Motorboote entstanden ist. Indem man auf die Bed\u00fcrfnisse des Marktes h\u00f6rte und sich mit der Industrie beriet, wurde ein einzigartiges Boot [&hellip;]<\/p>\n","protected":false},"author":3,"featured_media":0,"parent":0,"menu_order":0,"comment_status":"closed","ping_status":"closed","template":"","meta":{"_acf_changed":false,"inline_featured_image":false,"footnotes":""},"class_list":["post-4637","page","type-page","status-publish","hentry"],"blocksy_meta":[],"acf":[],"_links":{"self":[{"href":"https:\/\/yourboat.es\/de\/wp-json\/wp\/v2\/pages\/4637","targetHints":{"allow":["GET"]}}],"collection":[{"href":"https:\/\/yourboat.es\/de\/wp-json\/wp\/v2\/pages"}],"about":[{"href":"https:\/\/yourboat.es\/de\/wp-json\/wp\/v2\/types\/page"}],"author":[{"embeddable":true,"href":"https:\/\/yourboat.es\/de\/wp-json\/wp\/v2\/users\/3"}],"replies":[{"embeddable":true,"href":"https:\/\/yourboat.es\/de\/wp-json\/wp\/v2\/comments?post=4637"}],"version-history":[{"count":3,"href":"https:\/\/yourboat.es\/de\/wp-json\/wp\/v2\/pages\/4637\/revisions"}],"predecessor-version":[{"id":4759,"href":"https:\/\/yourboat.es\/de\/wp-json\/wp\/v2\/pages\/4637\/revisions\/4759"}],"wp:attachment":[{"href":"https:\/\/yourboat.es\/de\/wp-json\/wp\/v2\/media?parent=4637"}],"curies":[{"name":"wp","href":"https:\/\/api.w.org\/{rel}","templated":true}]}}