{"id":8292,"date":"2026-04-21T12:40:09","date_gmt":"2026-04-21T12:40:09","guid":{"rendered":"https:\/\/yourboat.es\/vertriebspartner\/"},"modified":"2026-04-25T12:49:58","modified_gmt":"2026-04-25T12:49:58","slug":"vertriebspartner","status":"publish","type":"page","link":"https:\/\/yourboat.es\/de\/vertriebspartner\/","title":{"rendered":"Vertriebspartner"},"content":{"rendered":"\n<div class=\"wp-block-stackable-spacer stk-block-spacer stk--no-padding stk-block stk-7b53a34\" data-block-id=\"7b53a34\"><\/div>\n\n<div class=\"wp-block-stackable-columns alignwide stk-block-columns stk-block stk-9e54f04\" data-block-id=\"9e54f04\"><div class=\"stk-row stk-inner-blocks stk-block-content stk-content-align stk-9e54f04-column alignwide\">\n<div class=\"wp-block-stackable-column stk-block-column stk-column stk-block stk-568b343\" data-v=\"4\" data-block-id=\"568b343\"><style>.stk-568b343-inner-blocks{justify-content:space-between !important;}<\/style><div class=\"stk-column-wrapper stk-block-column__content stk-container stk-568b343-container stk--no-background stk--no-padding\"><div class=\"stk--column-flex stk-block-content stk-inner-blocks stk-568b343-inner-blocks\">\n<div style=\"display: flex; justify-content: center;\">\n  <iframe loading=\"lazy\" src=\"https:\/\/www.google.com\/maps\/d\/u\/1\/embed?mid=1YbkVf5E5xN1y-c9-ICGO1Ehygdg-6tI&#038;ehbc=2E312F\" width=\"800\" height=\"600\" style=\"border: none;\"><\/iframe>\n<\/div>\n<\/div><\/div><\/div>\n<\/div><\/div>\n\n<div class=\"wp-block-stackable-divider stk-block-divider stk-block stk-a50d1a9\" data-block-id=\"a50d1a9\" data-block-type=\"core\" data-block-type=\"core\"><style>.stk-a50d1a9 hr.stk-block-divider__hr{background:#fffffe !important;height:8px !important;width:100% !important;}.stk-a50d1a9 {border-top-left-radius:0px !important;border-top-right-radius:0px !important;border-bottom-right-radius:0px !important;border-bottom-left-radius:0px !important;overflow:hidden !important;border-style:solid !important;border-top-width:0px !important;border-right-width:0px !important;border-bottom-width:0px !important;border-left-width:0px !important;}<\/style><style class=\"stk-custom-css\">.stk-a50d1a9.stk-block-divider{width:100% !important;max-width:100vw !important;margin-left:0 !important;margin-right:0 !important}<\/style><hr class=\"stk-block-divider__hr\"\/><\/div>\n\n<div class=\"wp-block-stackable-columns stk-block-columns stk-block stk-dbcf3cd\" data-block-id=\"dbcf3cd\"><div class=\"stk-row stk-inner-blocks stk-block-content stk-content-align stk-dbcf3cd-column\">\n<div class=\"wp-block-stackable-column stk-block-column stk-column stk-block stk-c02aee1\" data-v=\"4\" data-block-id=\"c02aee1\"><div class=\"stk-column-wrapper stk-block-column__content stk-container stk-c02aee1-container stk--no-background stk--no-padding\"><div class=\"stk-block-content stk-inner-blocks stk-c02aee1-inner-blocks\">\n<div class=\"wp-block-stackable-columns stk-block-columns stk-block stk-74dc3a8\" data-block-id=\"74dc3a8\"><style>.stk-74dc3a8 .stk--block-align-74dc3a8{align-items:center !important;}.stk-74dc3a8-column{max-width:1200px !important;min-width:auto !important;justify-content:center !important;}<\/style><div class=\"stk-row stk-inner-blocks stk--block-align-74dc3a8 stk-block-content stk-content-align stk-74dc3a8-column stk--flex\">\n<div class=\"wp-block-stackable-column stk-block-column stk-column stk-block stk-63d4fc6\" data-v=\"4\" data-block-id=\"63d4fc6\"><div class=\"stk-column-wrapper stk-block-column__content stk-container stk-63d4fc6-container stk--no-background stk--no-padding\"><div class=\"stk-block-content stk-inner-blocks stk-63d4fc6-inner-blocks\">\n<div class=\"wp-block-stackable-heading stk-block-heading stk-block-heading--v2 stk-block stk-b7d7c0b\" id=\"strong-we-work-with-the-best-strong\" data-block-id=\"b7d7c0b\"><style>.stk-b7d7c0b {margin-bottom:10px !important;}.stk-b7d7c0b .stk-block-heading__text{font-size:50px !important;color:var(--theme-palette-color-8, #ffffff) !important;line-height:1.3em !important;font-weight:800 !important;}@media screen and (max-width:999px){.stk-b7d7c0b .stk-block-heading__text{font-size:40px !important;}}@media screen and (max-width:689px){.stk-b7d7c0b .stk-block-heading__text{font-size:29px !important;}}<\/style><h1 class=\"stk-block-heading__text has-text-color has-text-align-left\"><strong>Wir arbeiten mit den Besten<\/strong><\/h1><\/div>\n\n\n\n<div class=\"wp-block-stackable-text stk-block-text stk-block stk-5a731ff\" data-block-id=\"5a731ff\"><style>.stk-5a731ff {margin-left:40px !important;}.stk-5a731ff .stk-block-text__text{line-height:1.3em !important;}<\/style><p class=\"stk-block-text__text\">Wir bauen unser H\u00e4ndlernetz kontinuierlich und dynamisch aus und schlie\u00dfen starke Partnerschaften mit vertrauensw\u00fcrdigen Fachleuten aus der gesamten Branche. Gegenw\u00e4rtig sind wir in den wichtigsten spanischen Reisezielen vertreten, wo wir mit zuverl\u00e4ssigen und erfahrenen Partnern zusammenarbeiten, die unsere Standards und Visionen teilen.<br\/>Wir sind offen f\u00fcr weiteres Wachstum und laden aktiv neue Partner ein, sich unserem Netzwerk anzuschlie\u00dfen. Wenn Sie an einer Zusammenarbeit mit uns interessiert sind, freuen wir uns \u00fcber die Gelegenheit, mit Ihnen in Kontakt zu treten und eine m\u00f6gliche Zusammenarbeit zu erkunden.  <\/p><\/div>\n\n\n\n<p data-block-type=\"core\"><\/p>\n<\/div><\/div><\/div>\n<\/div><\/div>\n<\/div><\/div><\/div>\n<\/div><\/div>\n\n<div class=\"wp-block-stackable-divider stk-block-divider stk-block stk-exeysro\" data-block-id=\"exeysro\" data-block-type=\"core\" data-block-type=\"core\"><style>.stk-exeysro hr.stk-block-divider__hr{background:#fffffe !important;height:8px !important;width:100% !important;}.stk-exeysro {border-top-left-radius:0px !important;border-top-right-radius:0px !important;border-bottom-right-radius:0px !important;border-bottom-left-radius:0px !important;overflow:hidden !important;border-style:solid !important;border-top-width:0px !important;border-right-width:0px !important;border-bottom-width:0px !important;border-left-width:0px !important;}<\/style><style class=\"stk-custom-css\">.stk-exeysro.stk-block-divider{width:100% !important;max-width:100vw !important;margin-left:0 !important;margin-right:0 !important}<\/style><hr class=\"stk-block-divider__hr\"\/><\/div>\n\n<div class=\"wp-block-stackable-columns stk-block-columns stk-block stk-1d4c964\" data-block-id=\"1d4c964\"><style>.stk-1d4c964-column{max-width:1200px !important;min-width:auto !important;}<\/style><div class=\"stk-row stk-inner-blocks stk-block-content stk-content-align stk-1d4c964-column\">\n<div class=\"wp-block-stackable-column stk-block-column stk-column stk-block stk-6e7e953\" data-v=\"4\" data-block-id=\"6e7e953\"><div class=\"stk-column-wrapper stk-block-column__content stk-container stk-6e7e953-container stk--no-background stk--no-padding\"><div class=\"stk-block-content stk-inner-blocks stk-6e7e953-inner-blocks\">\n<div class=\"wp-block-stackable-columns stk-block-columns stk-block stk-07e25b5\" data-block-id=\"07e25b5\"><div class=\"stk-row stk-inner-blocks stk-block-content stk-content-align stk-07e25b5-column\">\n<div class=\"wp-block-stackable-column stk-block-column stk-column stk-block stk-a0cca14\" data-v=\"4\" data-block-id=\"a0cca14\"><div class=\"stk-column-wrapper stk-block-column__content stk-container stk-a0cca14-container stk--no-background stk--no-padding\"><div class=\"stk-block-content stk-inner-blocks stk-a0cca14-inner-blocks\">\n<div class=\"wp-block-stackable-heading stk-block-heading stk-block-heading--v2 stk-block stk-420c1ef\" id=\"strong-our-trusted-distributors-strong\" data-block-id=\"420c1ef\"><style>.stk-420c1ef {margin-bottom:10px !important;}.stk-420c1ef .stk-block-heading__text{font-size:50px !important;color:var(--theme-palette-color-8, #ffffff) !important;line-height:1.3em !important;font-weight:800 !important;}@media screen and (max-width:999px){.stk-420c1ef .stk-block-heading__text{font-size:40px !important;}}@media screen and (max-width:689px){.stk-420c1ef .stk-block-heading__text{font-size:29px !important;}}<\/style><h1 class=\"stk-block-heading__text has-text-color has-text-align-left\"><strong>Unsere vertrauensw\u00fcrdigen Vertriebspartner:<\/strong><\/h1><\/div>\n\n\n\n<ul class=\"wp-block-list\" data-block-type=\"core\">\n<li data-block-type=\"core\">Cruz Marina Santander<\/li>\n\n\n\n<li data-block-type=\"core\">Samuel Yebra Garcia &#8211; Kanarische Inseln<\/li>\n\n\n\n<li data-block-type=\"core\">Costa Brava Boot mieten &#8211; Platja d&#8217;Aro, Katalonien<\/li>\n<\/ul>\n<\/div><\/div><\/div>\n<\/div><\/div>\n<\/div><\/div><\/div>\n<\/div><\/div>\n\n<p data-block-type=\"core\"><\/p>\n\n<div class=\"wp-block-stackable-divider stk-block-divider stk-block stk-v72whuy\" data-block-id=\"v72whuy\" data-block-type=\"core\" data-block-type=\"core\"><style>.stk-v72whuy hr.stk-block-divider__hr{background:#fffffe !important;height:8px !important;width:100% !important;}.stk-v72whuy {border-top-left-radius:0px !important;border-top-right-radius:0px !important;border-bottom-right-radius:0px !important;border-bottom-left-radius:0px !important;overflow:hidden !important;border-style:solid !important;border-top-width:0px !important;border-right-width:0px !important;border-bottom-width:0px !important;border-left-width:0px !important;}<\/style><style class=\"stk-custom-css\">.stk-v72whuy.stk-block-divider{width:100% !important;max-width:100vw !important;margin-left:0 !important;margin-right:0 !important}<\/style><hr class=\"stk-block-divider__hr\"\/><\/div>\n","protected":false},"excerpt":{"rendered":"<p>Wir arbeiten mit den Besten Wir bauen unser H\u00e4ndlernetz kontinuierlich und dynamisch aus und schlie\u00dfen starke Partnerschaften mit vertrauensw\u00fcrdigen Fachleuten aus der gesamten Branche. Gegenw\u00e4rtig sind wir in den wichtigsten spanischen Reisezielen vertreten, wo wir mit zuverl\u00e4ssigen und erfahrenen Partnern zusammenarbeiten, die unsere Standards und Visionen teilen.Wir sind offen f\u00fcr weiteres Wachstum und laden aktiv [&hellip;]<\/p>\n","protected":false},"author":3,"featured_media":0,"parent":0,"menu_order":0,"comment_status":"closed","ping_status":"closed","template":"","meta":{"_acf_changed":false,"inline_featured_image":false,"footnotes":""},"class_list":["post-8292","page","type-page","status-publish","hentry"],"blocksy_meta":{"content_style_source":"inherit","vertical_spacing_source":"custom","content_area_spacing":"top","styles_descriptor":{"styles":{"desktop":"","tablet":"","mobile":""},"google_fonts":[],"version":6}},"acf":[],"_links":{"self":[{"href":"https:\/\/yourboat.es\/de\/wp-json\/wp\/v2\/pages\/8292","targetHints":{"allow":["GET"]}}],"collection":[{"href":"https:\/\/yourboat.es\/de\/wp-json\/wp\/v2\/pages"}],"about":[{"href":"https:\/\/yourboat.es\/de\/wp-json\/wp\/v2\/types\/page"}],"author":[{"embeddable":true,"href":"https:\/\/yourboat.es\/de\/wp-json\/wp\/v2\/users\/3"}],"replies":[{"embeddable":true,"href":"https:\/\/yourboat.es\/de\/wp-json\/wp\/v2\/comments?post=8292"}],"version-history":[{"count":4,"href":"https:\/\/yourboat.es\/de\/wp-json\/wp\/v2\/pages\/8292\/revisions"}],"predecessor-version":[{"id":8329,"href":"https:\/\/yourboat.es\/de\/wp-json\/wp\/v2\/pages\/8292\/revisions\/8329"}],"wp:attachment":[{"href":"https:\/\/yourboat.es\/de\/wp-json\/wp\/v2\/media?parent=8292"}],"curies":[{"name":"wp","href":"https:\/\/api.w.org\/{rel}","templated":true}]}}