{"id":2007,"date":"2024-05-23T12:33:25","date_gmt":"2024-05-23T12:33:25","guid":{"rendered":"https:\/\/yourboat.es\/terminos-y-condiciones\/"},"modified":"2025-08-24T21:13:58","modified_gmt":"2025-08-24T21:13:58","slug":"terminos-y-condiciones","status":"publish","type":"page","link":"https:\/\/yourboat.es\/es\/terminos-y-condiciones\/","title":{"rendered":"T\u00e9rminos y condiciones"},"content":{"rendered":"\n<div class=\"wp-block-stackable-columns alignfull stk-block-columns stk-block stk-033dfc7 stk-block-background stk--has-background-overlay\" data-block-id=\"033dfc7\"><style>.stk-033dfc7{background-color:var(--theme-palette-color-2,#133252) !important;background-image:url(http:\/\/yourboat.es\/wp-content\/uploads\/2024\/05\/Untitled-design-1.png) !important;padding-top:300px !important;padding-bottom:200px !important;margin-bottom:0px !important}.stk-033dfc7:before{background-color:var(--theme-palette-color-2,#133252) !important;opacity:0.5 !important}.stk-033dfc7-column{--stk-column-gap:35px !important}@media screen and (max-width:999px){.stk-033dfc7{padding-top:250px !important;padding-bottom:150px !important}}@media screen and (max-width:689px){.stk-033dfc7{padding-top:150px !important;padding-bottom:100px !important}}<\/style><div class=\"stk-row stk-inner-blocks has-text-align-center stk-block-content stk-content-align stk-033dfc7-column\">\n<div class=\"wp-block-stackable-column stk-block-column stk-column stk-block stk-7a5cd5a\" data-v=\"4\" data-block-id=\"7a5cd5a\"><style>.stk-7a5cd5a-container{margin-top:0px !important;margin-right:0px !important;margin-bottom:0px !important;margin-left:0px !important}<\/style><div class=\"stk-column-wrapper stk-block-column__content stk-container stk-7a5cd5a-container stk--no-background stk--no-padding\"><div class=\"has-text-align-center-tablet stk-block-content stk-inner-blocks stk-7a5cd5a-inner-blocks\">\n<div class=\"wp-block-stackable-heading stk-block-heading stk-block-heading--v2 stk-block stk-e87da4d\" id=\"terms-and-conditions\" data-block-id=\"e87da4d\"><style>.stk-e87da4d{margin-bottom:10px !important}.stk-e87da4d .stk-block-heading__text{font-size:45px !important;color:var(--theme-palette-color-8,#ffffff) !important;line-height:1.3em !important;font-weight:800 !important}@media screen and (max-width:999px){.stk-e87da4d .stk-block-heading__text{font-size:40px !important}}@media screen and (max-width:689px){.stk-e87da4d .stk-block-heading__text{font-size:30px !important}}<\/style><h2 class=\"stk-block-heading__text has-text-color\">T\u00e9rminos y condiciones<\/h2><\/div>\n<\/div><\/div><\/div>\n<\/div><\/div>\n\n<div class=\"wp-block-stackable-spacer stk-block-spacer stk--no-padding stk-block stk-788f32b\" data-block-id=\"788f32b\"><style>.stk-788f32b{height:50px !important}<\/style><\/div>\n\n<div class=\"wp-block-stackable-icon stk-block-icon has-text-align-center stk-block stk-c73e7ab\" data-block-id=\"c73e7ab\"><style>.stk-c73e7ab{padding-top:23px !important}.stk-c73e7ab .stk--svg-wrapper .stk--inner-svg svg:last-child{height:100px !important;width:100px !important}<\/style><span class=\"stk--svg-wrapper\"><div class=\"stk--inner-svg\"><svg style=\"height:0;width:0\"><defs><lineargradient id=\"linear-gradient-c73e7ab\" x1=\"0\" x2=\"100%\" y1=\"0\" y2=\"0\"><stop offset=\"0%\" style=\"stop-opacity:1;stop-color:var(--linear-gradient-c-73-e-7-ab-color-1)\"><\/stop><stop offset=\"100%\" style=\"stop-opacity:1;stop-color:var(--linear-gradient-c-73-e-7-ab-color-2)\"><\/stop><\/lineargradient><\/defs><\/svg><svg class=\"ugb-custom-icon\" id=\"Layer_1\" data-name=\"Layer 1\" xmlns=\"http:\/\/www.w3.org\/2000\/svg\" viewbox=\"0 0 512 512\" aria-hidden=\"true\" width=\"32\" height=\"32\">\n  <defs>\n    <style>\n      .cls-1 {\n        fill: #a0afbb;\n      }\n\n      .cls-1, .cls-2, .cls-3 {\n        stroke: #133253;\n        stroke-linecap: round;\n        stroke-linejoin: round;\n        stroke-width: 12px;\n      }\n\n      .cls-2 {\n        fill: #3ea6cb;\n      }\n\n      .cls-3 {\n        fill: #fff;\n      }\n    <\/style>\n  <\/defs>\n    <path class=\"cls-3\" d=\"m371.91,158.83v294.94c0,11.9-9.64,21.54-21.54,21.54H68.27c-11.9,0-21.54-9.64-21.54-21.54V58.23c0-11.9,9.64-21.54,21.54-21.54h181.51l122.14,122.14Z\"><\/path>\n    <path class=\"cls-1\" d=\"m371.91,158.83h-100.6c-11.9,0-21.54-9.64-21.54-21.54V36.69l122.14,122.14Z\"><\/path>\n  \n    <polygon class=\"cls-1\" points=\"338.17 397.56 292.27 420.16 285.69 369.42 338.17 397.56\"><\/polygon>\n    <path class=\"cls-3\" d=\"m463.37,164.07l-17.45,32.54-52.48-28.14,17.45-32.54c4.18-7.79,13.88-10.72,21.67-6.55l24.27,13.02c7.79,4.17,10.72,13.88,6.54,21.67Z\"><\/path>\n    <rect class=\"cls-3\" x=\"251.8\" y=\"253.24\" width=\"228.02\" height=\"59.55\" transform=\"translate(-56.48 471.66) rotate(-61.8)\"><\/rect>\n  \n    <path class=\"cls-2\" d=\"m238.17,201.11c5.17,0,9.39,4.23,9.39,9.39s-4.23,9.4-9.39,9.4h-7.14c5.17,0,9.39,4.22,9.39,9.39s-4.23,9.39-9.39,9.39h-42.48c-9.84,0-27.23-4.91-34.81-11.31v-54.39c17.97-11.45,23.47-25.13,26.92-46.92,1.08-6.91,3.11-13.49,12.96-8.57,6.46,3.23,12.07,14.12,8.9,26.11l-5.29,19.94h40.94c5.17,0,9.39,4.23,9.39,9.39s-4.23,9.38-9.39,9.38c5.17,0,9.39,4.24,9.39,9.39s-4.23,9.39-9.39,9.39Z\"><\/path>\n    <path class=\"cls-2\" d=\"m231.02,219.91h-5.65m12.79-18.8h-12.79m12.79-18.78h-12.79\"><\/path>\n    <path class=\"cls-3\" d=\"m153.74,169.55v61.27c0,2.97-2.44,5.4-5.41,5.4h-20.58c-2.97,0-5.4-2.43-5.4-5.4v-61.27c0-2.97,2.43-5.4,5.4-5.4h20.58c2.97,0,5.41,2.43,5.41,5.4Z\"><\/path>\n  \n    <line class=\"cls-3\" x1=\"138.75\" y1=\"289.07\" x2=\"279.89\" y2=\"289.07\"><\/line>\n    <line class=\"cls-3\" x1=\"138.75\" y1=\"329.12\" x2=\"279.89\" y2=\"329.12\"><\/line>\n    <line class=\"cls-3\" x1=\"138.75\" y1=\"369.17\" x2=\"209.32\" y2=\"369.17\"><\/line>\n  <\/svg><\/div><\/span><\/div>\n\n<h3 class=\"wp-block-heading\" data-block-type=\"core\">1 NORMATIVA SOBRE SERVICIOS ELECTR\u00d3NICOS<\/h3>\n\n<p data-block-type=\"core\">El Reglamento de prestaci\u00f3n de servicios electr\u00f3nicos, en adelante el Reglamento, define las normas para la prestaci\u00f3n de servicios electr\u00f3nicos en la direcci\u00f3n de Internet yourboat.es, gestionada por EMALLORCA PARTNERS SLU, C\/Mimosa 4 07169 CAMP DE MAR IIIes Balears, ESB57825721, capital social de 3000 euros, inscrita en el Registro Mercantil, correo electr\u00f3nico: info@yourboat.es.<\/p>\n\n<h3 class=\"wp-block-heading\" data-block-type=\"core\">2 DEFINICIONES<\/h3>\n\n<p data-block-type=\"core\">En este Reglamento, los siguientes t\u00e9rminos tienen el significado que se indica a continuaci\u00f3n:<\/p>\n\n<p data-block-type=\"core\">1) Normativa &#8211; esta normativa de prestaci\u00f3n de servicios electr\u00f3nicos.<\/p>\n\n<p data-block-type=\"core\">2) [Proveedor de Servicios &#8211; la entidad a la que se refiere el \u00a71.<\/p>\n\n<p data-block-type=\"core\">3) Destinatario del Servicio &#8211; una persona f\u00edsica o jur\u00eddica que emprende o manifiesta la intenci\u00f3n de emprender actividades legales con el Proveedor de Servicios para realizar los servicios especificados en el Reglamento.<\/p>\n\n<p data-block-type=\"core\">4) Medios de Comunicaci\u00f3n Electr\u00f3nica &#8211; soluciones t\u00e9cnicas, en particular dispositivos inform\u00e1ticos que permiten la comunicaci\u00f3n individual a distancia entre el Proveedor de Servicios y el Destinatario de los Servicios mediante la transmisi\u00f3n de datos entre sistemas inform\u00e1ticos.<\/p>\n\n<p data-block-type=\"core\">5) Direcci\u00f3n de correo electr\u00f3nico: identificador de un sistema inform\u00e1tico que permite la comunicaci\u00f3n a trav\u00e9s de medios de comunicaci\u00f3n electr\u00f3nicos, en particular el correo electr\u00f3nico.<\/p>\n\n<p data-block-type=\"core\">6) Prestaci\u00f3n de Servicios Electr\u00f3nicos &#8211; la prestaci\u00f3n de un servicio prestado sin la presencia simult\u00e1nea de las partes (a distancia) mediante la transmisi\u00f3n de datos a petici\u00f3n individual del Destinatario del Servicio, transmitidos y recibidos utilizando dispositivos electr\u00f3nicos de procesamiento de datos, incluida la compresi\u00f3n digital, y el almacenamiento de datos, que se transmiten, reciben o transmiten en su totalidad a trav\u00e9s de una red de telecomunicaciones.<\/p>\n\n<p data-block-type=\"core\">7) Servicios &#8211; todas las acciones realizadas por el Proveedor de Servicios a trav\u00e9s de medios de comunicaci\u00f3n electr\u00f3nica en la direcci\u00f3n electr\u00f3nica.<\/p>\n\n<p data-block-type=\"core\">8) Formulario de contacto: documento electr\u00f3nico cumplimentado por el Destinatario del Servicio en el sitio web, que permite el contacto entre el Proveedor de Servicios y el Destinatario del Servicio.<\/p>\n\n<p data-block-type=\"core\">9) Pol\u00edtica de Privacidad &#8211; un documento independiente que regula la protecci\u00f3n de datos personales por parte del Proveedor de Servicios.<\/p>\n\n<h3 class=\"wp-block-heading\" data-block-type=\"core\">3 DISPOSICIONES GENERALES<\/h3>\n\n<ol class=\"wp-block-list\" data-block-type=\"core\">\n<li data-block-type=\"core\">La plataforma online creada por el Proveedor de Servicios para permitir el uso de los servicios prestados electr\u00f3nicamente es el sitio web yourboat.es.<\/li>\n\n\n\n<li data-block-type=\"core\">Antes de utilizar el sitio web, el Destinatario del Servicio est\u00e1 obligado a familiarizarse con las disposiciones del presente Reglamento.<\/li>\n\n\n\n<li data-block-type=\"core\">El contenido presentado en la plataforma en l\u00ednea en la direcci\u00f3n yourboat.es no constituye una oferta en el sentido de la legislaci\u00f3n aplicable, excepto cuando se indique expresamente.<\/li>\n\n\n\n<li data-block-type=\"core\">El Proveedor de Servicios utiliza \u00abcookies\u00bb, que se describen en un documento aparte.<\/li>\n\n\n\n<li data-block-type=\"core\">El Destinatario del Servicio declara que los datos personales que facilita se ajustan a los hechos y que ha le\u00eddo el presente Reglamento y la Pol\u00edtica de Privacidad y se compromete a cumplirlos.<\/li>\n\n\n\n<li data-block-type=\"core\">Todos los contenidos y materiales del sitio web, incluidos el logotipo y las fotos, son derechos de propiedad intelectual propiedad exclusiva del Proveedor de Servicios.<\/li>\n<\/ol>\n\n<h3 class=\"wp-block-heading\" data-block-type=\"core\">4 SERVICIOS<\/h3>\n\n<ol class=\"wp-block-list\" data-block-type=\"core\">\n<li data-block-type=\"core\">El Proveedor de Servicios presta los siguientes servicios al Destinatario del Servicio a trav\u00e9s del sitio web:<br\/>a) Ofrece la posibilidad de navegar por el contenido del sitio web.<br\/>b) Permite familiarizarse con el objeto de negocio llevado a cabo por el Proveedor de Servicios.<br\/>c) Permite familiarizarse con la flota actual de yates que el Destinatario del Servicio puede comprar, encargar o alquilar.<br\/>d) Permite al Destinatario del Servicio realizar consultas al Proveedor de Servicios o presentar quejas a trav\u00e9s del formulario de contacto.<\/li>\n\n\n\n<li data-block-type=\"core\">Para utilizar los servicios disponibles, el Destinatario del Servicio debe tener acceso a Internet y un navegador web (Firefox, Chrome, Safari, IE, Opera, Edge) en su \u00faltima versi\u00f3n.<\/li>\n\n\n\n<li data-block-type=\"core\">El sitio web tambi\u00e9n est\u00e1 adaptado para su visualizaci\u00f3n en dispositivos m\u00f3viles, como tel\u00e9fonos inteligentes y tabletas, si el Destinatario del servicio cumple las condiciones especificadas en el apartado 2.<\/li>\n<\/ol>\n\n<h3 class=\"wp-block-heading\" data-block-type=\"core\">5 FORMULARIO DE CONTACTO<\/h3>\n\n<ol class=\"wp-block-list\" data-block-type=\"core\">\n<li data-block-type=\"core\">El Destinatario del Servicio puede enviar consultas, comentarios sobre el funcionamiento de la plataforma online, as\u00ed como quejas relacionadas con los servicios.<\/li>\n\n\n\n<li data-block-type=\"core\">Las reclamaciones pueden enviarse electr\u00f3nicamente a la direcci\u00f3n de correo electr\u00f3nico: info@yourboat.es.<\/li>\n\n\n\n<li data-block-type=\"core\">El Proveedor de Servicios se compromete a informar sin demora al Destinatario del Servicio de los resultados de las diligencias aclaratorias realizadas.<\/li>\n\n\n\n<li data-block-type=\"core\">La respuesta se env\u00eda a la direcci\u00f3n de contacto facilitada por el destinatario del servicio.<\/li>\n\n\n\n<li data-block-type=\"core\">El plazo para responder es de 14 d\u00edas a partir de la fecha de recepci\u00f3n del informe.<\/li>\n\n\n\n<li data-block-type=\"core\">El Proveedor de Servicios se reserva el derecho a dejar sin respuesta quejas o consultas con contenido vulgar u ofensivo hacia el Proveedor de Servicios.<\/li>\n\n\n\n<li data-block-type=\"core\">Una queja, en particular, incluye los datos del demandante, una indicaci\u00f3n de las circunstancias que constituyen la base de la queja y las demandas derivadas de la queja presentada.<\/li>\n\n\n\n<li data-block-type=\"core\">La falta de respuesta del Proveedor de Servicios implica la aceptaci\u00f3n de la reclamaci\u00f3n.<\/li>\n\n\n\n<li data-block-type=\"core\">Los motivos de reclamaci\u00f3n no pueden incluir, en particular:<br\/>a) Circunstancias relacionadas con el funcionamiento incorrecto del navegador o reparaciones del servicio.<br\/>b) Acciones de entidades de las que el Proveedor de Servicios no es responsable.<\/li>\n\n\n\n<li data-block-type=\"core\">El Destinatario del Servicio corre con los gastos de una reclamaci\u00f3n injustificada.<\/li>\n<\/ol>\n\n<h3 class=\"wp-block-heading\" data-block-type=\"core\">6 OBLIGACIONES DEL PROVEEDOR DE SERVICIOS<\/h3>\n\n<ol class=\"wp-block-list\" data-block-type=\"core\">\n<li data-block-type=\"core\">El Proveedor de Servicios garantiza el acceso a sus servicios proporcionando la plataforma en l\u00ednea en la direcci\u00f3n tubarco.es.<\/li>\n\n\n\n<li data-block-type=\"core\">El Proveedor de Servicios proporciona su direcci\u00f3n de correo electr\u00f3nico para la correspondencia con el Destinatario del Servicio, as\u00ed como los datos de contacto telef\u00f3nico en el sitio web.<\/li>\n\n\n\n<li data-block-type=\"core\">El Proveedor de Servicios presta al Destinatario de los Servicios los servicios especificados en el art\u00edculo 4 del Reglamento.<\/li>\n\n\n\n<li data-block-type=\"core\">Con respecto al Destinatario del Servicio que no sea un consumidor, el Proveedor de Servicios s\u00f3lo ser\u00e1 responsable si el da\u00f1o se ha producido como consecuencia de acciones deliberadas del Proveedor de Servicios.<\/li>\n\n\n\n<li data-block-type=\"core\">El Proveedor de Servicios no es responsable del lucro cesante.<\/li>\n\n\n\n<li data-block-type=\"core\">El Proveedor de Servicios proporciona asistencia al Destinatario del Servicio en el uso de las funcionalidades del sitio web.<\/li>\n\n\n\n<li data-block-type=\"core\">El Proveedor de Servicios tiene la obligaci\u00f3n de responder a las consultas y reclamaciones presentadas por el Destinatario del Servicio.<\/li>\n<\/ol>\n\n<h3 class=\"wp-block-heading\" data-block-type=\"core\">7 PROTECCI\u00d3N DE DATOS PERSONALES<\/h3>\n\n<ol class=\"wp-block-list\" data-block-type=\"core\">\n<li data-block-type=\"core\">El Proveedor de servicios es el responsable del tratamiento de los datos personales del Destinatario del servicio facilitados al Proveedor de servicios.<\/li>\n\n\n\n<li data-block-type=\"core\">El Destinatario del Servicio proporciona sus datos personales a la entidad indicada en \u00a71.<\/li>\n\n\n\n<li data-block-type=\"core\">El Proveedor de servicios procesa los datos personales del Destinatario del servicio con los siguientes fines:<br\/>a) Env\u00edo de boletines informativos.<br\/>b) Prestaci\u00f3n de servicios electr\u00f3nicos por parte del Proveedor de servicios y otros fines especificados en el Reglamento.<br\/>c) Cumplimiento de una obligaci\u00f3n legal.<br\/>d) Perseguir objetivos legalmente justificados.<\/li>\n\n\n\n<li data-block-type=\"core\">El tratamiento de los datos personales se basa en el consentimiento del Destinatario del Servicio, en un acuerdo celebrado, en una obligaci\u00f3n legal del Proveedor de Servicios o en un fin leg\u00edtimo.<\/li>\n\n\n\n<li data-block-type=\"core\">El Proveedor de Servicios procesa los datos proporcionados por el Destinatario del Servicio, como nombre, n\u00famero de tel\u00e9fono, direcci\u00f3n de correo electr\u00f3nico, direcci\u00f3n IP, contenido de las consultas\/quejas\/comentarios, as\u00ed como identificadores e informaci\u00f3n recopilada a trav\u00e9s de cookies. Los datos personales proporcionados por el Destinatario del Servicio s\u00f3lo son visibles para las personas autorizadas.<\/li>\n\n\n\n<li data-block-type=\"core\">El Proveedor de Servicios almacena los datos personales durante un periodo no superior al necesario para los fines derivados de los derechos del Destinatario del Servicio y del Proveedor de Servicios, a menos que se traten \u00fanicamente con fines de archivo, o con fines de investigaci\u00f3n cient\u00edfica o fines hist\u00f3ricos o estad\u00edsticos en virtud del art\u00edculo 89, apartado 1, del Reglamento (UE) 2016\/679 del Parlamento Europeo y del Consejo, de 27 de abril de 2016, relativo a la protecci\u00f3n de las personas f\u00edsicas en lo que respecta al tratamiento de datos personales y a la libre circulaci\u00f3n de estos datos y por el que se deroga la Directiva 95\/46\/CE, utilizando las medidas t\u00e9cnicas y organizativas adecuadas.<\/li>\n\n\n\n<li data-block-type=\"core\">El Destinatario del Servicio proporciona datos personales voluntariamente, con la reserva de que no proporcionar datos espec\u00edficos puede impedir el uso de funcionalidades garantizadas por el Proveedor de Servicios.<\/li>\n\n\n\n<li data-block-type=\"core\">En relaci\u00f3n con el tratamiento de los datos personales, el Proveedor de Servicios pone a disposici\u00f3n del Destinatario de los Servicios un contacto electr\u00f3nico en: <a href=\"mailto:info@yourboat.es\">info@yourboat.es.<\/a><\/li>\n\n\n\n<li data-block-type=\"core\">El Destinatario del Servicio tiene derecho a recibir sus datos personales entregados al Proveedor de Servicios en un archivo PDF.<\/li>\n\n\n\n<li data-block-type=\"core\">El Destinatario del Servicio tiene derecho a acceder a los datos personales proporcionados, corregirlos y completarlos de acuerdo con los hechos.<\/li>\n\n\n\n<li data-block-type=\"core\">El Destinatario del Servicio tambi\u00e9n puede retirar su consentimiento para el tratamiento de datos personales, solicitar su eliminaci\u00f3n inmediata, limitar el tratamiento y oponerse.<\/li>\n\n\n\n<li data-block-type=\"core\">El Proveedor de Servicios garantiza la posibilidad de eliminar los datos personales. El Proveedor de Servicios se reserva el derecho a procesar los datos personales en situaciones en las que el Destinatario de los Servicios:<br\/>a) No haya liquidado todos los pagos.<br\/>b) Haya infringido las disposiciones de la legislaci\u00f3n de aplicaci\u00f3n general.<br\/>c) La conservaci\u00f3n de los datos personales sea necesaria para aclarar estas circunstancias, determinar la responsabilidad del Destinatario de los Servicios y llevar a cabo cualquier reclamaci\u00f3n por parte del Proveedor de Servicios.<\/li>\n\n\n\n<li data-block-type=\"core\">El ejercicio de los derechos del Destinatario del Servicio mencionados anteriormente se realiza por correo electr\u00f3nico.<\/li>\n\n\n\n<li data-block-type=\"core\">El Proveedor de Servicios protege los datos personales que se le facilitan y se esfuerza por protegerlos contra el acceso o uso no autorizados por parte de personas no autorizadas, en particular mediante la encriptaci\u00f3n de datos y el uso de un protocolo de encriptaci\u00f3n de comunicaciones seguras (SSL).<\/li>\n\n\n\n<li data-block-type=\"core\">El Proveedor de Servicios informa a la autoridad supervisora de los incidentes de seguridad relacionados con los datos personales.<\/li>\n\n\n\n<li data-block-type=\"core\">El Proveedor de Servicios comparte los datos personales del Destinatario de los Servicios con entidades que colaboran estrechamente con el Proveedor de Servicios, en particular proveedores de servicios inform\u00e1ticos, proveedores de servicios de pago, bancos y proveedores de servicios contables.<\/li>\n<\/ol>\n\n<h3 class=\"wp-block-heading\" data-block-type=\"core\">8 DISPOSICIONES FINALES<\/h3>\n\n<ol class=\"wp-block-list\" data-block-type=\"core\">\n<li data-block-type=\"core\">En lo no previsto en este Reglamento, se estar\u00e1 a lo dispuesto en la legislaci\u00f3n aplicable con car\u00e1cter general.<\/li>\n\n\n\n<li data-block-type=\"core\">Este Reglamento est\u00e1 preparado en versiones polaca e inglesa. En caso de discrepancias, prevalecer\u00e1 la versi\u00f3n polaca.<\/li>\n\n\n\n<li data-block-type=\"core\">El Proveedor de Servicios se reserva el derecho a modificar el Reglamento en casos importantes, especialmente en caso de cambios en la funcionalidad del sitio web, las actividades del Proveedor de Servicios o cambios en las disposiciones de la legislaci\u00f3n generalmente aplicable.<\/li>\n\n\n\n<li data-block-type=\"core\">El Proveedor de Servicios informa al Destinatario del Servicio sobre los cambios en el Reglamento a trav\u00e9s del sitio web mediante la publicaci\u00f3n de un mensaje que contiene un resumen de las nuevas disposiciones del Reglamento y las disposiciones modificadas.<\/li>\n\n\n\n<li data-block-type=\"core\">Los cambios en el Reglamento se notifican al Destinatario del Servicio mediante el env\u00edo de un correo electr\u00f3nico con el contenido especificado en el apartado 3.<\/li>\n\n\n\n<li data-block-type=\"core\">Si el Destinatario del Servicio no est\u00e1 de acuerdo con el nuevo contenido del Reglamento, est\u00e1 obligado a notificar este hecho al Prestador del Servicio en el plazo de 14 d\u00edas a partir de la fecha en que se le informe del cambio en el Reglamento.<\/li>\n\n\n\n<li data-block-type=\"core\">La declaraci\u00f3n de negativa a aceptar el contenido del Reglamento se considera una rescisi\u00f3n del acuerdo de prestaci\u00f3n de servicios electr\u00f3nicos.<\/li>\n\n\n\n<li data-block-type=\"core\">El Destinatario del Servicio es responsable de facilitar una direcci\u00f3n de correo electr\u00f3nico incorrecta, a la que no tenga acceso, y de las consecuencias derivadas de estos hechos.<\/li>\n\n\n\n<li data-block-type=\"core\">El cambio del Reglamento no afecta a los acuerdos iniciados antes del cambio.<\/li>\n\n\n\n<li data-block-type=\"core\">El tribunal competente para resolver disputas entre el Proveedor de Servicios y el Destinatario de los Servicios en relaci\u00f3n con la celebraci\u00f3n y ejecuci\u00f3n de acuerdos basados en este Reglamento o de los que este Reglamento forme parte integrante es el tribunal competente para el domicilio social del Proveedor de Servicios.<\/li>\n\n\n\n<li data-block-type=\"core\">El tribunal competente para resolver disputas entre el Proveedor de Servicios y el Destinatario de los Servicios, que es un Consumidor, en relaci\u00f3n con la celebraci\u00f3n y ejecuci\u00f3n de acuerdos basados en este Reglamento o del que este Reglamento forma parte integrante, es el tribunal competente en virtud de las disposiciones de la legislaci\u00f3n generalmente aplicable.<\/li>\n\n\n\n<li data-block-type=\"core\">Este Reglamento forma <strong>parte integrante<\/strong> de los acuerdos celebrados con el Proveedor de Servicios.<\/li>\n<\/ol>\n\n<div class=\"wp-block-file\" data-block-type=\"core\"><a id=\"wp-block-file--media-5ac6aff5-3d97-4cf7-b44e-9a646356f055\" href=\"http:\/\/yourboat.es\/wp-content\/uploads\/2024\/05\/Terms-Your-Boat-EN.pdf\" target=\"_blank\" rel=\"noreferrer noopener\">Condiciones-Tu-Barco-ES<\/a><a href=\"http:\/\/yourboat.es\/wp-content\/uploads\/2024\/05\/Terms-Your-Boat-EN.pdf\" class=\"wp-block-file__button wp-element-button\" download=\"\" aria-describedby=\"wp-block-file--media-5ac6aff5-3d97-4cf7-b44e-9a646356f055\">Descarga<\/a><\/div>\n\n<div class=\"wp-block-file\" data-block-type=\"core\"><a id=\"wp-block-file--media-6ccda2f3-07c3-49fe-9fe5-c35af7f7c38e\" href=\"http:\/\/yourboat.es\/wp-content\/uploads\/2024\/05\/Terms-Your-Boat-ES.pdf\" target=\"_blank\" rel=\"noreferrer noopener\">T\u00e9rminos-Tu-Barco-ES<\/a><a href=\"http:\/\/yourboat.es\/wp-content\/uploads\/2024\/05\/Terms-Your-Boat-ES.pdf\" class=\"wp-block-file__button wp-element-button\" download=\"\" aria-describedby=\"wp-block-file--media-6ccda2f3-07c3-49fe-9fe5-c35af7f7c38e\">Descarga<\/a><\/div>\n\n<div class=\"wp-block-stackable-spacer stk-block-spacer stk--no-padding stk-block stk-5fc26f0\" data-block-id=\"5fc26f0\"><style>.stk-5fc26f0{height:50px !important}<\/style><\/div>\n","protected":false},"excerpt":{"rendered":"<p>T\u00e9rminos y condiciones 1 NORMATIVA SOBRE SERVICIOS ELECTR\u00d3NICOS El Reglamento de prestaci\u00f3n de servicios electr\u00f3nicos, en adelante el Reglamento, define las normas para la prestaci\u00f3n de servicios electr\u00f3nicos en la direcci\u00f3n de Internet yourboat.es, gestionada por EMALLORCA PARTNERS SLU, C\/Mimosa 4 07169 CAMP DE MAR IIIes Balears, ESB57825721, capital social de 3000 euros, inscrita en [&hellip;]<\/p>\n","protected":false},"author":3,"featured_media":0,"parent":0,"menu_order":0,"comment_status":"closed","ping_status":"closed","template":"","meta":{"_acf_changed":false,"inline_featured_image":false,"footnotes":""},"class_list":["post-2007","page","type-page","status-publish","hentry"],"blocksy_meta":[],"acf":[],"_links":{"self":[{"href":"https:\/\/yourboat.es\/es\/wp-json\/wp\/v2\/pages\/2007","targetHints":{"allow":["GET"]}}],"collection":[{"href":"https:\/\/yourboat.es\/es\/wp-json\/wp\/v2\/pages"}],"about":[{"href":"https:\/\/yourboat.es\/es\/wp-json\/wp\/v2\/types\/page"}],"author":[{"embeddable":true,"href":"https:\/\/yourboat.es\/es\/wp-json\/wp\/v2\/users\/3"}],"replies":[{"embeddable":true,"href":"https:\/\/yourboat.es\/es\/wp-json\/wp\/v2\/comments?post=2007"}],"version-history":[{"count":3,"href":"https:\/\/yourboat.es\/es\/wp-json\/wp\/v2\/pages\/2007\/revisions"}],"predecessor-version":[{"id":6111,"href":"https:\/\/yourboat.es\/es\/wp-json\/wp\/v2\/pages\/2007\/revisions\/6111"}],"wp:attachment":[{"href":"https:\/\/yourboat.es\/es\/wp-json\/wp\/v2\/media?parent=2007"}],"curies":[{"name":"wp","href":"https:\/\/api.w.org\/{rel}","templated":true}]}}