{"id":2081,"date":"2024-05-06T07:41:02","date_gmt":"2024-05-06T07:41:02","guid":{"rendered":"https:\/\/yourboat.es\/politica-de-privacidad\/"},"modified":"2025-08-24T21:13:34","modified_gmt":"2025-08-24T21:13:34","slug":"politica-de-privacidad","status":"publish","type":"page","link":"https:\/\/yourboat.es\/es\/politica-de-privacidad\/","title":{"rendered":"Pol\u00edtica de privacidad"},"content":{"rendered":"\n<div class=\"wp-block-stackable-columns alignfull stk-block-columns stk--hide-tablet stk--hide-mobile stk-block stk-033dfc7 stk-block-background\" data-block-id=\"033dfc7\"><style>.stk-033dfc7 {background-color:var(--theme-palette-color-2, \t #133252) !important;min-height:100px !important;padding-bottom:0px !important;margin-bottom:0px !important;}.stk-033dfc7:before{background-color:var(--theme-palette-color-2, \t #133252) !important;}.stk-033dfc7-column{--stk-column-gap:35px !important;}@media screen and (max-width:999px){.stk-033dfc7 {padding-top:250px !important;padding-bottom:150px !important;}}@media screen and (max-width:689px){.stk-033dfc7 {padding-top:150px !important;padding-bottom:100px !important;}}<\/style><div class=\"stk-row stk-inner-blocks has-text-align-center stk-block-content stk-content-align stk-033dfc7-column\">\n<div class=\"wp-block-stackable-column stk-block-column stk-column stk-block stk-7a5cd5a\" data-v=\"4\" data-block-id=\"7a5cd5a\"><style>.stk-7a5cd5a-container{margin-top:0px !important;margin-right:0px !important;margin-bottom:0px !important;margin-left:0px !important;}<\/style><div class=\"stk-column-wrapper stk-block-column__content stk-container stk-7a5cd5a-container stk--no-background stk--no-padding\"><div class=\"has-text-align-center-tablet stk-block-content stk-inner-blocks stk-7a5cd5a-inner-blocks\"><\/div><\/div><\/div>\n<\/div><\/div>\n\n<div class=\"wp-block-stackable-spacer stk-block-spacer stk--no-padding stk-block stk-49f7382\" data-block-id=\"49f7382\"><\/div>\n\n<div class=\"wp-block-stackable-heading stk-block-heading stk-block-heading--v2 stk-block stk-96c0cba\" id=\"privacy-policy-your-boat-es\" data-block-id=\"96c0cba\"><style>.stk-96c0cba {margin-bottom:0px !important;}.stk-96c0cba .stk-block-heading__text{font-size:60px !important;color:var(--theme-palette-color-2, \t #133252) !important;line-height:1.3em !important;font-weight:800 !important;}@media screen and (max-width:999px){.stk-96c0cba .stk-block-heading__text{font-size:40px !important;}}@media screen and (max-width:689px){.stk-96c0cba .stk-block-heading__text{font-size:34px !important;}}<\/style><h1 class=\"stk-block-heading__text has-text-color\">Pol\u00edtica de privacidad &#8211; Tu barco ES<\/h1><\/div>\n\n<h2 class=\"wp-block-heading\" data-block-type=\"core\">Qui\u00e9nes somos<\/h2>\n\n<p data-block-type=\"core\">La direcci\u00f3n de nuestro sitio web es: https:\/\/www.yourboat.es.<\/p>\n\n<p data-block-type=\"core\">Los datos son gestionados y propiedad de EMALLORCA PARTNERS SL <br\/>Calle Islas Canarias 33 P.I, Carrer de Son Bugales<br\/>Santa Ponsa 07180, Baleric<br\/>CIF: ESB57825721<\/p>\n\n<div class=\"wp-block-stackable-icon stk-block-icon has-text-align-center stk-block stk-2dca437\" data-block-id=\"2dca437\"><style>.stk-2dca437 .stk--svg-wrapper .stk--inner-svg svg:last-child{height:100px !important;width:100px !important;}<\/style><span class=\"stk--svg-wrapper\"><div class=\"stk--inner-svg\"><svg style=\"height:0;width:0\"><defs><lineargradient id=\"linear-gradient-2dca437\" x1=\"0\" x2=\"100%\" y1=\"0\" y2=\"0\"><stop offset=\"0%\" style=\"stop-opacity:1;stop-color:var(--linear-gradient-2-dca-437-color-1)\"><\/stop><stop offset=\"100%\" style=\"stop-opacity:1;stop-color:var(--linear-gradient-2-dca-437-color-2)\"><\/stop><\/lineargradient><\/defs><\/svg><svg class=\"ugb-custom-icon\" id=\"Layer_1\" data-name=\"Layer 1\" xmlns=\"http:\/\/www.w3.org\/2000\/svg\" viewbox=\"0 0 512 512\" aria-hidden=\"true\" width=\"32\" height=\"32\">\n  <defs>\n    <style>\n      .cls-1 {\n        fill: #3ea6cb;\n      }\n\n      .cls-1, .cls-2 {\n        stroke: #133253;\n        stroke-linecap: round;\n        stroke-linejoin: round;\n        stroke-width: 12px;\n      }\n\n      .cls-2 {\n        fill: #fff;\n      }\n    <\/style>\n  <\/defs>\n  <path class=\"cls-2\" d=\"m256,10C120.02,10,10,120.04,10,256s109.84,246,246,246,246-110.92,246-246S391.96,10,256,10\"><\/path>\n  <path class=\"cls-1\" d=\"m405.32,451.57h0c-41.39,31.65-93.14,50.43-149.32,50.43s-107.92-18.78-149.31-50.42c7.25-76.08,71.33-135.58,149.31-135.58s142.05,59.49,149.32,135.57\"><\/path>\n  <path class=\"cls-1\" d=\"m256,116c44.11,0,80,35.89,80,80s-35.89,80-80,80-80-35.89-80-80,35.89-80,80-80\"><\/path>\n<\/svg><\/div><\/span><\/div>\n\n<h3 class=\"wp-block-heading\" data-block-type=\"core\">  1 DISPOSICIONES GENERALES<\/h3>\n\n<ol class=\"wp-block-list\" data-block-type=\"core\">\n<li data-block-type=\"core\">El responsable del tratamiento de los datos personales del Destinatario del Servicio facilitados al Proveedor de Servicios.<\/li>\n\n\n\n<li data-block-type=\"core\">El Proveedor de Servicios declara que los datos personales del Destinatario de los Servicios no se transferir\u00e1n a terceros pa\u00edses u organizaciones internacionales.<\/li>\n\n\n\n<li data-block-type=\"core\">El Proveedor de Servicios proporciona una direcci\u00f3n de correo electr\u00f3nico a los Destinatarios de los Servicios.<\/li>\n\n\n\n<li data-block-type=\"core\">Las definiciones asignadas a los t\u00e9rminos de acuerdo con el \u00a72 del Reglamento tambi\u00e9n se aplicar\u00e1n en esta Pol\u00edtica de Privacidad y Pol\u00edtica de Cookies.<\/li>\n<\/ol>\n\n<h3 class=\"wp-block-heading\" data-block-type=\"core\">2 TRATAMIENTO DE DATOS<\/h3>\n\n<ol class=\"wp-block-list\" data-block-type=\"core\">\n<li data-block-type=\"core\">El Proveedor de Servicios procesa los datos personales de los Destinatarios de los Servicios, incluidos el nombre, el n\u00famero de tel\u00e9fono, la direcci\u00f3n de correo electr\u00f3nico, la direcci\u00f3n IP, el contenido de las consultas\/quejas\/observaciones, as\u00ed como identificadores e informaci\u00f3n recopilada a trav\u00e9s de cookies.<\/li>\n\n\n\n<li data-block-type=\"core\">Los datos personales de los Destinatarios del Servicio se registran en los registros del sistema.<\/li>\n\n\n\n<li data-block-type=\"core\">El Proveedor de Servicios procesa los datos personales de los Destinatarios de Servicios que utilizan el sitio web con los siguientes fines:<br\/>a) Env\u00edo de boletines informativos.<br\/>b) Ejecuci\u00f3n de un contrato de prestaci\u00f3n de servicios electr\u00f3nicos relativo a la provisi\u00f3n de recursos del sitio web.<br\/>c) Gesti\u00f3n de consultas\/observaciones.<br\/>d) Gesti\u00f3n de reclamaciones.<br\/>e) Fines t\u00e9cnicos y administrativos relacionados con garantizar la seguridad y la administraci\u00f3n del sistema inform\u00e1tico.<br\/>f) Mantener correspondencia por correo electr\u00f3nico entre el Proveedor de servicios y el Destinatario de los servicios en relaci\u00f3n con las actividades comerciales del Proveedor de servicios.<br\/>g) Tramitar o establecer reclamaciones o defenderse de ellas.<\/li>\n\n\n\n<li data-block-type=\"core\">Los datos se tratan en relaci\u00f3n con la ejecuci\u00f3n de un contrato, bas\u00e1ndose en el consentimiento, como resultado de una obligaci\u00f3n legal y bas\u00e1ndose en el inter\u00e9s leg\u00edtimo del responsable del tratamiento.<\/li>\n<\/ol>\n\n<h3 class=\"wp-block-heading\" data-block-type=\"core\">3 DESTINATARIOS DE DATOS<\/h3>\n\n<ol class=\"wp-block-list\" data-block-type=\"core\">\n<li data-block-type=\"core\">El Proveedor de Servicios podr\u00e1, en la medida necesaria, transferir los datos personales del Destinatario de los Servicios a entidades externas.<\/li>\n\n\n\n<li data-block-type=\"core\">El Proveedor de Servicios se reserva el derecho a revelar los datos personales del Destinatario del Servicio a las autoridades competentes o a terceros que presenten una solicitud al respecto.<\/li>\n\n\n\n<li data-block-type=\"core\">La transferencia de datos personales se basa en un acuerdo de tratamiento de datos, tal como se menciona en el art\u00edculo 28, apartado 3, del RGPD.<\/li>\n<\/ol>\n\n<h3 class=\"wp-block-heading\" data-block-type=\"core\">4 DERECHOS DEL BENEFICIARIO DEL SERVICIO<\/h3>\n\n<ol class=\"wp-block-list\" data-block-type=\"core\">\n<li data-block-type=\"core\">El Destinatario del Servicio tiene derecho a acceder permanentemente a sus datos personales.<\/li>\n\n\n\n<li data-block-type=\"core\">Las disposiciones del \u00a74(2) no se aplican en la medida en que el tratamiento sea necesario de conformidad con el art\u00edculo 17(3)(e) del GDPR.<\/li>\n\n\n\n<li data-block-type=\"core\">El Destinatario del Servicio tiene derecho a obtener confirmaci\u00f3n del tratamiento de sus datos personales, informaci\u00f3n sobre los fines del tratamiento, categor\u00edas de datos personales e informaci\u00f3n sobre las fuentes de recogida de datos.<\/li>\n\n\n\n<li data-block-type=\"core\">El Destinatario del Servicio tiene derecho a solicitar la restricci\u00f3n del tratamiento de sus datos personales por parte del Proveedor de Servicios.<\/li>\n\n\n\n<li data-block-type=\"core\">El Destinatario del Servicio tiene derecho a oponerse al tratamiento de sus datos personales.<\/li>\n\n\n\n<li data-block-type=\"core\">En cualquier momento, el Destinatario del Servicio puede retirar su consentimiento al tratamiento de los datos personales.<\/li>\n\n\n\n<li data-block-type=\"core\">El Destinatario del Servicio tiene derecho a presentar una reclamaci\u00f3n ante el Presidente de la Oficina de Protecci\u00f3n de Datos Personales.<\/li>\n\n\n\n<li data-block-type=\"core\">Sin perjuicio del derecho mencionado en el apartado 8 del art\u00edculo 4, el Destinatario del Servicio, de conformidad con el apartado 1 del art\u00edculo 79 del RGPD, tiene derecho a recurrir a la v\u00eda judicial.<\/li>\n\n\n\n<li data-block-type=\"core\">El Destinatario del Servicio tiene derecho a recibir del Proveedor de Servicios, en formato PDF, los datos personales facilitados al Proveedor de Servicios.<\/li>\n\n\n\n<li data-block-type=\"core\">A petici\u00f3n del Destinatario del Servicio, el Proveedor de Servicios est\u00e1 obligado a transferir los datos personales, en la forma especificada en \u00a74(10), a otro responsable del tratamiento.<\/li>\n<\/ol>\n\n<h3 class=\"wp-block-heading\" data-block-type=\"core\">5 SEGURIDAD DE LOS DATOS<\/h3>\n\n<ol class=\"wp-block-list\" data-block-type=\"core\">\n<li data-block-type=\"core\">Los datos personales de los Destinatarios de los Servicios ser\u00e1n conservados por el Proveedor de Servicios durante un periodo no superior al necesario para los fines para los que se tratan los datos.<\/li>\n\n\n\n<li data-block-type=\"core\">El Proveedor de Servicios protege los datos personales que se le facilitan.<\/li>\n\n\n\n<li data-block-type=\"core\">El Proveedor de Servicios informa a la autoridad supervisora de los casos de violaciones de la seguridad de los datos personales.<\/li>\n\n\n\n<li data-block-type=\"core\">El Proveedor de Servicios notifica dicha violaci\u00f3n al interesado.<\/li>\n\n\n\n<li data-block-type=\"core\">El Proveedor de Servicios no revela los datos personales del Destinatario de los Servicios a terceros.<\/li>\n<\/ol>\n\n<h3 class=\"wp-block-heading\" data-block-type=\"core\">\u00a76 POL\u00cdTICA DE COOKIES<\/h3>\n\n<ol class=\"wp-block-list\" data-block-type=\"core\">\n<li data-block-type=\"core\">La plataforma de Internet utiliza cookies.<\/li>\n\n\n\n<li data-block-type=\"core\">Las cookies se utilizan para utilizar el servicio de Internet.<\/li>\n\n\n\n<li data-block-type=\"core\">A trav\u00e9s de las cookies, el Proveedor de Servicios recibe informaci\u00f3n sobre el navegador, el software y el dispositivo final del Destinatario del Servicio.<\/li>\n\n\n\n<li data-block-type=\"core\">El Proveedor de Servicios coloca cookies en el dispositivo final y tiene acceso a ellas.<\/li>\n\n\n\n<li data-block-type=\"core\">Dentro del servicio se utilizan los siguientes tipos de cookies:<br\/>a) Cookies de sesi\u00f3n.<br\/>b) Cookies persistentes.<br\/>c) Cookies directas.<br\/>d) Cookies externas.<\/li>\n\n\n\n<li data-block-type=\"core\">El Proveedor de Servicios utiliza cookies para mantener una sesi\u00f3n mientras el Destinatario del Servicio utiliza el sitio web.<\/li>\n\n\n\n<li data-block-type=\"core\">El Destinatario del Servicio tiene la opci\u00f3n de cambiar la configuraci\u00f3n de las \u00abcookies\u00bb en el navegador de Internet que est\u00e9 utilizando en ese momento.<\/li>\n\n\n\n<li data-block-type=\"core\">El Destinatario del Servicio puede bloquear el tratamiento autom\u00e1tico de \u00abcookies\u00bb.<\/li>\n<\/ol>\n\n<p data-block-type=\"core\"><a href=\"https:\/\/yourboat.es\/es\/politica-de-cookies-ue\/\" data-type=\"link\" data-id=\"https:\/\/yourboat.es\/cookie-policy-eu\/\">Aqu\u00ed<\/a> encontrar\u00e1s m\u00e1s informaci\u00f3n sobre las cookies de este sitio web<\/p>\n\n<div class=\"wp-block-file\" data-block-type=\"core\"><a id=\"wp-block-file--media-e59755d6-5a4d-4918-98d8-becdcc4143f4\" href=\"http:\/\/yourboat.es\/wp-content\/uploads\/2024\/05\/Privacy-Policy-Your-Boat-EN-1.pdf\">Privacidad-Polic\u00eda-de-tu-barco-ES-1<\/a><a href=\"http:\/\/yourboat.es\/wp-content\/uploads\/2024\/05\/Privacy-Policy-Your-Boat-EN-1.pdf\" class=\"wp-block-file__button wp-element-button\" download=\"\" aria-describedby=\"wp-block-file--media-e59755d6-5a4d-4918-98d8-becdcc4143f4\">Descarga<\/a><\/div>\n\n<div class=\"wp-block-file\" data-block-type=\"core\"><a id=\"wp-block-file--media-ad28661d-588a-4e32-966b-2e3c7f9daa8e\" href=\"http:\/\/yourboat.es\/wp-content\/uploads\/2024\/05\/Privacy-Policy-Your-Boat-ES-1.pdf\">Privacidad-Polic\u00eda-de-tu-barco-ES-1<\/a><a href=\"http:\/\/yourboat.es\/wp-content\/uploads\/2024\/05\/Privacy-Policy-Your-Boat-ES-1.pdf\" class=\"wp-block-file__button wp-element-button\" download=\"\" aria-describedby=\"wp-block-file--media-ad28661d-588a-4e32-966b-2e3c7f9daa8e\">Descarga<\/a><\/div>\n","protected":false},"excerpt":{"rendered":"<p>Pol\u00edtica de privacidad &#8211; Tu barco ES Qui\u00e9nes somos La direcci\u00f3n de nuestro sitio web es: https:\/\/www.yourboat.es. Los datos son gestionados y propiedad de EMALLORCA PARTNERS SL Calle Islas Canarias 33 P.I, Carrer de Son BugalesSanta Ponsa 07180, BalericCIF: ESB57825721 1 DISPOSICIONES GENERALES 2 TRATAMIENTO DE DATOS 3 DESTINATARIOS DE DATOS 4 DERECHOS DEL BENEFICIARIO [&hellip;]<\/p>\n","protected":false},"author":3,"featured_media":0,"parent":0,"menu_order":0,"comment_status":"closed","ping_status":"open","template":"","meta":{"_acf_changed":false,"inline_featured_image":false,"footnotes":""},"class_list":["post-2081","page","type-page","status-publish","hentry"],"blocksy_meta":{"has_hero_section":"default","hero_alignment1":{"desktop":"center","tablet":"center","mobile":"center"},"styles_descriptor":{"styles":{"desktop":"","tablet":"","mobile":""},"google_fonts":[],"version":6}},"acf":[],"_links":{"self":[{"href":"https:\/\/yourboat.es\/es\/wp-json\/wp\/v2\/pages\/2081","targetHints":{"allow":["GET"]}}],"collection":[{"href":"https:\/\/yourboat.es\/es\/wp-json\/wp\/v2\/pages"}],"about":[{"href":"https:\/\/yourboat.es\/es\/wp-json\/wp\/v2\/types\/page"}],"author":[{"embeddable":true,"href":"https:\/\/yourboat.es\/es\/wp-json\/wp\/v2\/users\/3"}],"replies":[{"embeddable":true,"href":"https:\/\/yourboat.es\/es\/wp-json\/wp\/v2\/comments?post=2081"}],"version-history":[{"count":6,"href":"https:\/\/yourboat.es\/es\/wp-json\/wp\/v2\/pages\/2081\/revisions"}],"predecessor-version":[{"id":3917,"href":"https:\/\/yourboat.es\/es\/wp-json\/wp\/v2\/pages\/2081\/revisions\/3917"}],"wp:attachment":[{"href":"https:\/\/yourboat.es\/es\/wp-json\/wp\/v2\/media?parent=2081"}],"curies":[{"name":"wp","href":"https:\/\/api.w.org\/{rel}","templated":true}]}}