{"id":4352,"date":"2025-03-06T20:24:18","date_gmt":"2025-03-06T20:24:18","guid":{"rendered":"https:\/\/yourboat.es\/transporte-de-barcos\/"},"modified":"2026-04-20T19:11:03","modified_gmt":"2026-04-20T19:11:03","slug":"transporte-de-barcos","status":"publish","type":"page","link":"https:\/\/yourboat.es\/es\/transporte-de-barcos\/","title":{"rendered":"Entrega internacional de barcos"},"content":{"rendered":"\n<div class=\"wp-block-stackable-columns alignfull stk-block-columns stk-block stk-242acad stk-block-background stk--has-background-overlay\" data-block-id=\"242acad\"><style>.stk-242acad {background-color:var(--theme-palette-color-2, \t #133252) !important;background-image:url(https:\/\/yourboat.es\/wp-content\/uploads\/2025\/04\/IMG_7549-scaled.jpg) !important;background-position:center left !important;border-top-left-radius:0px !important;border-top-right-radius:0px !important;border-bottom-right-radius:0px !important;border-bottom-left-radius:0px !important;overflow:hidden !important;min-height:700px !important;padding-top:300px !important;padding-bottom:166px !important;margin-bottom:0px !important;}.stk-242acad:before{background-color:var(--theme-palette-color-2, \t #133252) !important;opacity:0.6 !important;}.stk-242acad-column{--stk-column-gap:34px !important;}@media screen and (max-width:999px){.stk-242acad {padding-top:250px !important;padding-bottom:150px !important;}}@media screen and (max-width:689px){.stk-242acad {background-position:center right !important;background-repeat:no-repeat !important;background-size:cover !important;min-height:680px !important;padding-top:150px !important;padding-bottom:100px !important;}}<\/style><div class=\"stk-row stk-inner-blocks stk-block-content stk-content-align stk-242acad-column\">\n<div class=\"wp-block-stackable-column stk-block-column stk-column stk-block stk-656155e\" data-v=\"4\" data-block-id=\"656155e\"><style>.stk-656155e-container{margin-top:0px !important;margin-right:0px !important;margin-bottom:0px !important;margin-left:0px !important;}.stk-656155e {margin-left:20px !important;}@media screen and (min-width:690px){.stk-656155e {flex:var(--stk-flex-grow, 1) 1 calc(46.3% - var(--stk-column-gap, 0px) * 1 \/ 2 ) !important;}}@media screen and (min-width:690px) and (max-width:999px){.stk-656155e {flex:var(--stk-flex-grow, 1) 1 calc(100% - var(--stk-column-gap, 0px) * 0 \/ 1 ) !important;}}<\/style><div class=\"stk-column-wrapper stk-block-column__content stk-container stk-656155e-container stk--no-background stk--no-padding\"><div class=\"has-text-align-center-tablet stk-block-content stk-inner-blocks stk-656155e-inner-blocks\">\n<div class=\"wp-block-stackable-heading stk-block-heading stk-block-heading--v2 stk-block stk-7225c59\" id=\"international-boat-delivery\" data-block-id=\"7225c59\"><style>.stk-7225c59 {margin-bottom:10px !important;}.stk-7225c59 .stk-block-heading__text{font-size:50px !important;color:var(--theme-palette-color-8, #ffffff) !important;line-height:1.3em !important;font-weight:800 !important;}@media screen and (max-width:999px){.stk-7225c59 .stk-block-heading__text{font-size:40px !important;}}@media screen and (max-width:689px){.stk-7225c59 .stk-block-heading__text{font-size:29px !important;}}<\/style><h1 class=\"stk-block-heading__text has-text-color has-text-align-left\">Entrega internacional de barcos<\/h1><\/div>\n\n\n\n<div class=\"wp-block-stackable-text stk-block-text stk-block stk-81505a5\" data-block-id=\"81505a5\"><style>.stk-81505a5 {margin-bottom:60px !important;}.stk-81505a5 .stk-block-text__text{color:var(--theme-palette-color-8, #ffffff) !important;}<\/style><p class=\"stk-block-text__text has-text-color has-text-align-left\">\u00bfPlaneas traer tu barco de otro pa\u00eds? Ponte en contacto con nosotros para una consulta personalizada gratuita y <strong>los precios m\u00e1s competitivos<\/strong>. <\/p><\/div>\n<\/div><\/div><\/div>\n\n\n\n<div class=\"wp-block-stackable-column stk-block-column stk-column stk-block stk-df3537e\" data-v=\"4\" data-block-id=\"df3537e\"><style>.stk-df3537e-container{margin-top:0px !important;margin-right:0px !important;margin-bottom:0px !important;margin-left:0px !important;}@media screen and (min-width:690px){.stk-df3537e {flex:var(--stk-flex-grow, 1) 1 calc(53.7% - var(--stk-column-gap, 0px) * 1 \/ 2 ) !important;}}@media screen and (min-width:690px) and (max-width:999px){.stk-df3537e {flex:var(--stk-flex-grow, 1) 1 calc(100% - var(--stk-column-gap, 0px) * 0 \/ 1 ) !important;}}<\/style><div class=\"stk-column-wrapper stk-block-column__content stk-container stk-df3537e-container stk--no-background stk--no-padding\"><div class=\"stk-block-content stk-inner-blocks stk-df3537e-inner-blocks\"><\/div><\/div><\/div>\n<\/div><\/div>\n\n<div class=\"wp-block-stackable-spacer stk-block-spacer stk--no-padding stk-block stk-92b4f79\" data-block-id=\"92b4f79\"><style>.stk-92b4f79 {height:50px !important;}<\/style><\/div>\n\n<div class=\"wp-block-stackable-divider stk-block-divider stk-block stk-a50d1a9\" data-block-id=\"a50d1a9\" data-block-type=\"core\" data-block-type=\"core\"><style>.stk-a50d1a9 hr.stk-block-divider__hr{background:#fffffe !important;height:8px !important;width:100% !important;}.stk-a50d1a9 {border-top-left-radius:0px !important;border-top-right-radius:0px !important;border-bottom-right-radius:0px !important;border-bottom-left-radius:0px !important;overflow:hidden !important;border-style:solid !important;border-top-width:0px !important;border-right-width:0px !important;border-bottom-width:0px !important;border-left-width:0px !important;}<\/style><style class=\"stk-custom-css\">.stk-a50d1a9.stk-block-divider{width:100% !important;max-width:100vw !important;margin-left:0 !important;margin-right:0 !important}<\/style><hr class=\"stk-block-divider__hr\"\/><\/div>\n\n<div class=\"wp-block-stackable-columns stk-block-columns stk-block stk-246c61b\" data-block-id=\"246c61b\"><div class=\"stk-row stk-inner-blocks stk-block-content stk-content-align stk-246c61b-column\">\n<div class=\"wp-block-stackable-column stk-block-column stk-column stk-block stk-04e8e20\" data-v=\"4\" data-block-id=\"04e8e20\"><style>.stk-04e8e20 {margin-right:20px !important;margin-left:20px !important;}<\/style><div class=\"stk-column-wrapper stk-block-column__content stk-container stk-04e8e20-container stk--no-background stk--no-padding\"><div class=\"stk-block-content stk-inner-blocks stk-04e8e20-inner-blocks\">\n<div class=\"wp-block-stackable-heading stk-block-heading stk-block-heading--v2 stk-block stk-150fa1a\" id=\"strong-we-deliver-our-boats-efficiently-strong\" data-block-id=\"150fa1a\"><style>.stk-150fa1a {margin-bottom:18px !important;}.stk-150fa1a .stk-block-heading__text{font-size:32px !important;line-height:1.3em !important;font-weight:800 !important;}@media screen and (max-width:999px){.stk-150fa1a .stk-block-heading__text{font-size:40px !important;}}@media screen and (max-width:689px){.stk-150fa1a .stk-block-heading__text{font-size:34px !important;}}<\/style><h1 class=\"stk-block-heading__text\"><strong>Entregamos nuestros barcos con eficacia<\/strong><\/h1><\/div>\n\n\n\n<div class=\"wp-block-stackable-text stk-block-text stk-block stk-3bbdc33\" data-block-id=\"3bbdc33\"><style>.stk-3bbdc33 {margin-bottom:60px !important;}<\/style><p class=\"stk-block-text__text has-text-align-left\">Transportar un barco por aguas internacionales requiere precisi\u00f3n, experiencia y un socio log\u00edstico de confianza. Proporcionamos <strong>servicios de transporte internacional de embarcaciones seguros y eficaces<\/strong>, garantizando que tu barco llegue a su destino <strong>de forma segura y puntual<\/strong>. Tanto si necesitas transportar una lancha motora, un yate de lujo o una embarcaci\u00f3n comercial, tenemos la experiencia y los recursos para gestionar el proceso sin problemas.  <\/p><\/div>\n<\/div><\/div><\/div>\n\n\n\n<div class=\"wp-block-stackable-column stk-block-column stk-column stk-block stk-923771b\" data-v=\"4\" data-block-id=\"923771b\"><style>.stk-923771b {margin-right:20px !important;margin-left:20px !important;}<\/style><div class=\"stk-column-wrapper stk-block-column__content stk-container stk-923771b-container stk--no-background stk--no-padding\"><div class=\"stk-block-content stk-inner-blocks stk-923771b-inner-blocks\">\n<div class=\"wp-block-stackable-heading stk-block-heading stk-block-heading--v2 stk-block stk-f54c12c\" id=\"strong-why-choose-us-for-international-boat-transport-strong\" data-block-id=\"f54c12c\"><style>.stk-f54c12c {margin-bottom:18px !important;}.stk-f54c12c .stk-block-heading__text{font-size:32px !important;line-height:1.3em !important;font-weight:800 !important;}@media screen and (max-width:999px){.stk-f54c12c .stk-block-heading__text{font-size:40px !important;}}@media screen and (max-width:689px){.stk-f54c12c .stk-block-heading__text{font-size:34px !important;}}<\/style><h1 class=\"stk-block-heading__text\"><strong>\u00bfPor qu\u00e9 elegirnos para el transporte internacional de barcos?<\/strong><\/h1><\/div>\n\n\n\n<div class=\"wp-block-stackable-text stk-block-text stk-block stk-105289e\" data-block-id=\"105289e\"><style>.stk-105289e {margin-bottom:60px !important;}<\/style><p class=\"stk-block-text__text has-text-align-left\"><strong>Red mundial y experiencia<\/strong> &#8211; Nuestra amplia red de socios navieros y agentes locales nos permite coordinar el transporte de embarcaciones en todo el mundo, cubriendo los principales puertos y destinos.<br\/><br\/><strong>Experiencia con todo tipo de embarcaciones<\/strong> &#8211; Desde lanchas motoras hasta veleros, manejamos embarcaciones de casi todos los tama\u00f1os con cuidado y experiencia.<br\/><br\/><strong>Proceso<\/strong> sin complicaciones &#8211; Nuestro equipo gestiona todos los detalles, desde los permisos y seguros hasta el despacho de aduanas, para que puedas disfrutar de una experiencia sin estr\u00e9s.<br\/><\/p><\/div>\n<\/div><\/div><\/div>\n<\/div><\/div>\n\n<div class=\"wp-block-stackable-divider stk-block-divider stk-block stk-uf1458x\" data-block-id=\"uf1458x\" data-block-type=\"core\" data-block-type=\"core\"><style>.stk-uf1458x hr.stk-block-divider__hr{background:#fffffe !important;height:8px !important;width:100% !important;}.stk-uf1458x {border-top-left-radius:0px !important;border-top-right-radius:0px !important;border-bottom-right-radius:0px !important;border-bottom-left-radius:0px !important;overflow:hidden !important;border-style:solid !important;border-top-width:0px !important;border-right-width:0px !important;border-bottom-width:0px !important;border-left-width:0px !important;}<\/style><style class=\"stk-custom-css\">.stk-uf1458x.stk-block-divider{width:100% !important;max-width:100vw !important;margin-left:0 !important;margin-right:0 !important}<\/style><hr class=\"stk-block-divider__hr\"\/><\/div>\n\n<div class=\"wp-block-stackable-columns stk-block-columns stk-block stk-e27b1e2\" data-block-id=\"e27b1e2\"><style>.stk-e27b1e2 {margin-bottom:20px !important;margin-left:2px !important;}<\/style><div class=\"stk-row stk-inner-blocks stk-block-content stk-content-align stk-e27b1e2-column\">\n<div class=\"wp-block-stackable-column stk-block-column stk-column stk-block stk-53ad6e1\" data-v=\"4\" data-block-id=\"53ad6e1\"><div class=\"stk-column-wrapper stk-block-column__content stk-container stk-53ad6e1-container stk--no-background stk--no-padding\"><div class=\"stk-block-content stk-inner-blocks stk-53ad6e1-inner-blocks\">\n<div class=\"wp-block-stackable-columns stk-block-columns stk-block stk-001fa57\" data-block-id=\"001fa57\"><style>.stk-001fa57-column{justify-content:center !important;}<\/style><div class=\"stk-row stk-inner-blocks stk-block-content stk-content-align stk-001fa57-column stk--flex\">\n<div class=\"wp-block-stackable-column stk-block-column stk-column stk-block stk-aa4fff0\" data-v=\"4\" data-block-id=\"aa4fff0\"><style>.stk-aa4fff0-inner-blocks{align-items:flex-start !important;}.stk-aa4fff0 {margin-left:120px !important;}@media screen and (max-width:689px){.stk-aa4fff0 {margin-left:0px !important;}}<\/style><div class=\"stk-column-wrapper stk-block-column__content stk-container stk-aa4fff0-container stk--no-background stk--no-padding\"><div class=\"stk--column-flex stk-block-content stk-inner-blocks stk-aa4fff0-inner-blocks\">\n<div class=\"wp-block-stackable-heading stk-block-heading stk-block-heading--v2 stk-block stk-09117b2\" id=\"strong-comprehensive-boat-shipping-solutions-strong\" data-block-id=\"09117b2\"><style>.stk-09117b2 {margin-bottom:0px !important;margin-left:20px !important;}.stk-09117b2 .stk-block-heading__text{line-height:1.3em !important;font-weight:800 !important;}@media screen and (max-width:999px){.stk-09117b2 .stk-block-heading__text{font-size:40px !important;}}@media screen and (max-width:689px){.stk-09117b2 .stk-block-heading__text{font-size:34px !important;}}<\/style><h1 class=\"stk-block-heading__text has-text-align-left\"><strong>Soluciones integrales para el transporte de barcos<\/strong><\/h1><\/div>\n\n\n\n<div class=\"wp-block-stackable-text stk-block-text stk-block stk-6317ffd\" data-block-id=\"6317ffd\"><style>.stk-6317ffd {padding-top:20px !important;margin-right:200px !important;margin-bottom:0px !important;margin-left:20px !important;}@media screen and (max-width:689px){.stk-6317ffd {padding-right:10px !important;padding-left:0px !important;margin-right:20px !important;margin-left:20px !important;}}<\/style><p class=\"stk-block-text__text has-text-align-left\">Nuestros servicios especializados de transporte cubren todos los aspectos de la log\u00edstica mundial de barcos, incluidos:<br\/><br\/><strong>Despacho de aduanas y documentaci\u00f3n<\/strong> &#8211; Nos encargamos de todo el papeleo necesario, garantizando un proceso sin problemas a trav\u00e9s de las aduanas y el cumplimiento de la normativa internacional sobre env\u00edos.<br\/><br\/><strong>Transporte seguro<\/strong> &#8211; Mediante t\u00e9cnicas avanzadas de elevaci\u00f3n y sujeci\u00f3n, nos aseguramos de que tu embarcaci\u00f3n sea transportada sin riesgo de da\u00f1os, ya sea por tierra o por mar.<br\/><br\/><strong>Servicios de puerta a puerta y de puerto a puerto<\/strong>: ofrecemos opciones de entrega flexibles, tanto si necesitas transporte directo a un puerto deportivo, un almac\u00e9n o un puerto designado.<br\/><br\/><strong>Seguimiento y asistencia en tiempo real<\/strong> &#8211; Mantente informado con actualizaciones en directo y asistencia al cliente dedicada para que siempre sepas d\u00f3nde est\u00e1 tu barco durante el tr\u00e1nsito.<\/p><\/div>\n<\/div><\/div><\/div>\n<\/div><\/div>\n<\/div><\/div><\/div>\n<\/div><\/div>\n\n<div class=\"wp-block-stackable-divider stk-block-divider stk-block stk-gsudcfe\" data-block-id=\"gsudcfe\" data-block-type=\"core\" data-block-type=\"core\"><style>.stk-gsudcfe hr.stk-block-divider__hr{background:#fffffe !important;height:8px !important;width:100% !important;}.stk-gsudcfe {border-top-left-radius:0px !important;border-top-right-radius:0px !important;border-bottom-right-radius:0px !important;border-bottom-left-radius:0px !important;overflow:hidden !important;border-style:solid !important;border-top-width:0px !important;border-right-width:0px !important;border-bottom-width:0px !important;border-left-width:0px !important;}<\/style><style class=\"stk-custom-css\">.stk-gsudcfe.stk-block-divider{width:100% !important;max-width:100vw !important;margin-left:0 !important;margin-right:0 !important}<\/style><hr class=\"stk-block-divider__hr\"\/><\/div>\n\n<div class=\"wp-block-stackable-heading stk-block-heading stk-block-heading--v2 stk-block stk-8a98b29\" id=\"map-view\" data-block-id=\"8a98b29\"><h2 class=\"stk-block-heading__text has-text-align-center\">Ver mapa<\/h2><\/div>\n\n<div class=\"wp-block-stackable-text stk-block-text stk--hide-desktop stk-block stk-417274c\" data-block-id=\"417274c\"><p class=\"stk-block-text__text has-text-align-center\">( haz clic para abrir el mapa completo )<\/p><\/div>\n\n<div class=\"wp-block-stackable-image stk-block-image stk-block stk-9cc1274 stk-block-background stk--has-lightbox\" data-block-id=\"9cc1274\"><style>.stk-9cc1274 {border-top-left-radius:0px !important;border-top-right-radius:0px !important;border-bottom-right-radius:0px !important;border-bottom-left-radius:0px !important;overflow:hidden !important;border-style:solid !important;border-top-width:4px !important;border-right-width:4px !important;border-bottom-width:4px !important;border-left-width:4px !important;margin-bottom:37px !important;}.stk-9cc1274 .stk-img-wrapper{aspect-ratio:4\/1 !important;width:100% !important;height:457px !important;}:where(.stk-hover-parent:hover,  .stk-hover-parent.stk--is-hovered) .stk-9cc1274 .stk-img-wrapper img{transform:scale(1) !important;}.stk-9cc1274 .stk-img-wrapper img{object-fit:contain !important;}:where(.stk-hover-parent:hover,  .stk-hover-parent.stk--is-hovered) .stk-9cc1274 .stk-img-wrapper::after{background-color:var(--theme-palette-color-2, #5e3fde) !important;}:where(.stk-hover-parent:hover,  .stk-hover-parent.stk--is-hovered) .stk-9cc1274 .stk-img-wrapper{--stk-gradient-overlay:0.95 !important;}@media screen and (max-width:689px){.stk-9cc1274 .stk-img-wrapper{aspect-ratio:1\/1 !important;width:100% !important;height:100% !important;}.stk-9cc1274 .stk-img-wrapper img{object-fit:contain !important;}}<\/style><figure><a class=\"stk-link\" href=\"https:\/\/yourboat.es\/wp-content\/uploads\/2025\/03\/MapChart_Map1.png\"><span class=\"stk-img-wrapper stk-image--shape-stretch stk--has-lightbox\"><img loading=\"lazy\" decoding=\"async\" class=\"stk-img wp-image-4333\" src=\"https:\/\/yourboat.es\/wp-content\/uploads\/2025\/03\/MapChart_Map1.png\" width=\"6460\" height=\"3403\" alt=\"mapa de entrega de tu barco\"\/><\/span><\/a><\/figure><\/div>\n\n<div class=\"wp-block-stackable-columns alignfull stk-block-columns stk-block stk-f63ff67\" data-block-id=\"f63ff67\"><style>.stk-f63ff67 {margin-bottom:-20px !important;}<\/style><div class=\"stk-row stk-inner-blocks stk-block-content stk-content-align stk-f63ff67-column alignfull\">\n<div class=\"wp-block-stackable-column stk-block-column stk-column stk-block stk-e54fbe7\" data-v=\"4\" data-block-id=\"e54fbe7\"><div class=\"stk-column-wrapper stk-block-column__content stk-container stk-e54fbe7-container stk--no-background stk--no-padding\"><div class=\"stk-block-content stk-inner-blocks stk-e54fbe7-inner-blocks\"><\/div><\/div><\/div>\n<\/div><\/div>\n","protected":false},"excerpt":{"rendered":"<p>Entrega internacional de barcos \u00bfPlaneas traer tu barco de otro pa\u00eds? Ponte en contacto con nosotros para una consulta personalizada gratuita y los precios m\u00e1s competitivos. Entregamos nuestros barcos con eficacia Transportar un barco por aguas internacionales requiere precisi\u00f3n, experiencia y un socio log\u00edstico de confianza. Proporcionamos servicios de transporte internacional de embarcaciones seguros y [&hellip;]<\/p>\n","protected":false},"author":3,"featured_media":0,"parent":0,"menu_order":0,"comment_status":"closed","ping_status":"closed","template":"","meta":{"_acf_changed":false,"inline_featured_image":false,"footnotes":""},"class_list":["post-4352","page","type-page","status-publish","hentry"],"blocksy_meta":[],"acf":[],"_links":{"self":[{"href":"https:\/\/yourboat.es\/es\/wp-json\/wp\/v2\/pages\/4352","targetHints":{"allow":["GET"]}}],"collection":[{"href":"https:\/\/yourboat.es\/es\/wp-json\/wp\/v2\/pages"}],"about":[{"href":"https:\/\/yourboat.es\/es\/wp-json\/wp\/v2\/types\/page"}],"author":[{"embeddable":true,"href":"https:\/\/yourboat.es\/es\/wp-json\/wp\/v2\/users\/3"}],"replies":[{"embeddable":true,"href":"https:\/\/yourboat.es\/es\/wp-json\/wp\/v2\/comments?post=4352"}],"version-history":[{"count":57,"href":"https:\/\/yourboat.es\/es\/wp-json\/wp\/v2\/pages\/4352\/revisions"}],"predecessor-version":[{"id":8186,"href":"https:\/\/yourboat.es\/es\/wp-json\/wp\/v2\/pages\/4352\/revisions\/8186"}],"wp:attachment":[{"href":"https:\/\/yourboat.es\/es\/wp-json\/wp\/v2\/media?parent=4352"}],"curies":[{"name":"wp","href":"https:\/\/api.w.org\/{rel}","templated":true}]}}