{"id":4433,"date":"2025-03-07T09:31:19","date_gmt":"2025-03-07T09:31:19","guid":{"rendered":"https:\/\/yourboat.es\/personalizacion-del-barco\/"},"modified":"2026-04-20T17:33:45","modified_gmt":"2026-04-20T17:33:45","slug":"personalizacion-del-barco","status":"publish","type":"page","link":"https:\/\/yourboat.es\/es\/personalizacion-del-barco\/","title":{"rendered":"Personalizaci\u00f3n del barco"},"content":{"rendered":"\n<div class=\"wp-block-stackable-columns alignfull stk-block-columns stk-block stk-242acad stk-block-background stk--has-background-overlay\" data-block-id=\"242acad\"><style>.stk-242acad {background-color:var(--theme-palette-color-2, \t #133252) !important;background-image:url(https:\/\/yourboat.es\/wp-content\/uploads\/2024\/11\/IMG_8125-scaled.jpg) !important;background-position:center center !important;border-top-left-radius:0px !important;border-top-right-radius:0px !important;border-bottom-right-radius:0px !important;border-bottom-left-radius:0px !important;overflow:hidden !important;min-height:800px !important;padding-top:300px !important;padding-bottom:166px !important;margin-bottom:0px !important;}.stk-242acad:before{background-color:var(--theme-palette-color-2, \t #133252) !important;opacity:0.6 !important;}.stk-242acad-column{--stk-column-gap:34px !important;}@media screen and (max-width:999px){.stk-242acad {padding-top:250px !important;padding-bottom:150px !important;}}@media screen and (max-width:689px){.stk-242acad {background-position:center right !important;background-repeat:no-repeat !important;background-size:cover !important;min-height:680px !important;padding-top:150px !important;padding-bottom:100px !important;}}<\/style><div class=\"stk-row stk-inner-blocks stk-block-content stk-content-align stk-242acad-column\">\n<div class=\"wp-block-stackable-column stk-block-column stk-column stk-block stk-656155e\" data-v=\"4\" data-block-id=\"656155e\"><style>.stk-656155e-container{margin-top:0px !important;margin-right:0px !important;margin-bottom:0px !important;margin-left:0px !important;}.stk-656155e {margin-left:20px !important;}@media screen and (min-width:690px){.stk-656155e {flex:var(--stk-flex-grow, 1) 1 calc(46.3% - var(--stk-column-gap, 0px) * 1 \/ 2 ) !important;}}@media screen and (min-width:690px) and (max-width:999px){.stk-656155e {flex:var(--stk-flex-grow, 1) 1 calc(100% - var(--stk-column-gap, 0px) * 0 \/ 1 ) !important;}}<\/style><div class=\"stk-column-wrapper stk-block-column__content stk-container stk-656155e-container stk--no-background stk--no-padding\"><div class=\"has-text-align-center-tablet stk-block-content stk-inner-blocks stk-656155e-inner-blocks\">\n<div class=\"wp-block-stackable-heading stk-block-heading stk-block-heading--v2 stk-block stk-7225c59\" id=\"boat\" data-block-id=\"7225c59\"><style>.stk-7225c59 {margin-bottom:10px !important;}.stk-7225c59 .stk-block-heading__text{font-size:50px !important;color:var(--theme-palette-color-8, #ffffff) !important;line-height:1.3em !important;font-weight:800 !important;}@media screen and (max-width:999px){.stk-7225c59 .stk-block-heading__text{font-size:40px !important;}}@media screen and (max-width:689px){.stk-7225c59 .stk-block-heading__text{font-size:31px !important;}}<\/style><h1 class=\"stk-block-heading__text has-text-color has-text-align-left\">Personalizaci\u00f3n del barco<\/h1><\/div>\n\n\n\n<div class=\"wp-block-stackable-text stk-block-text stk-block stk-81505a5\" data-block-id=\"81505a5\"><style>.stk-81505a5 {margin-bottom:60px !important;}.stk-81505a5 .stk-block-text__text{color:var(--theme-palette-color-8, #ffffff) !important;}@media screen and (max-width:689px){.stk-81505a5 .stk-block-text__text{font-size:22px !important;}}<\/style><p class=\"stk-block-text__text has-text-color has-text-align-left\">Deja que te ayudemos a crear una embarcaci\u00f3n tan \u00fanica como t\u00fa. Ponte en contacto con nosotros para una consulta y un presupuesto personalizado.\nHaz realidad la embarcaci\u00f3n de tus sue\u00f1os: \u00a1lujo, rendimiento y estilo a tu medida! <\/p><\/div>\n<\/div><\/div><\/div>\n\n\n\n<div class=\"wp-block-stackable-column stk-block-column stk-column stk-block stk-df3537e\" data-v=\"4\" data-block-id=\"df3537e\"><style>.stk-df3537e-container{margin-top:0px !important;margin-right:0px !important;margin-bottom:0px !important;margin-left:0px !important;}@media screen and (min-width:690px){.stk-df3537e {flex:var(--stk-flex-grow, 1) 1 calc(53.7% - var(--stk-column-gap, 0px) * 1 \/ 2 ) !important;}}@media screen and (min-width:690px) and (max-width:999px){.stk-df3537e {flex:var(--stk-flex-grow, 1) 1 calc(100% - var(--stk-column-gap, 0px) * 0 \/ 1 ) !important;}}<\/style><div class=\"stk-column-wrapper stk-block-column__content stk-container stk-df3537e-container stk--no-background stk--no-padding\"><div class=\"stk-block-content stk-inner-blocks stk-df3537e-inner-blocks\"><\/div><\/div><\/div>\n<\/div><\/div>\n\n<div class=\"wp-block-stackable-divider stk-block-divider stk-block stk-a50d1a9\" data-block-id=\"a50d1a9\" data-block-type=\"core\" data-block-type=\"core\"><style>.stk-a50d1a9 hr.stk-block-divider__hr{background:#fffffe !important;height:8px !important;width:100% !important;}.stk-a50d1a9 {border-top-left-radius:0px !important;border-top-right-radius:0px !important;border-bottom-right-radius:0px !important;border-bottom-left-radius:0px !important;overflow:hidden !important;border-style:solid !important;border-top-width:0px !important;border-right-width:0px !important;border-bottom-width:0px !important;border-left-width:0px !important;}<\/style><style class=\"stk-custom-css\">.stk-a50d1a9.stk-block-divider{width:100% !important;max-width:100vw !important;margin-left:0 !important;margin-right:0 !important}<\/style><hr class=\"stk-block-divider__hr\"\/><\/div>\n\n<div class=\"wp-block-stackable-columns stk-block-columns stk-block stk-246c61b\" data-block-id=\"246c61b\"><div class=\"stk-row stk-inner-blocks stk-block-content stk-content-align stk-246c61b-column\">\n<div class=\"wp-block-stackable-column stk-block-column stk-column stk-block stk-04e8e20\" data-v=\"4\" data-block-id=\"04e8e20\"><style>.stk-04e8e20 {margin-right:20px !important;margin-left:20px !important;}<\/style><div class=\"stk-column-wrapper stk-block-column__content stk-container stk-04e8e20-container stk--no-background stk--no-padding\"><div class=\"stk-block-content stk-inner-blocks stk-04e8e20-inner-blocks\">\n<div class=\"wp-block-stackable-heading stk-block-heading stk-block-heading--v2 stk-block stk-150fa1a\" id=\"what-can-you-expect\" data-block-id=\"150fa1a\"><style>.stk-150fa1a {margin-bottom:18px !important;}<\/style><h2 class=\"stk-block-heading__text has-text-align-left\">\u00bfQu\u00e9 puedes esperar?<\/h2><\/div>\n\n\n\n<div class=\"wp-block-stackable-text stk-block-text stk-block stk-3bbdc33\" data-block-id=\"3bbdc33\"><style>.stk-3bbdc33 {margin-bottom:15px !important;}@media screen and (max-width:689px){.stk-3bbdc33 .stk-block-text__text{font-size:19px !important;}}<\/style><p class=\"stk-block-text__text has-text-align-left\">En Tu Embarcaci\u00f3n, ofrecemos servicios de personalizaci\u00f3n de embarcaciones de primera calidad, que te permitir\u00e1n dise\u00f1ar una embarcaci\u00f3n que se adapte perfectamente a tu estilo y necesidades. Tanto si quieres un interior lujoso, mejoras de alto rendimiento o modificaciones exteriores \u00fanicas, nuestro equipo de expertos har\u00e1 realidad tu visi\u00f3n. <\/p><\/div>\n\n\n\n<p class=\"has-medium-font-size\" data-block-type=\"core\"><strong>Enfoque personalizado<\/strong> &#8211; Trabajamos <strong>individualmente<\/strong> contigo para comprender tu visi\u00f3n y ofrecerte un resultado verdaderamente personalizado.<\/p>\n\n\n\n<p data-block-type=\"core\"><strong>Artesan\u00eda de alta calidad<\/strong> &#8211; Nuestro equipo de <strong>expertos marinos y h\u00e1biles artesanos<\/strong> utilizan <strong>materiales y tecnolog\u00eda de primer nivel<\/strong> para garantizar una calidad excepcional.<\/p>\n\n\n\n<p data-block-type=\"core\"><strong>Proceso sencillo<\/strong> &#8211; Desde el concepto hasta la finalizaci\u00f3n, nos encargamos de todo, proporcionando <strong>consultas de dise\u00f1o, recomendaciones de expertos e instalaci\u00f3n profesional<\/strong>.<\/p>\n<\/div><\/div><\/div>\n\n\n\n<div class=\"wp-block-stackable-column stk-block-column stk-column stk-block stk-923771b\" data-v=\"4\" data-block-id=\"923771b\"><style>.stk-923771b {margin-right:20px !important;margin-left:20px !important;}<\/style><div class=\"stk-column-wrapper stk-block-column__content stk-container stk-923771b-container stk--no-background stk--no-padding\"><div class=\"stk-block-content stk-inner-blocks stk-923771b-inner-blocks\">\n<div class=\"wp-block-stackable-heading stk-block-heading stk-block-heading--v2 stk-block stk-f54c12c\" id=\"our-customization-services\" data-block-id=\"f54c12c\"><style>.stk-f54c12c {margin-bottom:19px !important;}@media screen and (max-width:999px){.stk-f54c12c .stk-block-heading__text{font-size:40px !important;}}@media screen and (max-width:689px){.stk-f54c12c .stk-block-heading__text{font-size:34px !important;}}<\/style><h2 class=\"stk-block-heading__text\">Nuestros servicios de personalizaci\u00f3n<\/h2><\/div>\n\n\n\n<div class=\"wp-block-stackable-text stk-block-text stk-block stk-105289e\" data-block-id=\"105289e\"><style>.stk-105289e {margin-bottom:60px !important;}@media screen and (max-width:689px){.stk-105289e .stk-block-text__text{font-size:19px !important;}}<\/style><p class=\"stk-block-text__text has-text-align-left\"><strong>Dise\u00f1o y mejoras interiores<\/strong> &#8211; Elige entre materiales de lujo, asientos personalizados, iluminaci\u00f3n avanzada y acabados de alta gama para crear una experiencia a bordo elegante y confortable.<br\/><br\/><strong>Modificaciones exteriores<\/strong> &#8211; Personaliza el casco, la pintura, los gr\u00e1ficos y la distribuci\u00f3n de la cubierta para dar a tu barco un aspecto \u00fanico.<br\/><br\/><strong>Entretenimiento y mejoras tecnol\u00f3gicas<\/strong> &#8211; Mejora tu embarcaci\u00f3n con sistemas de sonido premium, navegaci\u00f3n inteligente, iluminaci\u00f3n subacu\u00e1tica y electr\u00f3nica de \u00faltima generaci\u00f3n.<br\/><br\/><strong>Mejoras de<\/strong> rendimiento &#8211; Mejora la potencia del motor, la eficiencia del combustible y la maniobrabilidad con modificaciones de rendimiento personalizadas y adaptadas a tu estilo de navegaci\u00f3n.<br\/><\/p><\/div>\n<\/div><\/div><\/div>\n<\/div><\/div>\n\n<div class=\"wp-block-stackable-divider stk-block-divider stk-block stk-7ts3mrz\" data-block-id=\"7ts3mrz\" data-block-type=\"core\" data-block-type=\"core\"><style>.stk-7ts3mrz hr.stk-block-divider__hr{background:#fffffe !important;height:8px !important;width:100% !important;}.stk-7ts3mrz {border-top-left-radius:0px !important;border-top-right-radius:0px !important;border-bottom-right-radius:0px !important;border-bottom-left-radius:0px !important;overflow:hidden !important;border-style:solid !important;border-top-width:0px !important;border-right-width:0px !important;border-bottom-width:0px !important;border-left-width:0px !important;}<\/style><style class=\"stk-custom-css\">.stk-7ts3mrz.stk-block-divider{width:100% !important;max-width:100vw !important;margin-left:0 !important;margin-right:0 !important}<\/style><hr class=\"stk-block-divider__hr\"\/><\/div>\n\n<div class=\"wp-block-stackable-spacer stk-block-spacer stk--no-padding stk-block stk-e24cc94\" data-block-id=\"e24cc94\"><\/div>\n\n<p data-block-type=\"core\"><\/p>\n","protected":false},"excerpt":{"rendered":"<p>Personalizaci\u00f3n del barco Deja que te ayudemos a crear una embarcaci\u00f3n tan \u00fanica como t\u00fa. Ponte en contacto con nosotros para una consulta y un presupuesto personalizado. Haz realidad la embarcaci\u00f3n de tus sue\u00f1os: \u00a1lujo, rendimiento y estilo a tu medida! \u00bfQu\u00e9 puedes esperar? En Tu Embarcaci\u00f3n, ofrecemos servicios de personalizaci\u00f3n de embarcaciones de primera [&hellip;]<\/p>\n","protected":false},"author":3,"featured_media":0,"parent":0,"menu_order":0,"comment_status":"closed","ping_status":"closed","template":"","meta":{"_acf_changed":false,"inline_featured_image":false,"footnotes":""},"class_list":["post-4433","page","type-page","status-publish","hentry"],"blocksy_meta":[],"acf":[],"_links":{"self":[{"href":"https:\/\/yourboat.es\/es\/wp-json\/wp\/v2\/pages\/4433","targetHints":{"allow":["GET"]}}],"collection":[{"href":"https:\/\/yourboat.es\/es\/wp-json\/wp\/v2\/pages"}],"about":[{"href":"https:\/\/yourboat.es\/es\/wp-json\/wp\/v2\/types\/page"}],"author":[{"embeddable":true,"href":"https:\/\/yourboat.es\/es\/wp-json\/wp\/v2\/users\/3"}],"replies":[{"embeddable":true,"href":"https:\/\/yourboat.es\/es\/wp-json\/wp\/v2\/comments?post=4433"}],"version-history":[{"count":18,"href":"https:\/\/yourboat.es\/es\/wp-json\/wp\/v2\/pages\/4433\/revisions"}],"predecessor-version":[{"id":8146,"href":"https:\/\/yourboat.es\/es\/wp-json\/wp\/v2\/pages\/4433\/revisions\/8146"}],"wp:attachment":[{"href":"https:\/\/yourboat.es\/es\/wp-json\/wp\/v2\/media?parent=4433"}],"curies":[{"name":"wp","href":"https:\/\/api.w.org\/{rel}","templated":true}]}}