{"id":4436,"date":"2025-03-07T09:45:13","date_gmt":"2025-03-07T09:45:13","guid":{"rendered":"https:\/\/yourboat.es\/las-empresas-de-fletamento-ofrecen\/"},"modified":"2026-04-20T21:01:22","modified_gmt":"2026-04-20T21:01:22","slug":"las-empresas-de-fletamento-ofrecen","status":"publish","type":"page","link":"https:\/\/yourboat.es\/es\/las-empresas-de-fletamento-ofrecen\/","title":{"rendered":"Las empresas de fletamento ofrecen"},"content":{"rendered":"\n<div class=\"wp-block-stackable-columns alignfull stk-block-columns stk-block stk-242acad stk-block-background stk--has-background-overlay\" data-block-id=\"242acad\"><style>.stk-242acad {background-color:var(--theme-palette-color-2, \t #133252) !important;background-image:url(https:\/\/yourboat.es\/wp-content\/uploads\/2026\/04\/Charter-BG-scaled.png) !important;border-top-left-radius:0px !important;border-top-right-radius:0px !important;border-bottom-right-radius:0px !important;border-bottom-left-radius:0px !important;overflow:hidden !important;min-height:700px !important;padding-top:300px !important;padding-bottom:166px !important;margin-bottom:0px !important;}.stk-242acad:before{background-color:var(--theme-palette-color-2, \t #133252) !important;opacity:0.6 !important;}.stk-242acad-column{--stk-column-gap:34px !important;}@media screen and (max-width:999px){.stk-242acad {padding-top:250px !important;padding-bottom:150px !important;}}@media screen and (max-width:689px){.stk-242acad {background-position:center center !important;background-repeat:no-repeat !important;background-size:cover !important;min-height:680px !important;padding-top:150px !important;padding-right:0px !important;padding-bottom:100px !important;padding-left:0px !important;}}<\/style><div class=\"stk-row stk-inner-blocks stk-block-content stk-content-align stk-242acad-column\">\n<div class=\"wp-block-stackable-column stk-block-column stk-column stk-block stk-656155e\" data-v=\"4\" data-block-id=\"656155e\"><style>.stk-656155e-container{margin-top:0px !important;margin-right:0px !important;margin-bottom:0px !important;margin-left:0px !important;}.stk-656155e {padding-left:30px !important;}@media screen and (min-width:690px){.stk-656155e {flex:var(--stk-flex-grow, 1) 1 calc(46.3% - var(--stk-column-gap, 0px) * 1 \/ 2 ) !important;}}@media screen and (min-width:690px) and (max-width:999px){.stk-656155e {flex:var(--stk-flex-grow, 1) 1 calc(100% - var(--stk-column-gap, 0px) * 0 \/ 1 ) !important;}}<\/style><div class=\"stk-column-wrapper stk-block-column__content stk-container stk-656155e-container stk--no-background stk--no-padding\"><div class=\"has-text-align-center-tablet stk-block-content stk-inner-blocks stk-656155e-inner-blocks\">\n<div class=\"wp-block-stackable-heading stk-block-heading stk-block-heading--v2 stk-block stk-7225c59\" id=\"charter-companies-offer\" data-block-id=\"7225c59\"><style>.stk-7225c59 {margin-bottom:0px !important;}.stk-7225c59 .stk-block-heading__text{font-size:31px !important;color:var(--theme-palette-color-8, #ffffff) !important;line-height:1.3em !important;font-weight:800 !important;}@media screen and (max-width:999px){.stk-7225c59 .stk-block-heading__text{font-size:40px !important;}}@media screen and (max-width:689px){.stk-7225c59 {margin-bottom:13px !important;}.stk-7225c59 .stk-block-heading__text{font-size:34px !important;}}<\/style><h1 class=\"stk-block-heading__text has-text-color has-text-align-left\">Las empresas de fletamento ofrecen<\/h1><\/div>\n\n\n\n<div class=\"wp-block-stackable-text stk-block-text stk-block stk-81505a5\" data-block-id=\"81505a5\"><style>.stk-81505a5 {margin-bottom:60px !important;}.stk-81505a5 .stk-block-text__text{color:var(--theme-palette-color-8, #ffffff) !important;}<\/style><p class=\"stk-block-text__text has-text-color has-text-align-left\">En Tu Embarcaci\u00f3n, entendemos las necesidades \u00fanicas de las empresas de alquiler y ofrecemos una selecci\u00f3n especial de embarcaciones adaptadas a los servicios de alquiler y ch\u00e1rter. Tanto si est\u00e1s ampliando tu flota como modernizando tus embarcaciones, nuestras ofertas exclusivas te garantizan los mejores barcos a precios competitivos. <\/p><\/div>\n<\/div><\/div><\/div>\n\n\n\n<div class=\"wp-block-stackable-column stk-block-column stk-column stk-block stk-df3537e\" data-v=\"4\" data-block-id=\"df3537e\"><style>.stk-df3537e-container{margin-top:0px !important;margin-right:0px !important;margin-bottom:0px !important;margin-left:0px !important;}@media screen and (min-width:690px){.stk-df3537e {flex:var(--stk-flex-grow, 1) 1 calc(53.7% - var(--stk-column-gap, 0px) * 1 \/ 2 ) !important;}}@media screen and (min-width:690px) and (max-width:999px){.stk-df3537e {flex:var(--stk-flex-grow, 1) 1 calc(100% - var(--stk-column-gap, 0px) * 0 \/ 1 ) !important;}}<\/style><div class=\"stk-column-wrapper stk-block-column__content stk-container stk-df3537e-container stk--no-background stk--no-padding\"><div class=\"stk-block-content stk-inner-blocks stk-df3537e-inner-blocks\"><\/div><\/div><\/div>\n<\/div><\/div>\n\n<div class=\"wp-block-stackable-divider stk-block-divider stk-block stk-a50d1a9\" data-block-id=\"a50d1a9\" data-block-type=\"core\" data-block-type=\"core\"><style>.stk-a50d1a9 hr.stk-block-divider__hr{background:#fffffe !important;height:8px !important;width:100% !important;}.stk-a50d1a9 {border-top-left-radius:0px !important;border-top-right-radius:0px !important;border-bottom-right-radius:0px !important;border-bottom-left-radius:0px !important;overflow:hidden !important;border-style:solid !important;border-top-width:0px !important;border-right-width:0px !important;border-bottom-width:0px !important;border-left-width:0px !important;}<\/style><style class=\"stk-custom-css\">.stk-a50d1a9.stk-block-divider{width:100% !important;max-width:100vw !important;margin-left:0 !important;margin-right:0 !important}<\/style><hr class=\"stk-block-divider__hr\"\/><\/div>\n\n<div class=\"wp-block-stackable-columns stk-block-columns stk-block stk-246c61b\" data-block-id=\"246c61b\"><style>.stk-246c61b {border-top-left-radius:0px !important;border-top-right-radius:0px !important;border-bottom-right-radius:0px !important;border-bottom-left-radius:0px !important;overflow:hidden !important;}<\/style><div class=\"stk-row stk-inner-blocks stk-block-content stk-content-align stk-246c61b-column\">\n<div class=\"wp-block-stackable-column stk-block-column stk-column stk-block stk-04e8e20\" data-v=\"4\" data-block-id=\"04e8e20\"><style>.stk-04e8e20 {margin-right:140px !important;margin-left:20px !important;}@media screen and (max-width:689px){.stk-04e8e20 {margin-right:10px !important;margin-left:10px !important;}}<\/style><div class=\"stk-column-wrapper stk-block-column__content stk-container stk-04e8e20-container stk--no-background stk--no-padding\"><div class=\"stk-block-content stk-inner-blocks stk-04e8e20-inner-blocks\">\n<div class=\"wp-block-stackable-heading stk-block-heading stk-block-heading--v2 stk-block stk-150fa1a\" id=\"what-can-you-expect\" data-block-id=\"150fa1a\"><style>.stk-150fa1a {margin-bottom:17px !important;}<\/style><h2 class=\"stk-block-heading__text has-text-align-left\">\u00bfQu\u00e9 puedes esperar?<\/h2><\/div>\n\n\n\n<div class=\"wp-block-stackable-text stk-block-text stk-block stk-3bbdc33\" data-block-id=\"3bbdc33\"><style>.stk-3bbdc33 {margin-bottom:60px !important;}<\/style><p class=\"stk-block-text__text has-text-align-left\"><strong>Diversas opciones de flota<\/strong> &#8211; Ofrecemos una amplia gama de embarcaciones, como lanchas motoras, veleros y cruceros de lujo, para que encuentres la que mejor se adapte a tus operaciones de alquiler.<br\/><br\/><strong>Descuentos exclusivos y paquetes para flotas <\/strong>&#8211; Benef\u00edciate de precios especiales, descuentos por compras al por mayor y opciones de financiaci\u00f3n flexibles dise\u00f1adas espec\u00edficamente para empresas de ch\u00e1rter.<br\/><br\/><strong>Barcos fiables y de bajo mantenimiento<\/strong> &#8211; Nuestros barcos proceden de las mejores marcas europeas, conocidas por su durabilidad, eficiencia de combustible y f\u00e1cil mantenimiento, lo que los hace ideales para servicios de ch\u00e1rter de alto uso.<br\/><br\/><strong>Personalizaci\u00f3n y marca<\/strong> &#8211; \u00bfNecesitas una embarcaci\u00f3n adaptada a tu marca? Ofrecemos opciones de personalizaci\u00f3n, incluida la colocaci\u00f3n del logotipo, modificaciones interiores y elementos de dise\u00f1o exclusivos. <br\/><br\/><strong>Asistencia de servicio completo<\/strong> &#8211; M\u00e1s all\u00e1 de las ventas, proporcionamos asistencia de mantenimiento continuado, piezas de repuesto y asesoramiento experto para que tu flota siga funcionando sin problemas.<br\/><\/p><\/div>\n<\/div><\/div><\/div>\n\n\n\n<div class=\"wp-block-stackable-column stk-block-column stk-column stk-block stk-923771b\" data-v=\"4\" data-block-id=\"923771b\"><style>.stk-923771b {margin-right:20px !important;}<\/style><div class=\"stk-column-wrapper stk-block-column__content stk-container stk-923771b-container stk--no-background stk--no-padding\"><div class=\"stk-block-content stk-inner-blocks stk-923771b-inner-blocks\">\n<div class=\"wp-block-stackable-heading stk-block-heading stk-block-heading--v2 stk-block stk-f54c12c\" id=\"get-your-o\" data-block-id=\"f54c12c\"><style>.stk-f54c12c {margin-bottom:20px !important;}<\/style><h2 class=\"stk-block-heading__text has-text-align-left\">\u00a1Consigue hoy tu oferta!<\/h2><\/div>\n\n\n\n<div class=\"wp-block-stackable-text stk-block-text stk-block stk-105289e\" data-block-id=\"105289e\"><style>.stk-105289e {margin-bottom:0px !important;}<\/style><p class=\"stk-block-text__text has-text-align-left\">Tanto si te dedicas al alquiler de yates de lujo, a las excursiones de aventura o al alquiler diario, nuestra selecci\u00f3n se adapta a todos los segmentos del mercado. Deja que te ayudemos a elegir las mejores embarcaciones para maximizar la rentabilidad y la satisfacci\u00f3n del cliente. Ponte en contacto con nosotros para una consulta personalizada gratuita y descubre <strong>las mejores ofertas de barcos para tu empresa de alquiler<\/strong>.  <br\/><\/p><\/div>\n\n\n\n<div style=\"height:45px\" aria-hidden=\"true\" class=\"wp-block-spacer\" data-block-type=\"core\"><\/div>\n\n\n\n<div class=\"wp-block-stackable-columns alignfull stk-block-columns stk-block stk-65ca68d\" data-block-id=\"65ca68d\"><style>.stk-65ca68d {min-height:1000px !important;max-width:1500px !important;min-width:auto !important;}.stk-65ca68d-column{max-width:1500px !important;min-width:auto !important;margin-right:0px !important;margin-left:auto !important;}@media screen and (max-width:689px){.stk-65ca68d {margin-right:0px !important;margin-left:0px !important;}}<\/style><div class=\"stk-row stk-inner-blocks stk-block-content stk-content-align stk-65ca68d-column alignfull\">\n<div class=\"wp-block-stackable-column stk-block-column stk-column stk-block stk-10ea13f\" data-v=\"4\" data-block-id=\"10ea13f\"><style>.stk-10ea13f {padding-left:80px !important;}.stk-10ea13f-container{padding-top:10px !important;padding-right:10px !important;padding-bottom:10px !important;padding-left:10px !important;}@media screen and (max-width:689px){.stk-10ea13f {padding-left:0px !important;}}<\/style><div class=\"stk-column-wrapper stk-block-column__content stk-container stk-10ea13f-container stk-hover-parent\"><div class=\"stk-block-content stk-inner-blocks stk-10ea13f-inner-blocks\"><style id=\"wpforms-css-vars-4524-block-4a53977b-d872-4934-8a50-b394154bf129\">\n\t\t\t\t#wpforms-4524.wpforms-block-4a53977b-d872-4934-8a50-b394154bf129 {\n\t\t\t\t--wpforms-field-size-input-height: 43px;\n--wpforms-field-size-input-spacing: 15px;\n--wpforms-field-size-font-size: 16px;\n--wpforms-field-size-line-height: 19px;\n--wpforms-field-size-padding-h: 14px;\n--wpforms-field-size-checkbox-size: 16px;\n--wpforms-field-size-sublabel-spacing: 5px;\n--wpforms-field-size-icon-size: 1;\n--wpforms-label-size-font-size: 16px;\n--wpforms-label-size-line-height: 19px;\n--wpforms-label-size-sublabel-font-size: 14px;\n--wpforms-label-size-sublabel-line-height: 17px;\n--wpforms-button-size-font-size: 20px;\n--wpforms-button-size-height: 48px;\n--wpforms-button-size-padding-h: 20px;\n--wpforms-button-size-margin-top: 15px;\n\t\t\t}\n\t\t\t<\/style><div class=\"wpforms-container wpforms-container-full wpforms-block wpforms-block-4a53977b-d872-4934-8a50-b394154bf129 wpforms-render-modern\" id=\"wpforms-4524\"><form id=\"wpforms-form-4524\" class=\"wpforms-validate wpforms-form wpforms-ajax-form\" data-formid=\"4524\" method=\"post\" enctype=\"multipart\/form-data\" action=\"\/es\/wp-json\/wp\/v2\/pages\/4436\" data-token=\"c83f289731420e9baae228891a1466a6\" data-token-time=\"1777224025\"><div class=\"wpforms-head-container\"><div class=\"wpforms-title\">Charter Offer Form<\/div><div class=\"wpforms-description\">Just submit your company information to  connect easy with our team.<\/div><\/div><noscript class=\"wpforms-error-noscript\">Por favor, activa JavaScript en tu navegador para completar este formulario.<\/noscript><div id=\"wpforms-error-noscript\" style=\"display: none;\">Por favor, activa JavaScript en tu navegador para completar este formulario.<\/div><div class=\"wpforms-field-container\"><div id=\"wpforms-4524-field_1-container\" class=\"wpforms-field wpforms-field-name\" data-field-id=\"1\"><fieldset><legend class=\"wpforms-field-label\">Name <span class=\"wpforms-required-label\" aria-hidden=\"true\">*<\/span><\/legend><div class=\"wpforms-field-row wpforms-field-medium\"><div class=\"wpforms-field-row-block wpforms-first wpforms-one-half\"><input type=\"text\" id=\"wpforms-4524-field_1\" class=\"wpforms-field-name-first wpforms-field-required\" name=\"wpforms[fields][1][first]\" aria-errormessage=\"wpforms-4524-field_1-error\" required><label for=\"wpforms-4524-field_1\" class=\"wpforms-field-sublabel after\">First<\/label><\/div><div class=\"wpforms-field-row-block wpforms-one-half\"><input type=\"text\" id=\"wpforms-4524-field_1-last\" class=\"wpforms-field-name-last wpforms-field-required\" name=\"wpforms[fields][1][last]\" aria-errormessage=\"wpforms-4524-field_1-last-error\" required><label for=\"wpforms-4524-field_1-last\" class=\"wpforms-field-sublabel after\">Last<\/label><\/div><\/div><\/fieldset><\/div>\t\t<div id=\"wpforms-4524-field_3-container\"\n\t\t\tclass=\"wpforms-field wpforms-field-text\"\n\t\t\tdata-field-type=\"text\"\n\t\t\tdata-field-id=\"3\"\n\t\t\t>\n\t\t\t<label class=\"wpforms-field-label\" for=\"wpforms-4524-field_3\" >Company Name Email<\/label>\n\t\t\t<input type=\"text\" id=\"wpforms-4524-field_3\" class=\"wpforms-field-medium\" name=\"wpforms[fields][3]\" >\n\t\t<\/div>\n\t\t<div id=\"wpforms-4524-field_2-container\" class=\"wpforms-field wpforms-field-email\" data-field-id=\"2\"><label class=\"wpforms-field-label\" for=\"wpforms-4524-field_2\">Email <span class=\"wpforms-required-label\" aria-hidden=\"true\">*<\/span><\/label><input type=\"email\" id=\"wpforms-4524-field_2\" class=\"wpforms-field-medium wpforms-field-required\" name=\"wpforms[fields][2]\" spellcheck=\"false\" aria-errormessage=\"wpforms-4524-field_2-error\" required><\/div><div id=\"wpforms-4524-field_6-container\" class=\"wpforms-field wpforms-field-text\" data-field-id=\"6\"><label class=\"wpforms-field-label\" for=\"wpforms-4524-field_6\">Company Name <span class=\"wpforms-required-label\" aria-hidden=\"true\">*<\/span><\/label><input type=\"text\" id=\"wpforms-4524-field_6\" class=\"wpforms-field-medium wpforms-field-required\" name=\"wpforms[fields][6]\" aria-errormessage=\"wpforms-4524-field_6-error\" required><\/div><div id=\"wpforms-4524-field_5-container\" class=\"wpforms-field wpforms-field-text\" data-field-id=\"5\"><label class=\"wpforms-field-label\" for=\"wpforms-4524-field_5\">Company Tax ID <span class=\"wpforms-required-label\" aria-hidden=\"true\">*<\/span><\/label><input type=\"text\" id=\"wpforms-4524-field_5\" class=\"wpforms-field-medium wpforms-field-required\" name=\"wpforms[fields][5]\" aria-errormessage=\"wpforms-4524-field_5-error\" required><\/div><script>\n\t\t\t\t( function() {\n\t\t\t\t\tconst style = document.createElement( 'style' );\n\t\t\t\t\tstyle.appendChild( document.createTextNode( '#wpforms-4524-field_3-container { position: absolute !important; overflow: hidden !important; display: inline !important; height: 1px !important; width: 1px !important; z-index: -1000 !important; padding: 0 !important; } #wpforms-4524-field_3-container input { visibility: hidden; } #wpforms-conversational-form-page #wpforms-4524-field_3-container label { counter-increment: none; }' ) );\n\t\t\t\t\tdocument.head.appendChild( style );\n\t\t\t\t\tdocument.currentScript?.remove();\n\t\t\t\t} )();\n\t\t\t<\/script><\/div><!-- .wpforms-field-container --><div class=\"wpforms-recaptcha-container wpforms-is-recaptcha wpforms-is-recaptcha-type-v2\" ><div class=\"g-recaptcha\" data-sitekey=\"6Ldk7BUqAAAAAGAw4RK9rR2eKjFVY0i5yS9vGhUr\"><\/div><input type=\"text\" name=\"g-recaptcha-hidden\" class=\"wpforms-recaptcha-hidden\" style=\"position:absolute!important;clip:rect(0,0,0,0)!important;height:1px!important;width:1px!important;border:0!important;overflow:hidden!important;padding:0!important;margin:0!important;\" data-rule-recaptcha=\"1\"><\/div><div class=\"wpforms-submit-container\" ><input type=\"hidden\" name=\"wpforms[id]\" value=\"4524\"><input type=\"hidden\" name=\"page_title\" value=\"\"><input type=\"hidden\" name=\"page_url\" value=\"https:\/\/yourboat.es\/es\/wp-json\/wp\/v2\/pages\/4436\"><input type=\"hidden\" name=\"url_referer\" value=\"\"><button type=\"submit\" name=\"wpforms[submit]\" id=\"wpforms-submit-4524\" class=\"wpforms-submit\" data-alt-text=\"Sending...\" data-submit-text=\"Submit\" aria-live=\"assertive\" value=\"wpforms-submit\">Submit<\/button><img loading=\"lazy\" decoding=\"async\" src=\"https:\/\/yourboat.es\/wp-content\/plugins\/wpforms-lite\/assets\/images\/submit-spin.svg\" class=\"wpforms-submit-spinner\" style=\"display: none;\" width=\"26\" height=\"26\" alt=\"Cargando\"><\/div><\/form><\/div>  <!-- .wpforms-container --><\/div><\/div><\/div>\n<\/div><\/div>\n<\/div><\/div><\/div>\n<\/div><\/div>\n\n<div class=\"wp-block-stackable-divider stk-block-divider stk-block stk-p9dmxuv\" data-block-id=\"p9dmxuv\" data-block-type=\"core\" data-block-type=\"core\"><style>.stk-p9dmxuv hr.stk-block-divider__hr{background:#fffffe !important;height:8px !important;width:100% !important;}.stk-p9dmxuv {border-top-left-radius:0px !important;border-top-right-radius:0px !important;border-bottom-right-radius:0px !important;border-bottom-left-radius:0px !important;overflow:hidden !important;border-style:solid !important;border-top-width:0px !important;border-right-width:0px !important;border-bottom-width:0px !important;border-left-width:0px !important;}<\/style><style class=\"stk-custom-css\">.stk-p9dmxuv.stk-block-divider{width:100% !important;max-width:100vw !important;margin-left:0 !important;margin-right:0 !important}<\/style><hr class=\"stk-block-divider__hr\"\/><\/div>\n","protected":false},"excerpt":{"rendered":"<p>Las empresas de fletamento ofrecen En Tu Embarcaci\u00f3n, entendemos las necesidades \u00fanicas de las empresas de alquiler y ofrecemos una selecci\u00f3n especial de embarcaciones adaptadas a los servicios de alquiler y ch\u00e1rter. Tanto si est\u00e1s ampliando tu flota como modernizando tus embarcaciones, nuestras ofertas exclusivas te garantizan los mejores barcos a precios competitivos. \u00bfQu\u00e9 puedes [&hellip;]<\/p>\n","protected":false},"author":3,"featured_media":0,"parent":0,"menu_order":0,"comment_status":"closed","ping_status":"closed","template":"","meta":{"_acf_changed":false,"inline_featured_image":false,"footnotes":""},"class_list":["post-4436","page","type-page","status-publish","hentry"],"blocksy_meta":[],"acf":[],"_links":{"self":[{"href":"https:\/\/yourboat.es\/es\/wp-json\/wp\/v2\/pages\/4436","targetHints":{"allow":["GET"]}}],"collection":[{"href":"https:\/\/yourboat.es\/es\/wp-json\/wp\/v2\/pages"}],"about":[{"href":"https:\/\/yourboat.es\/es\/wp-json\/wp\/v2\/types\/page"}],"author":[{"embeddable":true,"href":"https:\/\/yourboat.es\/es\/wp-json\/wp\/v2\/users\/3"}],"replies":[{"embeddable":true,"href":"https:\/\/yourboat.es\/es\/wp-json\/wp\/v2\/comments?post=4436"}],"version-history":[{"count":31,"href":"https:\/\/yourboat.es\/es\/wp-json\/wp\/v2\/pages\/4436\/revisions"}],"predecessor-version":[{"id":8227,"href":"https:\/\/yourboat.es\/es\/wp-json\/wp\/v2\/pages\/4436\/revisions\/8227"}],"wp:attachment":[{"href":"https:\/\/yourboat.es\/es\/wp-json\/wp\/v2\/media?parent=4436"}],"curies":[{"name":"wp","href":"https:\/\/api.w.org\/{rel}","templated":true}]}}