{"id":4446,"date":"2025-03-07T09:53:27","date_gmt":"2025-03-07T09:53:27","guid":{"rendered":"https:\/\/yourboat.es\/lanzamiento-de-barcos\/"},"modified":"2026-04-20T20:58:07","modified_gmt":"2026-04-20T20:58:07","slug":"lanzamiento-de-barcos","status":"publish","type":"page","link":"https:\/\/yourboat.es\/es\/lanzamiento-de-barcos\/","title":{"rendered":"Lanzamiento de barcos"},"content":{"rendered":"\n<div class=\"wp-block-stackable-columns alignfull stk-block-columns stk-block stk-242acad stk-block-background stk--has-background-overlay\" data-block-id=\"242acad\"><style>.stk-242acad {background-color:var(--theme-palette-color-2, \t #133252) !important;background-image:url(https:\/\/yourboat.es\/wp-content\/uploads\/2025\/08\/boat-launching.png) !important;border-top-left-radius:0px !important;border-top-right-radius:0px !important;border-bottom-right-radius:0px !important;border-bottom-left-radius:0px !important;overflow:hidden !important;min-height:700px !important;padding-top:300px !important;padding-bottom:166px !important;margin-bottom:0px !important;}.stk-242acad:before{background-color:var(--theme-palette-color-2, \t #133252) !important;opacity:0.6 !important;}.stk-242acad-column{--stk-column-gap:34px !important;}@media screen and (max-width:999px){.stk-242acad {padding-top:250px !important;padding-bottom:150px !important;}}@media screen and (max-width:689px){.stk-242acad {background-position:center right !important;background-repeat:no-repeat !important;background-size:cover !important;min-height:680px !important;padding-top:150px !important;padding-bottom:100px !important;}}<\/style><div class=\"stk-row stk-inner-blocks stk-block-content stk-content-align stk-242acad-column\">\n<div class=\"wp-block-stackable-column stk-block-column stk-column stk-block stk-656155e\" data-v=\"4\" data-block-id=\"656155e\"><style>.stk-656155e-container{margin-top:0px !important;margin-right:0px !important;margin-bottom:0px !important;margin-left:0px !important;}.stk-656155e {margin-left:20px !important;}@media screen and (min-width:690px){.stk-656155e {flex:var(--stk-flex-grow, 1) 1 calc(46.3% - var(--stk-column-gap, 0px) * 1 \/ 2 ) !important;}}@media screen and (min-width:690px) and (max-width:999px){.stk-656155e {flex:var(--stk-flex-grow, 1) 1 calc(100% - var(--stk-column-gap, 0px) * 0 \/ 1 ) !important;}}<\/style><div class=\"stk-column-wrapper stk-block-column__content stk-container stk-656155e-container stk--no-background stk--no-padding\"><div class=\"has-text-align-center-tablet stk-block-content stk-inner-blocks stk-656155e-inner-blocks\">\n<div class=\"wp-block-stackable-heading stk-block-heading stk-block-heading--v2 stk-block stk-7225c59\" id=\"boat-launching\" data-block-id=\"7225c59\"><style>.stk-7225c59 {margin-bottom:0px !important;}.stk-7225c59 .stk-block-heading__text{font-size:60px !important;color:var(--theme-palette-color-8, #ffffff) !important;line-height:1.3em !important;font-weight:800 !important;}@media screen and (max-width:999px){.stk-7225c59 .stk-block-heading__text{font-size:40px !important;}}@media screen and (max-width:689px){.stk-7225c59 .stk-block-heading__text{font-size:34px !important;}}<\/style><h1 class=\"stk-block-heading__text has-text-color has-text-align-left\">Lanzamiento de barcos<\/h1><\/div>\n\n\n\n<div class=\"wp-block-stackable-text stk-block-text stk-block stk-81505a5\" data-block-id=\"81505a5\"><style>.stk-81505a5 {margin-bottom:60px !important;}.stk-81505a5 .stk-block-text__text{color:var(--theme-palette-color-8, #ffffff) !important;}<\/style><p class=\"stk-block-text__text has-text-color has-text-align-left\">En Tu Embarcaci\u00f3n, prestamos servicios expertos de botadura de embarcaciones, garantizando que tu embarcaci\u00f3n est\u00e9 colocada de forma segura en el agua y lista para su uso. Tanto si se trata de la primera botadura de un barco nuevo como del regreso estacional de tu embarcaci\u00f3n, nuestro experimentado equipo se ocupa de todos los detalles para que puedas centrarte en disfrutar de tu tiempo en el agua. <\/p><\/div>\n<\/div><\/div><\/div>\n\n\n\n<div class=\"wp-block-stackable-column stk-block-column stk-column stk-block stk-df3537e\" data-v=\"4\" data-block-id=\"df3537e\"><style>.stk-df3537e-container{margin-top:0px !important;margin-right:0px !important;margin-bottom:0px !important;margin-left:0px !important;}@media screen and (min-width:690px){.stk-df3537e {flex:var(--stk-flex-grow, 1) 1 calc(53.7% - var(--stk-column-gap, 0px) * 1 \/ 2 ) !important;}}@media screen and (min-width:690px) and (max-width:999px){.stk-df3537e {flex:var(--stk-flex-grow, 1) 1 calc(100% - var(--stk-column-gap, 0px) * 0 \/ 1 ) !important;}}<\/style><div class=\"stk-column-wrapper stk-block-column__content stk-container stk-df3537e-container stk--no-background stk--no-padding\"><div class=\"stk-block-content stk-inner-blocks stk-df3537e-inner-blocks\"><\/div><\/div><\/div>\n<\/div><\/div>\n\n<div class=\"wp-block-stackable-divider stk-block-divider stk-block stk-a50d1a9\" data-block-id=\"a50d1a9\" data-block-type=\"core\" data-block-type=\"core\"><style>.stk-a50d1a9 hr.stk-block-divider__hr{background:#fffffe !important;height:8px !important;width:100% !important;}.stk-a50d1a9 {border-top-left-radius:0px !important;border-top-right-radius:0px !important;border-bottom-right-radius:0px !important;border-bottom-left-radius:0px !important;overflow:hidden !important;border-style:solid !important;border-top-width:0px !important;border-right-width:0px !important;border-bottom-width:0px !important;border-left-width:0px !important;}<\/style><style class=\"stk-custom-css\">.stk-a50d1a9.stk-block-divider{width:100% !important;max-width:100vw !important;margin-left:0 !important;margin-right:0 !important}<\/style><hr class=\"stk-block-divider__hr\"\/><\/div>\n\n<div class=\"wp-block-stackable-columns stk-block-columns stk-block stk-246c61b\" data-block-id=\"246c61b\"><div class=\"stk-row stk-inner-blocks stk-block-content stk-content-align stk-246c61b-column\">\n<div class=\"wp-block-stackable-column stk-block-column stk-column stk-block stk-04e8e20\" data-v=\"4\" data-block-id=\"04e8e20\"><style>.stk-04e8e20 {margin-right:20px !important;margin-left:20px !important;}<\/style><div class=\"stk-column-wrapper stk-block-column__content stk-container stk-04e8e20-container stk--no-background stk--no-padding\"><div class=\"stk-block-content stk-inner-blocks stk-04e8e20-inner-blocks\">\n<div class=\"wp-block-stackable-heading stk-block-heading stk-block-heading--v2 stk-block stk-150fa1a\" id=\"strong-what-our-boat-launching-service-includes-strong\" data-block-id=\"150fa1a\"><style>.stk-150fa1a {margin-bottom:10px !important;}.stk-150fa1a .stk-block-heading__text{line-height:1.3em !important;font-weight:800 !important;}@media screen and (max-width:999px){.stk-150fa1a .stk-block-heading__text{font-size:40px !important;}}@media screen and (max-width:689px){.stk-150fa1a {margin-bottom:19px !important;}.stk-150fa1a .stk-block-heading__text{font-size:34px !important;}}<\/style><h2 class=\"stk-block-heading__text\"><strong>Qu\u00e9 incluye nuestro servicio de botadura de barcos:<\/strong><\/h2><\/div>\n\n\n\n<p data-block-type=\"core\"><strong>Manipulaci\u00f3n y transporte en remolque<\/strong> &#8211; Traslado cuidadoso y eficaz de tu embarcaci\u00f3n desde el almac\u00e9n hasta el lugar de botadura.<\/p>\n\n\n\n<p data-block-type=\"core\"><strong>Entrada segura en el agua<\/strong> &#8211; Manipulaci\u00f3n profesional para garantizar un lanzamiento suave y seguro sin riesgo de da\u00f1os.<\/p>\n\n\n\n<p data-block-type=\"core\"><strong>Inspecci\u00f3n previa al lanzamiento<\/strong> &#8211; Comprobaciones exhaustivas del estado del casco, el funcionamiento del motor y los sistemas de seguridad para confirmar que tu barco est\u00e1 listo.<\/p>\n\n\n\n<p data-block-type=\"core\"><strong>Asistencia de atraque y amarre<\/strong> &#8211; Asegura la colocaci\u00f3n de tu embarcaci\u00f3n en el muelle o en la grada designada tras la botadura.<\/p>\n<\/div><\/div><\/div>\n\n\n\n<div class=\"wp-block-stackable-column stk-block-column stk-column stk-block stk-923771b\" data-v=\"4\" data-block-id=\"923771b\"><style>.stk-923771b {margin-right:20px !important;margin-left:20px !important;}<\/style><div class=\"stk-column-wrapper stk-block-column__content stk-container stk-923771b-container stk--no-background stk--no-padding\"><div class=\"stk-block-content stk-inner-blocks stk-923771b-inner-blocks\">\n<div class=\"wp-block-stackable-heading stk-block-heading stk-block-heading--v2 stk-block stk-f54c12c\" id=\"strong-why-choose-us-for-your-boat-launch-strong\" data-block-id=\"f54c12c\"><style>.stk-f54c12c .stk-block-heading__text{line-height:1.3em !important;font-weight:800 !important;}@media screen and (max-width:999px){.stk-f54c12c .stk-block-heading__text{font-size:40px !important;}}@media screen and (max-width:689px){.stk-f54c12c {margin-bottom:18px !important;}.stk-f54c12c .stk-block-heading__text{font-size:34px !important;}}<\/style><h2 class=\"stk-block-heading__text\"><strong>\u00bfPor qu\u00e9 elegirnos para botar tu barco?<\/strong><\/h2><\/div>\n\n\n\n<p data-block-type=\"core\"><strong>Profesionales con experiencia<\/strong> &#8211; Nuestro equipo tiene a\u00f1os de experiencia manejando embarcaciones de todos los tama\u00f1os con precisi\u00f3n y cuidado.<\/p>\n\n\n\n<p data-block-type=\"core\"><strong>Servicio puntual y eficaz<\/strong> &#8211; Trabajamos seg\u00fan tu horario para que tu barco est\u00e9 en el agua sin retrasos innecesarios.<\/p>\n\n\n\n<p data-block-type=\"core\"><strong>Soluciones personalizadas<\/strong> &#8211; Tanto si necesitas un lanzamiento \u00fanico como un servicio estacional recurrente, adaptamos nuestro proceso para satisfacer tus necesidades.<\/p>\n\n\n\n<p data-block-type=\"core\"><strong>Centrados en la seguridad<\/strong> &#8211; Seguimos estrictas directrices del sector para proteger tu embarcaci\u00f3n y garantizar el \u00e9xito de la botadura.<\/p>\n\n\n\n<p data-block-type=\"core\">Deja que nosotros nos encarguemos del trabajo duro mientras t\u00fa te preparas para tu pr\u00f3xima aventura en el agua. Ponte en contacto con nosotros ahora para programar tu servicio profesional de botadura de embarcaciones. Disfruta de una botadura sin complicaciones y sal al agua con confianza.  <\/p>\n<\/div><\/div><\/div>\n<\/div><\/div>\n\n<div class=\"wp-block-stackable-divider stk-block-divider stk-block stk-3yfcmvt\" data-block-id=\"3yfcmvt\" data-block-type=\"core\" data-block-type=\"core\"><style>.stk-3yfcmvt hr.stk-block-divider__hr{background:#fffffe !important;height:8px !important;width:100% !important;}.stk-3yfcmvt {border-top-left-radius:0px !important;border-top-right-radius:0px !important;border-bottom-right-radius:0px !important;border-bottom-left-radius:0px !important;overflow:hidden !important;border-style:solid !important;border-top-width:0px !important;border-right-width:0px !important;border-bottom-width:0px !important;border-left-width:0px !important;}<\/style><style class=\"stk-custom-css\">.stk-3yfcmvt.stk-block-divider{width:100% !important;max-width:100vw !important;margin-left:0 !important;margin-right:0 !important}<\/style><hr class=\"stk-block-divider__hr\"\/><\/div>\n\n<p data-block-type=\"core\"><\/p>\n","protected":false},"excerpt":{"rendered":"<p>Lanzamiento de barcos En Tu Embarcaci\u00f3n, prestamos servicios expertos de botadura de embarcaciones, garantizando que tu embarcaci\u00f3n est\u00e9 colocada de forma segura en el agua y lista para su uso. Tanto si se trata de la primera botadura de un barco nuevo como del regreso estacional de tu embarcaci\u00f3n, nuestro experimentado equipo se ocupa de [&hellip;]<\/p>\n","protected":false},"author":3,"featured_media":0,"parent":0,"menu_order":0,"comment_status":"closed","ping_status":"closed","template":"","meta":{"_acf_changed":false,"inline_featured_image":false,"footnotes":""},"class_list":["post-4446","page","type-page","status-publish","hentry"],"blocksy_meta":[],"acf":[],"_links":{"self":[{"href":"https:\/\/yourboat.es\/es\/wp-json\/wp\/v2\/pages\/4446","targetHints":{"allow":["GET"]}}],"collection":[{"href":"https:\/\/yourboat.es\/es\/wp-json\/wp\/v2\/pages"}],"about":[{"href":"https:\/\/yourboat.es\/es\/wp-json\/wp\/v2\/types\/page"}],"author":[{"embeddable":true,"href":"https:\/\/yourboat.es\/es\/wp-json\/wp\/v2\/users\/3"}],"replies":[{"embeddable":true,"href":"https:\/\/yourboat.es\/es\/wp-json\/wp\/v2\/comments?post=4446"}],"version-history":[{"count":28,"href":"https:\/\/yourboat.es\/es\/wp-json\/wp\/v2\/pages\/4446\/revisions"}],"predecessor-version":[{"id":8212,"href":"https:\/\/yourboat.es\/es\/wp-json\/wp\/v2\/pages\/4446\/revisions\/8212"}],"wp:attachment":[{"href":"https:\/\/yourboat.es\/es\/wp-json\/wp\/v2\/media?parent=4446"}],"curies":[{"name":"wp","href":"https:\/\/api.w.org\/{rel}","templated":true}]}}