{"id":4456,"date":"2025-03-07T10:09:01","date_gmt":"2025-03-07T10:09:01","guid":{"rendered":"https:\/\/yourboat.es\/instalacion-del-motor\/"},"modified":"2026-04-20T20:59:04","modified_gmt":"2026-04-20T20:59:04","slug":"instalacion-del-motor","status":"publish","type":"page","link":"https:\/\/yourboat.es\/es\/instalacion-del-motor\/","title":{"rendered":"Instalaci\u00f3n del motor"},"content":{"rendered":"\n<div class=\"wp-block-stackable-columns alignfull stk-block-columns stk-block stk-242acad stk-block-background stk--has-background-overlay\" data-block-id=\"242acad\"><style>.stk-242acad {background-color:var(--theme-palette-color-2, \t #133252) !important;background-image:url(https:\/\/yourboat.es\/wp-content\/uploads\/2024\/07\/Zrzut-ekranu-2024-05-19-o-18.48.43.png) !important;background-position:top center !important;border-top-left-radius:0px !important;border-top-right-radius:0px !important;border-bottom-right-radius:0px !important;border-bottom-left-radius:0px !important;overflow:hidden !important;min-height:700px !important;padding-top:300px !important;padding-bottom:166px !important;margin-bottom:0px !important;}.stk-242acad:before{background-color:var(--theme-palette-color-2, \t #133252) !important;opacity:0.7 !important;}.stk-242acad-column{--stk-column-gap:34px !important;}@media screen and (max-width:999px){.stk-242acad {padding-top:250px !important;padding-bottom:150px !important;}}@media screen and (max-width:689px){.stk-242acad {background-position:center center !important;background-repeat:no-repeat !important;background-size:cover !important;min-height:680px !important;padding-top:150px !important;padding-bottom:100px !important;}}<\/style><div class=\"stk-row stk-inner-blocks stk-block-content stk-content-align stk-242acad-column\">\n<div class=\"wp-block-stackable-column stk-block-column stk-column stk-block stk-656155e\" data-v=\"4\" data-block-id=\"656155e\"><style>.stk-656155e-container{margin-top:0px !important;margin-right:0px !important;margin-bottom:0px !important;margin-left:0px !important;}@media screen and (min-width:690px){.stk-656155e {flex:var(--stk-flex-grow, 1) 1 calc(46.3% - var(--stk-column-gap, 0px) * 1 \/ 2 ) !important;}}@media screen and (min-width:690px) and (max-width:999px){.stk-656155e {flex:var(--stk-flex-grow, 1) 1 calc(100% - var(--stk-column-gap, 0px) * 0 \/ 1 ) !important;}}<\/style><div class=\"stk-column-wrapper stk-block-column__content stk-container stk-656155e-container stk--no-background stk--no-padding\"><div class=\"has-text-align-center-tablet stk-block-content stk-inner-blocks stk-656155e-inner-blocks\">\n<div class=\"wp-block-stackable-heading stk-block-heading stk-block-heading--v2 stk-block stk-7225c59\" id=\"engine-installation\" data-block-id=\"7225c59\"><style>.stk-7225c59 {margin-bottom:15px !important;}.stk-7225c59 .stk-block-heading__text{font-size:35px !important;color:var(--theme-palette-color-8, #ffffff) !important;line-height:1.3em !important;font-weight:800 !important;}@media screen and (max-width:999px){.stk-7225c59 .stk-block-heading__text{font-size:40px !important;}}@media screen and (max-width:689px){.stk-7225c59 .stk-block-heading__text{font-size:34px !important;}}<\/style><h1 class=\"stk-block-heading__text has-text-color has-text-align-left\">Instalaci\u00f3n del motor<\/h1><\/div>\n\n\n\n<div class=\"wp-block-stackable-text stk-block-text stk-block stk-81505a5\" data-block-id=\"81505a5\"><style>.stk-81505a5 {margin-bottom:60px !important;margin-left:2px !important;}.stk-81505a5 .stk-block-text__text{font-size:17px !important;color:var(--theme-palette-color-7, #FBFBFC) !important;line-height:1.3em !important;font-family:\"Poppins\", Sans-serif !important;}@media screen and (max-width:999px){.stk-81505a5 .stk-block-text__text{font-size:17px !important;}}<\/style><p class=\"stk-block-text__text has-text-color has-text-align-left\">En <strong>Tu embarcaci\u00f3n<\/strong>, somos <strong>especialistas<\/strong> en <strong>la instalaci\u00f3n de motores para embarcaciones<\/strong>, garantizando que tu barco funcione al m\u00e1ximo rendimiento. Nuestros <strong>t\u00e9cnicos especializados<\/strong> utilizan las herramientas y la tecnolog\u00eda m\u00e1s avanzadas para ofrecer un <strong>proceso de instalaci\u00f3n eficiente y sin problemas<\/strong>, tanto si vas a actualizar tu motor actual como si vas a instalar uno nuevo. <\/p><\/div>\n<\/div><\/div><\/div>\n\n\n\n<div class=\"wp-block-stackable-column stk-block-column stk-column stk-block stk-df3537e\" data-v=\"4\" data-block-id=\"df3537e\"><style>.stk-df3537e-container{margin-top:0px !important;margin-right:0px !important;margin-bottom:0px !important;margin-left:0px !important;}@media screen and (min-width:690px){.stk-df3537e {flex:var(--stk-flex-grow, 1) 1 calc(53.7% - var(--stk-column-gap, 0px) * 1 \/ 2 ) !important;}}@media screen and (min-width:690px) and (max-width:999px){.stk-df3537e {flex:var(--stk-flex-grow, 1) 1 calc(100% - var(--stk-column-gap, 0px) * 0 \/ 1 ) !important;}}<\/style><div class=\"stk-column-wrapper stk-block-column__content stk-container stk-df3537e-container stk--no-background stk--no-padding\"><div class=\"stk-block-content stk-inner-blocks stk-df3537e-inner-blocks\"><\/div><\/div><\/div>\n<\/div><\/div>\n\n<div class=\"wp-block-stackable-divider stk-block-divider stk-block stk-a50d1a9\" data-block-id=\"a50d1a9\" data-block-type=\"core\" data-block-type=\"core\"><style>.stk-a50d1a9 hr.stk-block-divider__hr{background:#fffffe !important;height:8px !important;width:100% !important;}.stk-a50d1a9 {border-top-left-radius:0px !important;border-top-right-radius:0px !important;border-bottom-right-radius:0px !important;border-bottom-left-radius:0px !important;overflow:hidden !important;border-style:solid !important;border-top-width:0px !important;border-right-width:0px !important;border-bottom-width:0px !important;border-left-width:0px !important;}<\/style><style class=\"stk-custom-css\">.stk-a50d1a9.stk-block-divider{width:100% !important;max-width:100vw !important;margin-left:0 !important;margin-right:0 !important}<\/style><hr class=\"stk-block-divider__hr\"\/><\/div>\n\n<div class=\"wp-block-stackable-columns stk-block-columns stk-block stk-246c61b\" data-block-id=\"246c61b\"><div class=\"stk-row stk-inner-blocks stk-block-content stk-content-align stk-246c61b-column\">\n<div class=\"wp-block-stackable-column stk-block-column stk-column stk-block stk-04e8e20\" data-v=\"4\" data-block-id=\"04e8e20\"><style>.stk-04e8e20 {padding-top:0px !important;margin-right:20px !important;margin-left:20px !important;}<\/style><div class=\"stk-column-wrapper stk-block-column__content stk-container stk-04e8e20-container stk--no-background stk--no-padding\"><div class=\"stk-block-content stk-inner-blocks stk-04e8e20-inner-blocks\">\n<div class=\"wp-block-stackable-heading stk-block-heading stk-block-heading--v2 stk-block stk-150fa1a\" id=\"looking-for-a-new-engine-installation-or-replacement\" data-block-id=\"150fa1a\"><style>.stk-150fa1a {margin-bottom:18px !important;}.stk-150fa1a .stk-block-heading__text{line-height:1.3em !important;font-weight:800 !important;}@media screen and (max-width:999px){.stk-150fa1a .stk-block-heading__text{font-size:40px !important;}}@media screen and (max-width:689px){.stk-150fa1a .stk-block-heading__text{font-size:34px !important;}}<\/style><h2 class=\"stk-block-heading__text\">\u00bfBuscas instalar o sustituir un motor nuevo?<\/h2><\/div>\n\n\n\n<div class=\"wp-block-stackable-text stk-block-text stk-block stk-3bbdc33\" data-block-id=\"3bbdc33\"><style>.stk-3bbdc33 {margin-bottom:1px !important;}<\/style><p class=\"stk-block-text__text has-text-align-left\">Deja que nuestros expertos se ocupen de ello con precisi\u00f3n y cuidado. Ponte en contacto con nosotros hoy mismo para una consulta y precios competitivos. Estamos orgullosos de instalar motores Suzuki Marine, conocidos por su fiabilidad, eficiencia de combustible y potencia.  <br\/><br\/><strong>Instalaci\u00f3n de motores a medida<\/strong> &#8211; \u00bfPrefieres otra marca? \u00a1No hay problema! Tambi\u00e9n instalamos el motor que elijas, trabajando con los principales fabricantes, como Yamaha, Mercury, Honda y otros.  <br\/><br\/><strong>Precisi\u00f3n y rendimiento<\/strong> &#8211; Nuestro proceso de instalaci\u00f3n garantiza una alineaci\u00f3n \u00f3ptima, un consumo eficiente de combustible y un funcionamiento suave, maximizando la longevidad y potencia de tu embarcaci\u00f3n.<br\/><\/p><\/div>\n\n\n\n<div class=\"wp-block-stackable-image stk-block-image has-text-align-left stk-block stk-cd9d181\" data-block-id=\"cd9d181\"><style>.stk-cd9d181 {padding-top:30px !important;margin-bottom:10px !important;}.stk-cd9d181 .stk-img-wrapper{aspect-ratio:4\/3 !important;width:186px !important;height:auto !important;}.stk-cd9d181 .stk-img-wrapper img{filter:contrast(3) brightness(3) !important;}:where(.stk-hover-parent:hover,  .stk-hover-parent.stk--is-hovered) .stk-cd9d181 .stk-img-wrapper img{transform:scale(1) !important;}:where(.stk-hover-parent:hover,  .stk-hover-parent.stk--is-hovered) .stk-cd9d181 .stk-img-wrapper::after{background-color:var(--theme-palette-color-2, #5e3fde) !important;}:where(.stk-hover-parent:hover,  .stk-hover-parent.stk--is-hovered) .stk-cd9d181 .stk-img-wrapper{--stk-gradient-overlay:0.95 !important;}@media screen and (max-width:999px){.stk-cd9d181 .stk-img-wrapper{height:auto !important;}}@media screen and (max-width:689px){.stk-cd9d181 .stk-img-wrapper{height:auto !important;}}<\/style><figure><span class=\"stk-img-wrapper stk-image--shape-stretch\"><img loading=\"lazy\" decoding=\"async\" class=\"stk-img wp-image-7960\" src=\"https:\/\/yourboat.es\/wp-content\/uploads\/2026\/04\/Suzuki-Marine-Logo.png\" width=\"600\" height=\"450\" srcset=\"https:\/\/yourboat.es\/wp-content\/uploads\/2026\/04\/Suzuki-Marine-Logo.png 600w, https:\/\/yourboat.es\/wp-content\/uploads\/2026\/04\/Suzuki-Marine-Logo-300x225.png 300w\" sizes=\"auto, (max-width: 600px) 100vw, 600px\" \/><\/span><\/figure><\/div>\n\n\n\n<div class=\"wp-block-stackable-heading stk-block-heading stk-block-heading--v2 stk-block stk-1b30958\" id=\"our-engine-partners\" data-block-id=\"1b30958\"><style>@media screen and (max-width:689px){.stk-1b30958 {padding-bottom:40px !important;}}<\/style><h3 class=\"stk-block-heading__text has-text-align-left\">Nuestros socios del motor<\/h3><\/div>\n<\/div><\/div><\/div>\n\n\n\n<div class=\"wp-block-stackable-column stk-block-column stk-column stk-block stk-923771b\" data-v=\"4\" data-block-id=\"923771b\"><style>.stk-923771b {margin-right:20px !important;margin-left:20px !important;}<\/style><div class=\"stk-column-wrapper stk-block-column__content stk-container stk-923771b-container stk--no-background stk--no-padding\"><div class=\"stk-block-content stk-inner-blocks stk-923771b-inner-blocks\">\n<div class=\"wp-block-stackable-heading stk-block-heading stk-block-heading--v2 stk-block stk-f54c12c\" id=\"why-choose-our-engine-installation-services\" data-block-id=\"f54c12c\"><style>.stk-f54c12c {margin-bottom:18px !important;}.stk-f54c12c .stk-block-heading__text{line-height:1.3em !important;font-weight:800 !important;font-family:-apple-system, BlinkMacSystemFont, \"Segoe UI\", Roboto, Helvetica, Arial, sans-serif, \"Apple Color Emoji\", \"Segoe UI Emoji\", \"Segoe UI Symbol\" !important;}@media screen and (max-width:999px){.stk-f54c12c .stk-block-heading__text{font-size:40px !important;}}@media screen and (max-width:689px){.stk-f54c12c .stk-block-heading__text{font-size:34px !important;}}<\/style><h2 class=\"stk-block-heading__text\">\u00bfPor qu\u00e9 elegir nuestros servicios de instalaci\u00f3n de motores?<\/h2><\/div>\n\n\n\n<p data-block-type=\"core\"><strong>Equipamiento de \u00faltima generaci\u00f3n<\/strong> &#8211; Utilizamos <strong>herramientas avanzadas de diagn\u00f3stico e instalaci\u00f3n<\/strong> para un ajuste y calibrado precisos del motor.<\/p>\n\n\n\n<p data-block-type=\"core\"><strong>T\u00e9cnicos certificados<\/strong> &#8211; Nuestro equipo est\u00e1 formado por <strong>mec\u00e1nicos navales experimentados y certificados<\/strong>, lo que garantiza un servicio profesional y fiable.<\/p>\n\n\n\n<p data-block-type=\"core\"><strong>Integraci\u00f3n perfecta<\/strong> &#8211; Tanto si se trata de un <strong>motor fueraborda, intraborda o mixto<\/strong>, garantizamos <strong>una compatibilidad perfecta<\/strong> con los sistemas el\u00e9ctrico y de combustible de tu embarcaci\u00f3n.<\/p>\n\n\n\n<p data-block-type=\"core\"><strong>Pruebas posteriores a la instalaci\u00f3n<\/strong>: antes de entregarte la embarcaci\u00f3n, realizamos <strong>exhaustivas comprobaciones de funcionamiento<\/strong> para asegurarnos de que todo funciona correctamente.<\/p>\n\n\n\n<p data-block-type=\"core\"><strong>\u00a1Mejora hoy la potencia de tu barco!<\/strong><\/p>\n<\/div><\/div><\/div>\n<\/div><\/div>\n\n<div class=\"wp-block-stackable-divider stk-block-divider stk-block stk-mgjc1qv\" data-block-id=\"mgjc1qv\" data-block-type=\"core\" data-block-type=\"core\"><style>.stk-mgjc1qv hr.stk-block-divider__hr{background:#fffffe !important;height:8px !important;width:100% !important;}.stk-mgjc1qv {border-top-left-radius:0px !important;border-top-right-radius:0px !important;border-bottom-right-radius:0px !important;border-bottom-left-radius:0px !important;overflow:hidden !important;border-style:solid !important;border-top-width:0px !important;border-right-width:0px !important;border-bottom-width:0px !important;border-left-width:0px !important;}<\/style><style class=\"stk-custom-css\">.stk-mgjc1qv.stk-block-divider{width:100% !important;max-width:100vw !important;margin-left:0 !important;margin-right:0 !important}<\/style><hr class=\"stk-block-divider__hr\"\/><\/div>\n\n<p data-block-type=\"core\"><\/p>\n","protected":false},"excerpt":{"rendered":"<p>Instalaci\u00f3n del motor En Tu embarcaci\u00f3n, somos especialistas en la instalaci\u00f3n de motores para embarcaciones, garantizando que tu barco funcione al m\u00e1ximo rendimiento. Nuestros t\u00e9cnicos especializados utilizan las herramientas y la tecnolog\u00eda m\u00e1s avanzadas para ofrecer un proceso de instalaci\u00f3n eficiente y sin problemas, tanto si vas a actualizar tu motor actual como si vas [&hellip;]<\/p>\n","protected":false},"author":3,"featured_media":0,"parent":0,"menu_order":0,"comment_status":"closed","ping_status":"closed","template":"","meta":{"_acf_changed":false,"inline_featured_image":false,"footnotes":""},"class_list":["post-4456","page","type-page","status-publish","hentry"],"blocksy_meta":[],"acf":[],"_links":{"self":[{"href":"https:\/\/yourboat.es\/es\/wp-json\/wp\/v2\/pages\/4456","targetHints":{"allow":["GET"]}}],"collection":[{"href":"https:\/\/yourboat.es\/es\/wp-json\/wp\/v2\/pages"}],"about":[{"href":"https:\/\/yourboat.es\/es\/wp-json\/wp\/v2\/types\/page"}],"author":[{"embeddable":true,"href":"https:\/\/yourboat.es\/es\/wp-json\/wp\/v2\/users\/3"}],"replies":[{"embeddable":true,"href":"https:\/\/yourboat.es\/es\/wp-json\/wp\/v2\/comments?post=4456"}],"version-history":[{"count":28,"href":"https:\/\/yourboat.es\/es\/wp-json\/wp\/v2\/pages\/4456\/revisions"}],"predecessor-version":[{"id":8216,"href":"https:\/\/yourboat.es\/es\/wp-json\/wp\/v2\/pages\/4456\/revisions\/8216"}],"wp:attachment":[{"href":"https:\/\/yourboat.es\/es\/wp-json\/wp\/v2\/media?parent=4456"}],"curies":[{"name":"wp","href":"https:\/\/api.w.org\/{rel}","templated":true}]}}