{"id":4603,"date":"2025-03-07T16:24:49","date_gmt":"2025-03-07T16:24:49","guid":{"rendered":"https:\/\/yourboat.es\/promotor\/"},"modified":"2025-08-24T21:13:35","modified_gmt":"2025-08-24T21:13:35","slug":"promotor","status":"publish","type":"page","link":"https:\/\/yourboat.es\/es\/promotor\/","title":{"rendered":"PROMOTOR"},"content":{"rendered":"\n<div class=\"wp-block-stackable-columns alignfull stk-block-columns stk-block stk-242acad stk-block-background stk--has-background-overlay\" data-block-id=\"242acad\"><style>.stk-242acad {background-color:var(--theme-palette-color-2, \t #133252) !important;background-image:url(https:\/\/yourboat.es\/wp-content\/uploads\/2025\/05\/dji_fly_20250702_152210_25_1751464888095_photo-scaled.jpg) !important;border-top-left-radius:0px !important;border-top-right-radius:0px !important;border-bottom-right-radius:0px !important;border-bottom-left-radius:0px !important;overflow:hidden !important;min-height:700px !important;padding-top:300px !important;padding-bottom:166px !important;margin-bottom:0px !important;}.stk-242acad:before{background-color:var(--theme-palette-color-2, \t #133252) !important;opacity:0.6 !important;}.stk-242acad-column{--stk-column-gap:34px !important;}@media screen and (max-width:999px){.stk-242acad {padding-top:250px !important;padding-bottom:150px !important;}}@media screen and (max-width:689px){.stk-242acad {background-position:center center !important;background-repeat:no-repeat !important;background-size:cover !important;min-height:512px !important;padding-top:150px !important;padding-bottom:100px !important;}}<\/style><div class=\"stk-row stk-inner-blocks stk-block-content stk-content-align stk-242acad-column\">\n<div class=\"wp-block-stackable-column stk-block-column stk-column stk-block stk-656155e\" data-v=\"4\" data-block-id=\"656155e\"><style>.stk-656155e-container{margin-top:0px !important;margin-right:0px !important;margin-bottom:0px !important;margin-left:0px !important;}@media screen and (min-width:690px){.stk-656155e {flex:var(--stk-flex-grow, 1) 1 calc(46.3% - var(--stk-column-gap, 0px) * 1 \/ 2 ) !important;}}@media screen and (min-width:690px) and (max-width:999px){.stk-656155e {flex:var(--stk-flex-grow, 1) 1 calc(100% - var(--stk-column-gap, 0px) * 0 \/ 1 ) !important;}}<\/style><div class=\"stk-column-wrapper stk-block-column__content stk-container stk-656155e-container stk--no-background stk--no-padding\"><div class=\"has-text-align-center-tablet stk-block-content stk-inner-blocks stk-656155e-inner-blocks\">\n<div class=\"wp-block-stackable-heading stk-block-heading stk-block-heading--v2 stk-block stk-7225c59\" id=\"p\" data-block-id=\"7225c59\"><style>.stk-7225c59 {margin-bottom:10px !important;}.stk-7225c59 .stk-block-heading__text{font-size:50px !important;color:var(--theme-palette-color-8, #ffffff) !important;line-height:1.3em !important;font-weight:800 !important;}@media screen and (max-width:999px){.stk-7225c59 .stk-block-heading__text{font-size:40px !important;}}@media screen and (max-width:689px){.stk-7225c59 .stk-block-heading__text{font-size:23px !important;}}<\/style><h1 class=\"stk-block-heading__text has-text-color\">PROMOTOR<\/h1><\/div>\n\n\n\n<div class=\"wp-block-stackable-text stk-block-text stk-block stk-81505a5\" data-block-id=\"81505a5\"><style>.stk-81505a5 {margin-bottom:60px !important;}.stk-81505a5 .stk-block-text__text{font-size:25px !important;color:var(--theme-palette-color-8, #ffffff) !important;}@media screen and (max-width:999px){.stk-81505a5 .stk-block-text__text{font-size:25px !important;}}@media screen and (max-width:689px){.stk-81505a5 .stk-block-text__text{font-size:14px !important;}}<\/style><p class=\"stk-block-text__text has-text-color\">Compra un barco con nuestra empresa y disfruta de la experiencia n\u00e1utica m\u00e1s asequible.<\/p><\/div>\n\n\n\n<div class=\"wp-block-stackable-button-group stk-block-button-group stk-block stk-137f217\" data-block-id=\"137f217\"><style>.stk-137f217 .stk-inner-blocks{column-gap:20px !important;row-gap:15px !important;}<\/style><div class=\"stk-row stk-inner-blocks has-text-align-center stk-block-content stk-button-group\">\n<div class=\"wp-block-stackable-button stk-block-button has-text-align-right stk-block stk-f55ba43\" data-block-id=\"f55ba43\"><style>.stk-f55ba43 {min-height:0px !important;margin-top:0px !important;margin-right:0px !important;margin-bottom:0px !important;margin-left:0px !important;}.stk-f55ba43 .stk-button{min-height:50px !important;padding-top:12px !important;padding-right:30px !important;padding-bottom:12px !important;padding-left:30px !important;background:linear-gradient(to top, #30cfd0 0%, #330867 100%) !important;}.stk-f55ba43 .stk-button:hover:after{background:linear-gradient(90deg, var(--theme-palette-color-2, #5e3fde) 0%, var(--theme-palette-color-2, #5e3fde) 100%) !important;opacity:1 !important;}<\/style><a class=\"stk-link stk-button stk--hover-effect-darken\" href=\"http:\/\/en.shineyachting.pl\/oferta-motorowe-promotor\/?ModPagespeed=off\" rel=\"About Us noopener\" target=\"_blank\"><span class=\"stk-button__inner-text\">Sitio web de la marca<\/span><\/a><\/div>\n<\/div><\/div>\n<\/div><\/div><\/div>\n\n\n\n<div class=\"wp-block-stackable-column stk-block-column stk-column stk-block stk-df3537e\" data-v=\"4\" data-block-id=\"df3537e\"><style>.stk-df3537e-container{margin-top:0px !important;margin-right:0px !important;margin-bottom:0px !important;margin-left:0px !important;}@media screen and (min-width:690px){.stk-df3537e {flex:var(--stk-flex-grow, 1) 1 calc(53.7% - var(--stk-column-gap, 0px) * 1 \/ 2 ) !important;}}@media screen and (min-width:690px) and (max-width:999px){.stk-df3537e {flex:var(--stk-flex-grow, 1) 1 calc(100% - var(--stk-column-gap, 0px) * 0 \/ 1 ) !important;}}<\/style><div class=\"stk-column-wrapper stk-block-column__content stk-container stk-df3537e-container stk--no-background stk--no-padding\"><div class=\"stk-block-content stk-inner-blocks stk-df3537e-inner-blocks\">\n<div class=\"wp-block-stackable-image stk-block-image stk-block stk-9a0d017\" data-block-id=\"9a0d017\"><style>.stk-9a0d017 {border-top-left-radius:0px !important;border-top-right-radius:0px !important;border-bottom-right-radius:0px !important;border-bottom-left-radius:0px !important;overflow:hidden !important;margin-bottom:10px !important;}.stk-9a0d017 .stk-img-wrapper{aspect-ratio:4\/3 !important;width:386px !important;height:auto !important;--stk-gradient-overlay:0 !important;}:where(.stk-hover-parent:hover,  .stk-hover-parent.stk--is-hovered) .stk-9a0d017 .stk-img-wrapper img{transform:scale(1) !important;}.stk-9a0d017 .stk-img-wrapper img{border-radius:45px !important;object-fit:contain !important;}:where(.stk-hover-parent:hover,  .stk-hover-parent.stk--is-hovered) .stk-9a0d017 .stk-img-wrapper::after{background-color:var(--theme-palette-color-2, #5e3fde) !important;}:where(.stk-hover-parent:hover,  .stk-hover-parent.stk--is-hovered) .stk-9a0d017 .stk-img-wrapper{--stk-gradient-overlay:0.95 !important;}@media screen and (max-width:999px){.stk-9a0d017 .stk-img-wrapper{height:auto !important;}}@media screen and (max-width:689px){.stk-9a0d017 .stk-img-wrapper{width:100% !important;height:auto !important;}}<\/style><figure><span class=\"stk-img-wrapper stk-image--shape-stretch\"><img loading=\"lazy\" decoding=\"async\" class=\"stk-img wp-image-4609\" src=\"https:\/\/yourboat.es\/wp-content\/uploads\/2025\/03\/promotor.png\" width=\"492\" height=\"51\" srcset=\"https:\/\/yourboat.es\/wp-content\/uploads\/2025\/03\/promotor.png 492w, https:\/\/yourboat.es\/wp-content\/uploads\/2025\/03\/promotor-300x31.png 300w\" sizes=\"auto, (max-width: 492px) 100vw, 492px\" \/><\/span><\/figure><\/div>\n<\/div><\/div><\/div>\n<\/div><\/div>\n\n<div class=\"wp-block-stackable-spacer stk-block-spacer stk--no-padding stk-block stk-92b4f79\" data-block-id=\"92b4f79\"><\/div>\n\n<div class=\"wp-block-stackable-divider stk-block-divider stk-block stk-d902b9d\" data-block-id=\"d902b9d\"><style>.stk-d902b9d hr.stk-block-divider__hr{width:80% !important;}<\/style><hr class=\"stk-block-divider__hr\"\/><\/div>\n\n<div class=\"wp-block-stackable-columns stk-block-columns stk-block stk-6cad876\" data-block-id=\"6cad876\"><div class=\"stk-row stk-inner-blocks stk-block-content stk-content-align stk-6cad876-column\">\n<div class=\"wp-block-stackable-column stk-block-column stk-column stk-block stk-bd3d3bb\" data-v=\"4\" data-block-id=\"bd3d3bb\"><div class=\"stk-column-wrapper stk-block-column__content stk-container stk-bd3d3bb-container stk--no-background stk--no-padding\"><div class=\"stk-block-content stk-inner-blocks stk-bd3d3bb-inner-blocks\">\n<div class=\"wp-block-stackable-heading stk-block-heading stk-block-heading--v2 stk-block stk-141e234\" id=\"meet-the-brand\" data-block-id=\"141e234\"><h2 class=\"stk-block-heading__text\">Conoce la marca<\/h2><\/div>\n\n\n\n<div class=\"wp-block-stackable-text stk-block-text stk-block stk-cdea04c\" data-block-id=\"cdea04c\"><style>.stk-cdea04c {margin-bottom:60px !important;}.stk-cdea04c .stk-block-text__text{font-size:20px !important;}@media screen and (max-width:999px){.stk-cdea04c .stk-block-text__text{font-size:20px !important;}}@media screen and (max-width:689px){.stk-cdea04c .stk-block-text__text{font-size:23px !important;}}<\/style><p class=\"stk-block-text__text has-text-align-center\">Promotor es una marca especializada en la fabricaci\u00f3n de embarcaciones de recreo de alta calidad. Estas embarcaciones se caracterizan por su durabilidad, robustez y funcionalidad, gan\u00e1ndose el reconocimiento de los entusiastas de los deportes acu\u00e1ticos y de quienes buscan unidades fiables para relajarse en el agua. <br\/><br\/>Uno de los elementos clave que distinguen a las embarcaciones Promotor es su dise\u00f1o. El casco de las embarcaciones fue dise\u00f1ado por un estudio italiano, lo que les confiere un aire italiano \u00fanico y una apariencia elegante. La atenci\u00f3n al detalle y la est\u00e9tica t\u00edpicas de los dise\u00f1os italianos hacen que las embarcaciones Promotor destaquen entre la competencia. Esta combinaci\u00f3n de funcionalidad y estilo atemporal atrae la atenci\u00f3n tanto de los entusiastas de los deportes acu\u00e1ticos como de quienes buscan el lujo en el agua.   <\/p><\/div>\n<\/div><\/div><\/div>\n\n\n\n<div class=\"wp-block-stackable-column stk-block-column stk-column stk-block stk-151d33f\" data-v=\"4\" data-block-id=\"151d33f\"><div class=\"stk-column-wrapper stk-block-column__content stk-container stk-151d33f-container stk--no-background stk--no-padding\"><div class=\"stk-block-content stk-inner-blocks stk-151d33f-inner-blocks\">\n<div class=\"wp-block-stackable-image stk-block-image stk-block stk-0d411cd\" data-block-id=\"0d411cd\"><style>.stk-0d411cd {margin-bottom:10px !important;}.stk-0d411cd .stk-img-wrapper{aspect-ratio:4\/3 !important;height:auto !important;--stk-gradient-overlay:0.4 !important;}:where(.stk-hover-parent:hover,  .stk-hover-parent.stk--is-hovered) .stk-0d411cd .stk-img-wrapper img{transform:scale(1) !important;}.stk-0d411cd .stk-img-wrapper img{border-radius:45px !important;object-fit:contain !important;}:where(.stk-hover-parent:hover,  .stk-hover-parent.stk--is-hovered) .stk-0d411cd .stk-img-wrapper::after{background-color:var(--theme-palette-color-2, #5e3fde) !important;}:where(.stk-hover-parent:hover,  .stk-hover-parent.stk--is-hovered) .stk-0d411cd .stk-img-wrapper{--stk-gradient-overlay:0.95 !important;}@media screen and (max-width:999px){.stk-0d411cd .stk-img-wrapper{height:auto !important;}}@media screen and (max-width:689px){.stk-0d411cd .stk-img-wrapper{height:auto !important;}}<\/style><figure><span class=\"stk-img-wrapper stk-image--shape-stretch\"><img loading=\"lazy\" decoding=\"async\" class=\"stk-img wp-image-5810\" src=\"https:\/\/yourboat.es\/wp-content\/uploads\/2025\/05\/dji_fly_20250702_151428_17_1751462109115_photo-scaled.jpg\" width=\"2560\" height=\"1920\" srcset=\"https:\/\/yourboat.es\/wp-content\/uploads\/2025\/05\/dji_fly_20250702_151428_17_1751462109115_photo-scaled.jpg 2560w, https:\/\/yourboat.es\/wp-content\/uploads\/2025\/05\/dji_fly_20250702_151428_17_1751462109115_photo-300x225.jpg 300w, https:\/\/yourboat.es\/wp-content\/uploads\/2025\/05\/dji_fly_20250702_151428_17_1751462109115_photo-1024x768.jpg 1024w, https:\/\/yourboat.es\/wp-content\/uploads\/2025\/05\/dji_fly_20250702_151428_17_1751462109115_photo-768x576.jpg 768w, https:\/\/yourboat.es\/wp-content\/uploads\/2025\/05\/dji_fly_20250702_151428_17_1751462109115_photo-1536x1152.jpg 1536w, https:\/\/yourboat.es\/wp-content\/uploads\/2025\/05\/dji_fly_20250702_151428_17_1751462109115_photo-2048x1536.jpg 2048w\" sizes=\"auto, (max-width: 2560px) 100vw, 2560px\" \/><\/span><\/figure><\/div>\n<\/div><\/div><\/div>\n<\/div><\/div>\n\n<div class=\"wp-block-stackable-divider stk-block-divider stk-block stk-7eb3da4\" data-block-id=\"7eb3da4\"><style>.stk-7eb3da4 hr.stk-block-divider__hr{width:80% !important;}<\/style><hr class=\"stk-block-divider__hr\"\/><\/div>\n\n<div class=\"wp-block-stackable-columns stk-block-columns stk-block stk-8005e06\" data-block-id=\"8005e06\"><style>@media screen and (max-width:689px){.stk-8005e06 {--stk-col-order-1:2 !important;--stk-col-order-2:1 !important;}}<\/style><div class=\"stk-row stk-inner-blocks stk-block-content stk-content-align stk-8005e06-column\">\n<div class=\"wp-block-stackable-column stk-block-column stk-column stk-block stk-6b4365d\" data-v=\"4\" data-block-id=\"6b4365d\"><style>@media screen and (min-width:690px){.stk-6b4365d {flex:var(--stk-flex-grow, 1) 1 calc(43.79999999999998% - var(--stk-column-gap, 0px) * 1 \/ 2 ) !important;}}<\/style><div class=\"stk-column-wrapper stk-block-column__content stk-container stk-6b4365d-container stk--no-background stk--no-padding\"><div class=\"stk-block-content stk-inner-blocks stk-6b4365d-inner-blocks\">\n<div class=\"wp-block-stackable-image stk-block-image stk-block stk-f257190\" data-block-id=\"f257190\"><style>.stk-f257190 {margin-bottom:10px !important;}.stk-f257190 .stk-img-wrapper{aspect-ratio:4\/3 !important;height:auto !important;}:where(.stk-hover-parent:hover,  .stk-hover-parent.stk--is-hovered) .stk-f257190 .stk-img-wrapper img{transform:scale(1) !important;}.stk-f257190 .stk-img-wrapper img{border-radius:45px !important;}:where(.stk-hover-parent:hover,  .stk-hover-parent.stk--is-hovered) .stk-f257190 .stk-img-wrapper::after{background-color:var(--theme-palette-color-2, #5e3fde) !important;}:where(.stk-hover-parent:hover,  .stk-hover-parent.stk--is-hovered) .stk-f257190 .stk-img-wrapper{--stk-gradient-overlay:0.95 !important;}@media screen and (max-width:999px){.stk-f257190 .stk-img-wrapper{height:auto !important;}}@media screen and (max-width:689px){.stk-f257190 .stk-img-wrapper{height:auto !important;}}<\/style><figure><span class=\"stk-img-wrapper stk-image--shape-stretch\"><img loading=\"lazy\" decoding=\"async\" class=\"stk-img wp-image-5482\" src=\"https:\/\/yourboat.es\/wp-content\/uploads\/2025\/05\/boat_render_5.png\" width=\"1024\" height=\"1024\" srcset=\"https:\/\/yourboat.es\/wp-content\/uploads\/2025\/05\/boat_render_5.png 1024w, https:\/\/yourboat.es\/wp-content\/uploads\/2025\/05\/boat_render_5-300x300.png 300w, https:\/\/yourboat.es\/wp-content\/uploads\/2025\/05\/boat_render_5-150x150.png 150w, https:\/\/yourboat.es\/wp-content\/uploads\/2025\/05\/boat_render_5-768x768.png 768w\" sizes=\"auto, (max-width: 1024px) 100vw, 1024px\" \/><\/span><\/figure><\/div>\n<\/div><\/div><\/div>\n\n\n\n<div class=\"wp-block-stackable-column stk-block-column stk-column stk-block stk-76a7f62\" data-v=\"4\" data-block-id=\"76a7f62\"><style>@media screen and (min-width:690px){.stk-76a7f62 {flex:var(--stk-flex-grow, 1) 1 calc(56.20000000000002% - var(--stk-column-gap, 0px) * 1 \/ 2 ) !important;}}<\/style><div class=\"stk-column-wrapper stk-block-column__content stk-container stk-76a7f62-container stk--no-background stk--no-padding\"><div class=\"stk-block-content stk-inner-blocks stk-76a7f62-inner-blocks\">\n<div class=\"wp-block-stackable-heading stk-block-heading stk-block-heading--v2 stk-block stk-dbdbdb3\" id=\"whats-more\" data-block-id=\"dbdbdb3\"><h2 class=\"stk-block-heading__text\">\u00bfY qu\u00e9 m\u00e1s?<\/h2><\/div>\n\n\n\n<div class=\"wp-block-stackable-text stk-block-text stk-block stk-728b1d9\" data-block-id=\"728b1d9\"><style>.stk-728b1d9 {margin-bottom:60px !important;}.stk-728b1d9 .stk-block-text__text{font-size:20px !important;}@media screen and (max-width:999px){.stk-728b1d9 .stk-block-text__text{font-size:20px !important;}}@media screen and (max-width:689px){.stk-728b1d9 .stk-block-text__text{font-size:23px !important;}}<\/style><p class=\"stk-block-text__text has-text-align-center\">El proceso de producci\u00f3n utiliza tecnolog\u00edas y materiales modernos, lo que permite crear unidades que cumplen las normas de alta calidad y seguridad. Cada unidad se construye cuidadosamente con el objetivo de proporcionar a los usuarios comodidad y protecci\u00f3n en el agua. <br\/><br\/>Promotor es una marca que combina soluciones tecnol\u00f3gicas innovadoras con un dise\u00f1o elegante, garantizando fiabilidad y seguridad en el agua. El toque italiano de su aspecto, unido a la robustez de su construcci\u00f3n, hacen de las embarcaciones de esta marca una excelente elecci\u00f3n para quienes buscan motos acu\u00e1ticas de alto nivel. <br\/><\/p><\/div>\n<\/div><\/div><\/div>\n<\/div><\/div>\n\n<div class=\"wp-block-stackable-divider stk-block-divider stk-block stk-9cb7544\" data-block-id=\"9cb7544\"><style>.stk-9cb7544 hr.stk-block-divider__hr{width:80% !important;}<\/style><hr class=\"stk-block-divider__hr\"\/><\/div>\n\n<div class=\"wp-block-stackable-columns alignfull stk-block-columns stk-block stk-e193fb2 stk-block-background\" data-block-id=\"e193fb2\"><style>.stk-e193fb2 {background-color:var(--theme-palette-color-2, \t #133252) !important;min-height:200px !important;margin-bottom:-25px !important;}.stk-e193fb2:before{background-color:var(--theme-palette-color-2, \t #133252) !important;}<\/style><div class=\"stk-row stk-inner-blocks stk-block-content stk-content-align stk-e193fb2-column alignfull\">\n<div class=\"wp-block-stackable-column stk-block-column stk-column stk-block stk-6033036\" data-v=\"4\" data-block-id=\"6033036\"><div class=\"stk-column-wrapper stk-block-column__content stk-container stk-6033036-container stk--no-background stk--no-padding\"><div class=\"stk-block-content stk-inner-blocks stk-6033036-inner-blocks\">\n<div class=\"wp-block-stackable-heading stk-block-heading stk-block-heading--v2 stk-block stk-2c156bc\" id=\"contact-information\" data-block-id=\"2c156bc\"><style>.stk-2c156bc .stk-block-heading__text{color:var(--theme-palette-color-8, #ffffff) !important;}<\/style><h2 class=\"stk-block-heading__text has-text-color\">Informaci\u00f3n de contacto<\/h2><\/div>\n<\/div><\/div><\/div>\n\n\n\n<div class=\"wp-block-stackable-column stk-block-column stk-column stk-block stk-432facc\" data-v=\"4\" data-block-id=\"432facc\"><div class=\"stk-column-wrapper stk-block-column__content stk-container stk-432facc-container stk--no-background stk--no-padding\"><div class=\"stk-block-content stk-inner-blocks stk-432facc-inner-blocks\">\n<div class=\"wp-block-stackable-text stk-block-text stk-block stk-227e99c\" data-block-id=\"227e99c\"><style>.stk-227e99c .stk-block-text__text{color:var(--theme-palette-color-8, #ffffff) !important;}<\/style><p class=\"stk-block-text__text has-text-color\">Correo electr\u00f3nico: office@shineyachting.pl<br\/><br\/>Tel\u00e9fono: +48 511 495 568<\/p><\/div>\n<\/div><\/div><\/div>\n\n\n\n<div class=\"wp-block-stackable-column stk-block-column stk-column stk-block stk-f8d135e\" data-v=\"4\" data-block-id=\"f8d135e\"><div class=\"stk-column-wrapper stk-block-column__content stk-container stk-f8d135e-container stk--no-background stk--no-padding\"><div class=\"stk-block-content stk-inner-blocks stk-f8d135e-inner-blocks\">\n<div class=\"wp-block-stackable-text stk-block-text stk-block stk-b56358e\" data-block-id=\"b56358e\"><style>.stk-b56358e .stk-block-text__text{color:var(--theme-palette-color-8, #ffffff) !important;}<\/style><p class=\"stk-block-text__text has-text-color\">Direcci\u00f3n: Shine Yachting Sp. z o.o.<br\/>Ul. Karola Olszewskiego 23<br\/>25-663 Kielce  <\/p><\/div>\n\n\n\n<p data-block-type=\"core\"><br\/><\/p>\n<\/div><\/div><\/div>\n<\/div><\/div>\n\n<p data-block-type=\"core\"><\/p>\n","protected":false},"excerpt":{"rendered":"<p>PROMOTOR Compra un barco con nuestra empresa y disfruta de la experiencia n\u00e1utica m\u00e1s asequible. Sitio web de la marca Conoce la marca Promotor es una marca especializada en la fabricaci\u00f3n de embarcaciones de recreo de alta calidad. Estas embarcaciones se caracterizan por su durabilidad, robustez y funcionalidad, gan\u00e1ndose el reconocimiento de los entusiastas de [&hellip;]<\/p>\n","protected":false},"author":3,"featured_media":0,"parent":0,"menu_order":0,"comment_status":"closed","ping_status":"closed","template":"","meta":{"_acf_changed":false,"inline_featured_image":false,"footnotes":""},"class_list":["post-4603","page","type-page","status-publish","hentry"],"blocksy_meta":[],"acf":[],"_links":{"self":[{"href":"https:\/\/yourboat.es\/es\/wp-json\/wp\/v2\/pages\/4603","targetHints":{"allow":["GET"]}}],"collection":[{"href":"https:\/\/yourboat.es\/es\/wp-json\/wp\/v2\/pages"}],"about":[{"href":"https:\/\/yourboat.es\/es\/wp-json\/wp\/v2\/types\/page"}],"author":[{"embeddable":true,"href":"https:\/\/yourboat.es\/es\/wp-json\/wp\/v2\/users\/3"}],"replies":[{"embeddable":true,"href":"https:\/\/yourboat.es\/es\/wp-json\/wp\/v2\/comments?post=4603"}],"version-history":[{"count":7,"href":"https:\/\/yourboat.es\/es\/wp-json\/wp\/v2\/pages\/4603\/revisions"}],"predecessor-version":[{"id":5897,"href":"https:\/\/yourboat.es\/es\/wp-json\/wp\/v2\/pages\/4603\/revisions\/5897"}],"wp:attachment":[{"href":"https:\/\/yourboat.es\/es\/wp-json\/wp\/v2\/media?parent=4603"}],"curies":[{"name":"wp","href":"https:\/\/api.w.org\/{rel}","templated":true}]}}