{"id":4616,"date":"2025-03-07T16:38:14","date_gmt":"2025-03-07T16:38:14","guid":{"rendered":"https:\/\/yourboat.es\/valoria\/"},"modified":"2025-08-24T21:13:38","modified_gmt":"2025-08-24T21:13:38","slug":"valoria","status":"publish","type":"page","link":"https:\/\/yourboat.es\/es\/valoria\/","title":{"rendered":"VALORIA"},"content":{"rendered":"\n<div class=\"wp-block-stackable-columns alignfull stk-block-columns stk-block stk-242acad stk-block-background stk--has-background-overlay\" data-block-id=\"242acad\"><style>.stk-242acad {background-color:var(--theme-palette-color-2, \t #133252) !important;background-image:url(https:\/\/yourboat.es\/wp-content\/uploads\/2024\/11\/V570_2-scaled.jpg) !important;border-top-left-radius:0px !important;border-top-right-radius:0px !important;border-bottom-right-radius:0px !important;border-bottom-left-radius:0px !important;overflow:hidden !important;min-height:700px !important;padding-top:300px !important;padding-bottom:166px !important;margin-bottom:0px !important;}.stk-242acad:before{background-color:var(--theme-palette-color-2, \t #133252) !important;opacity:0.6 !important;}.stk-242acad-column{--stk-column-gap:34px !important;}@media screen and (max-width:999px){.stk-242acad {padding-top:250px !important;padding-bottom:150px !important;}}@media screen and (max-width:689px){.stk-242acad {background-position:center right !important;background-repeat:no-repeat !important;background-size:cover !important;min-height:680px !important;padding-top:150px !important;padding-bottom:100px !important;}}<\/style><div class=\"stk-row stk-inner-blocks stk-block-content stk-content-align stk-242acad-column\">\n<div class=\"wp-block-stackable-column stk-block-column stk-column stk-block stk-656155e\" data-v=\"4\" data-block-id=\"656155e\"><style>.stk-656155e-container{margin-top:0px !important;margin-right:0px !important;margin-bottom:0px !important;margin-left:0px !important;}@media screen and (min-width:690px){.stk-656155e {flex:var(--stk-flex-grow, 1) 1 calc(46.3% - var(--stk-column-gap, 0px) * 1 \/ 2 ) !important;}}@media screen and (min-width:690px) and (max-width:999px){.stk-656155e {flex:var(--stk-flex-grow, 1) 1 calc(100% - var(--stk-column-gap, 0px) * 0 \/ 1 ) !important;}}<\/style><div class=\"stk-column-wrapper stk-block-column__content stk-container stk-656155e-container stk--no-background stk--no-padding\"><div class=\"has-text-align-center-tablet stk-block-content stk-inner-blocks stk-656155e-inner-blocks\">\n<div class=\"wp-block-stackable-heading stk-block-heading stk-block-heading--v2 stk-block stk-7225c59\" id=\"valory\" data-block-id=\"7225c59\"><style>.stk-7225c59 {margin-bottom:10px !important;}.stk-7225c59 .stk-block-heading__text{font-size:50px !important;color:var(--theme-palette-color-8, #ffffff) !important;line-height:1.3em !important;font-weight:800 !important;}@media screen and (max-width:999px){.stk-7225c59 .stk-block-heading__text{font-size:40px !important;}}@media screen and (max-width:689px){.stk-7225c59 .stk-block-heading__text{font-size:23px !important;}}<\/style><h1 class=\"stk-block-heading__text has-text-color\">VALORIA<\/h1><\/div>\n\n\n\n<div class=\"wp-block-stackable-text stk-block-text stk-block stk-81505a5\" data-block-id=\"81505a5\"><style>.stk-81505a5 {margin-bottom:60px !important;}.stk-81505a5 .stk-block-text__text{font-size:25px !important;color:var(--theme-palette-color-8, #ffffff) !important;}@media screen and (max-width:999px){.stk-81505a5 .stk-block-text__text{font-size:25px !important;}}@media screen and (max-width:689px){.stk-81505a5 .stk-block-text__text{font-size:14px !important;}}<\/style><p class=\"stk-block-text__text has-text-color\">Compra un barco con nuestra empresa y disfruta de la experiencia n\u00e1utica m\u00e1s asequible.<\/p><\/div>\n\n\n\n<div class=\"wp-block-stackable-button-group stk-block-button-group stk-block stk-137f217\" data-block-id=\"137f217\"><style>.stk-137f217 .stk-inner-blocks{column-gap:20px !important;row-gap:15px !important;}<\/style><div class=\"stk-row stk-inner-blocks has-text-align-center stk-block-content stk-button-group\">\n<div class=\"wp-block-stackable-button stk-block-button has-text-align-right stk-block stk-f55ba43\" data-block-id=\"f55ba43\"><style>.stk-f55ba43 {min-height:0px !important;margin-top:0px !important;margin-right:0px !important;margin-bottom:0px !important;margin-left:0px !important;}.stk-f55ba43 .stk-button{min-height:50px !important;padding-top:12px !important;padding-right:30px !important;padding-bottom:12px !important;padding-left:30px !important;background:linear-gradient(to top, #30cfd0 0%, #330867 100%) !important;}.stk-f55ba43 .stk-button:hover:after{background:var(--theme-palette-color-2, #5e3fde) !important;opacity:1 !important;}<\/style><a class=\"stk-link stk-button stk--hover-effect-darken\" href=\"https:\/\/bmy.bartboats.pl\/#0\" rel=\"About Us noopener\" target=\"_blank\"><span class=\"stk-button__inner-text\">Sitio web de la marca<\/span><\/a><\/div>\n<\/div><\/div>\n<\/div><\/div><\/div>\n\n\n\n<div class=\"wp-block-stackable-column stk-block-column stk-column stk-block stk-df3537e\" data-v=\"4\" data-block-id=\"df3537e\"><style>.stk-df3537e-container{margin-top:0px !important;margin-right:0px !important;margin-bottom:0px !important;margin-left:0px !important;}@media screen and (min-width:690px){.stk-df3537e {flex:var(--stk-flex-grow, 1) 1 calc(53.7% - var(--stk-column-gap, 0px) * 1 \/ 2 ) !important;}}@media screen and (min-width:690px) and (max-width:999px){.stk-df3537e {flex:var(--stk-flex-grow, 1) 1 calc(100% - var(--stk-column-gap, 0px) * 0 \/ 1 ) !important;}}<\/style><div class=\"stk-column-wrapper stk-block-column__content stk-container stk-df3537e-container stk--no-background stk--no-padding\"><div class=\"stk-block-content stk-inner-blocks stk-df3537e-inner-blocks\">\n<div class=\"wp-block-stackable-image stk-block-image stk-block stk-9a0d017\" data-block-id=\"9a0d017\"><style>.stk-9a0d017 {border-top-left-radius:0px !important;border-top-right-radius:0px !important;border-bottom-right-radius:0px !important;border-bottom-left-radius:0px !important;overflow:hidden !important;margin-bottom:10px !important;}.stk-9a0d017 .stk-img-wrapper{aspect-ratio:4\/3 !important;width:234px !important;height:176px !important;--stk-gradient-overlay:0 !important;}.stk-9a0d017 .stk-img-wrapper img{filter:brightness(1.4) contrast(1.1) invert(1) !important;border-radius:45px !important;}:where(.stk-hover-parent:hover,  .stk-hover-parent.stk--is-hovered) .stk-9a0d017 .stk-img-wrapper img{transform:scale(1) !important;}.stk-9a0d017 .stk-img-wrapper::after{background-color:var(--theme-palette-color-8, #ffffff) !important;}:where(.stk-hover-parent:hover,  .stk-hover-parent.stk--is-hovered) .stk-9a0d017 .stk-img-wrapper::after{background-color:var(--theme-palette-color-2, #5e3fde) !important;}:where(.stk-hover-parent:hover,  .stk-hover-parent.stk--is-hovered) .stk-9a0d017 .stk-img-wrapper{--stk-gradient-overlay:0.95 !important;}<\/style><figure><span class=\"stk-img-wrapper stk-image--shape-stretch\"><img loading=\"lazy\" decoding=\"async\" class=\"stk-img wp-image-2639\" src=\"https:\/\/yourboat.es\/wp-content\/uploads\/2024\/08\/valory_black.svg\" width=\"234\" height=\"176\"\/><\/span><\/figure><\/div>\n<\/div><\/div><\/div>\n<\/div><\/div>\n\n<div class=\"wp-block-stackable-spacer stk-block-spacer stk--no-padding stk-block stk-92b4f79\" data-block-id=\"92b4f79\"><\/div>\n\n<div class=\"wp-block-stackable-divider stk-block-divider stk-block stk-d902b9d\" data-block-id=\"d902b9d\"><style>.stk-d902b9d hr.stk-block-divider__hr{width:80% !important;}<\/style><hr class=\"stk-block-divider__hr\"\/><\/div>\n\n<div class=\"wp-block-stackable-columns stk-block-columns stk-block stk-6cad876\" data-block-id=\"6cad876\"><div class=\"stk-row stk-inner-blocks stk-block-content stk-content-align stk-6cad876-column\">\n<div class=\"wp-block-stackable-column stk-block-column stk-column stk-block stk-bd3d3bb\" data-v=\"4\" data-block-id=\"bd3d3bb\"><div class=\"stk-column-wrapper stk-block-column__content stk-container stk-bd3d3bb-container stk--no-background stk--no-padding\"><div class=\"stk-block-content stk-inner-blocks stk-bd3d3bb-inner-blocks\">\n<div class=\"wp-block-stackable-heading stk-block-heading stk-block-heading--v2 stk-block stk-141e234\" id=\"meety\" data-block-id=\"141e234\"><h2 class=\"stk-block-heading__text\">Conoce la marca<\/h2><\/div>\n\n\n\n<div class=\"wp-block-stackable-text stk-block-text stk-block stk-cdea04c\" data-block-id=\"cdea04c\"><style>.stk-cdea04c {margin-bottom:60px !important;}.stk-cdea04c .stk-block-text__text{font-size:20px !important;}@media screen and (max-width:999px){.stk-cdea04c .stk-block-text__text{font-size:20px !important;}}@media screen and (max-width:689px){.stk-cdea04c .stk-block-text__text{font-size:23px !important;}}<\/style><p class=\"stk-block-text__text has-text-align-left\">Valory Boats es una empresa que lleva desde 1990 combinando pasi\u00f3n, experiencia y tecnolog\u00edas modernas en la fabricaci\u00f3n de embarcaciones a motor. Como empresa familiar y privada, est\u00e1 especializada en el dise\u00f1o y la fabricaci\u00f3n de embarcaciones deportivas y de recreo, pero tambi\u00e9n ofrece embarcaciones tur\u00edsticas, de trabajo y de pesca. Con m\u00e1s de 30 a\u00f1os de experiencia en el mercado, Valory Boats se ha ganado el reconocimiento tanto en Polonia como en todo el mundo, y sus productos son sin\u00f3nimo de calidad, innovaci\u00f3n y seguridad.  <br\/><br\/>El proceso de producci\u00f3n en Valory Boats empieza desde cero: desde el trabajo de construcci\u00f3n, pasando por la creaci\u00f3n de modelos, moldes, trabajo de laminado, hasta el montaje de equipos, instalaciones, motores y la realizaci\u00f3n de pruebas de agua. La empresa se centra en un enfoque integral de cada proyecto, garantizando la alta calidad de los productos finales. Cada embarcaci\u00f3n que sale de este astillero se dise\u00f1a y elabora cuidadosamente para cumplir las normas m\u00e1s exigentes.  <\/p><\/div>\n<\/div><\/div><\/div>\n\n\n\n<div class=\"wp-block-stackable-column stk-block-column stk-column stk-block stk-151d33f\" data-v=\"4\" data-block-id=\"151d33f\"><div class=\"stk-column-wrapper stk-block-column__content stk-container stk-151d33f-container stk--no-background stk--no-padding\"><div class=\"stk-block-content stk-inner-blocks stk-151d33f-inner-blocks\">\n<div class=\"wp-block-stackable-image stk-block-image has-text-align-center stk-block stk-0d411cd\" data-block-id=\"0d411cd\"><style>.stk-0d411cd {margin-bottom:10px !important;}.stk-0d411cd .stk-img-wrapper{aspect-ratio:4\/3 !important;height:auto !important;--stk-gradient-overlay:0.4 !important;}:where(.stk-hover-parent:hover,  .stk-hover-parent.stk--is-hovered) .stk-0d411cd .stk-img-wrapper img{transform:scale(1) !important;}.stk-0d411cd .stk-img-wrapper img{border-radius:45px !important;}:where(.stk-hover-parent:hover,  .stk-hover-parent.stk--is-hovered) .stk-0d411cd .stk-img-wrapper::after{background-color:var(--theme-palette-color-2, #5e3fde) !important;}:where(.stk-hover-parent:hover,  .stk-hover-parent.stk--is-hovered) .stk-0d411cd .stk-img-wrapper{--stk-gradient-overlay:0.95 !important;}@media screen and (max-width:999px){.stk-0d411cd .stk-img-wrapper{height:auto !important;}}@media screen and (max-width:689px){.stk-0d411cd .stk-img-wrapper{height:auto !important;}}<\/style><figure><span class=\"stk-img-wrapper stk-image--shape-stretch\"><img loading=\"lazy\" decoding=\"async\" class=\"stk-img wp-image-2899\" src=\"https:\/\/yourboat.es\/wp-content\/uploads\/2024\/11\/Mallorca-Boats-2-118-scaled.jpg\" width=\"1707\" height=\"2560\" srcset=\"https:\/\/yourboat.es\/wp-content\/uploads\/2024\/11\/Mallorca-Boats-2-118-scaled.jpg 1707w, https:\/\/yourboat.es\/wp-content\/uploads\/2024\/11\/Mallorca-Boats-2-118-200x300.jpg 200w, https:\/\/yourboat.es\/wp-content\/uploads\/2024\/11\/Mallorca-Boats-2-118-683x1024.jpg 683w, https:\/\/yourboat.es\/wp-content\/uploads\/2024\/11\/Mallorca-Boats-2-118-768x1152.jpg 768w, https:\/\/yourboat.es\/wp-content\/uploads\/2024\/11\/Mallorca-Boats-2-118-1024x1536.jpg 1024w, https:\/\/yourboat.es\/wp-content\/uploads\/2024\/11\/Mallorca-Boats-2-118-1365x2048.jpg 1365w\" sizes=\"auto, (max-width: 1707px) 100vw, 1707px\" \/><\/span><\/figure><\/div>\n<\/div><\/div><\/div>\n<\/div><\/div>\n\n<div class=\"wp-block-stackable-divider stk-block-divider stk-block stk-7eb3da4\" data-block-id=\"7eb3da4\"><style>.stk-7eb3da4 hr.stk-block-divider__hr{width:80% !important;}<\/style><hr class=\"stk-block-divider__hr\"\/><\/div>\n\n<div class=\"wp-block-stackable-columns stk-block-columns stk-block stk-8005e06\" data-block-id=\"8005e06\"><style>@media screen and (max-width:689px){.stk-8005e06 {--stk-col-order-1:2 !important;--stk-col-order-2:1 !important;}}<\/style><div class=\"stk-row stk-inner-blocks stk-block-content stk-content-align stk-8005e06-column\">\n<div class=\"wp-block-stackable-column stk-block-column stk-column stk-block stk-6b4365d\" data-v=\"4\" data-block-id=\"6b4365d\"><style>@media screen and (min-width:690px){.stk-6b4365d {flex:var(--stk-flex-grow, 1) 1 calc(43.79999999999998% - var(--stk-column-gap, 0px) * 1 \/ 2 ) !important;}}<\/style><div class=\"stk-column-wrapper stk-block-column__content stk-container stk-6b4365d-container stk--no-background stk--no-padding\"><div class=\"stk-block-content stk-inner-blocks stk-6b4365d-inner-blocks\">\n<div class=\"wp-block-stackable-image stk-block-image stk-block stk-f257190\" data-block-id=\"f257190\"><style>.stk-f257190 {margin-bottom:10px !important;}.stk-f257190 .stk-img-wrapper{aspect-ratio:4\/3 !important;height:auto !important;}:where(.stk-hover-parent:hover,  .stk-hover-parent.stk--is-hovered) .stk-f257190 .stk-img-wrapper img{transform:scale(1) !important;}.stk-f257190 .stk-img-wrapper img{border-radius:45px !important;}:where(.stk-hover-parent:hover,  .stk-hover-parent.stk--is-hovered) .stk-f257190 .stk-img-wrapper::after{background-color:var(--theme-palette-color-2, #5e3fde) !important;}:where(.stk-hover-parent:hover,  .stk-hover-parent.stk--is-hovered) .stk-f257190 .stk-img-wrapper{--stk-gradient-overlay:0.95 !important;}@media screen and (max-width:999px){.stk-f257190 .stk-img-wrapper{height:auto !important;}}@media screen and (max-width:689px){.stk-f257190 .stk-img-wrapper{height:auto !important;}}<\/style><figure><span class=\"stk-img-wrapper stk-image--shape-stretch\"><img loading=\"lazy\" decoding=\"async\" class=\"stk-img wp-image-2893\" src=\"https:\/\/yourboat.es\/wp-content\/uploads\/2024\/11\/V570_3-scaled.jpg\" width=\"2560\" height=\"1707\" srcset=\"https:\/\/yourboat.es\/wp-content\/uploads\/2024\/11\/V570_3-scaled.jpg 2560w, https:\/\/yourboat.es\/wp-content\/uploads\/2024\/11\/V570_3-300x200.jpg 300w, https:\/\/yourboat.es\/wp-content\/uploads\/2024\/11\/V570_3-1024x683.jpg 1024w, https:\/\/yourboat.es\/wp-content\/uploads\/2024\/11\/V570_3-768x512.jpg 768w, https:\/\/yourboat.es\/wp-content\/uploads\/2024\/11\/V570_3-1536x1024.jpg 1536w, https:\/\/yourboat.es\/wp-content\/uploads\/2024\/11\/V570_3-2048x1365.jpg 2048w\" sizes=\"auto, (max-width: 2560px) 100vw, 2560px\" \/><\/span><\/figure><\/div>\n<\/div><\/div><\/div>\n\n\n\n<div class=\"wp-block-stackable-column stk-block-column stk-column stk-block stk-76a7f62\" data-v=\"4\" data-block-id=\"76a7f62\"><style>@media screen and (min-width:690px){.stk-76a7f62 {flex:var(--stk-flex-grow, 1) 1 calc(56.20000000000002% - var(--stk-column-gap, 0px) * 1 \/ 2 ) !important;}}<\/style><div class=\"stk-column-wrapper stk-block-column__content stk-container stk-76a7f62-container stk--no-background stk--no-padding\"><div class=\"stk-block-content stk-inner-blocks stk-76a7f62-inner-blocks\">\n<div class=\"wp-block-stackable-heading stk-block-heading stk-block-heading--v2 stk-block stk-dbdbdb3\" id=\"whats-more\" data-block-id=\"dbdbdb3\"><h2 class=\"stk-block-heading__text\">\u00bfQu\u00e9 m\u00e1s hay?<\/h2><\/div>\n\n\n\n<div class=\"wp-block-stackable-text stk-block-text stk-block stk-728b1d9\" data-block-id=\"728b1d9\"><style>.stk-728b1d9 {margin-bottom:60px !important;}.stk-728b1d9 .stk-block-text__text{font-size:20px !important;}@media screen and (max-width:999px){.stk-728b1d9 .stk-block-text__text{font-size:20px !important;}}@media screen and (max-width:689px){.stk-728b1d9 .stk-block-text__text{font-size:23px !important;}}<\/style><p class=\"stk-block-text__text has-text-align-left\">Valory Boats ampl\u00eda continuamente su oferta introduciendo nuevos modelos de embarcaciones que responden plenamente a las necesidades cambiantes del mercado. Gracias al constante desarrollo tecnol\u00f3gico y a la atenci\u00f3n por los detalles, la empresa se ha convertido en uno de los principales fabricantes de embarcaciones deportivas y de recreo de Europa. Los productos cumplen las directivas de la Uni\u00f3n Europea y poseen las certificaciones CE necesarias, lo que garantiza su calidad y seguridad.<br\/>La oferta de Valory Boats incluye embarcaciones que se adaptan perfectamente a las tendencias actuales, ofreciendo soluciones de construcci\u00f3n modernas, un dise\u00f1o excelente y tecnolog\u00edas innovadoras. Los proyectos realizados por la empresa se caracterizan por enfoques de dise\u00f1o audaces, que hacen que las embarcaciones de Valory Boats no s\u00f3lo sean funcionales, sino tambi\u00e9n est\u00e9ticamente agradables y llenas de car\u00e1cter.   <\/p><\/div>\n<\/div><\/div><\/div>\n<\/div><\/div>\n\n<div class=\"wp-block-stackable-divider stk-block-divider stk-block stk-9cb7544\" data-block-id=\"9cb7544\"><style>.stk-9cb7544 hr.stk-block-divider__hr{width:80% !important;}<\/style><hr class=\"stk-block-divider__hr\"\/><\/div>\n\n<div class=\"wp-block-stackable-columns alignfull stk-block-columns stk-block stk-e193fb2 stk-block-background\" data-block-id=\"e193fb2\"><style>.stk-e193fb2 {background-color:var(--theme-palette-color-2, \t #133252) !important;min-height:200px !important;margin-bottom:-20px !important;}.stk-e193fb2:before{background-color:var(--theme-palette-color-2, \t #133252) !important;}<\/style><div class=\"stk-row stk-inner-blocks stk-block-content stk-content-align stk-e193fb2-column alignfull\">\n<div class=\"wp-block-stackable-column stk-block-column stk-column stk-block stk-6033036\" data-v=\"4\" data-block-id=\"6033036\"><div class=\"stk-column-wrapper stk-block-column__content stk-container stk-6033036-container stk--no-background stk--no-padding\"><div class=\"stk-block-content stk-inner-blocks stk-6033036-inner-blocks\">\n<div class=\"wp-block-stackable-heading stk-block-heading stk-block-heading--v2 stk-block stk-2c156bc\" id=\"contact-information\" data-block-id=\"2c156bc\"><style>.stk-2c156bc .stk-block-heading__text{color:var(--theme-palette-color-8, #ffffff) !important;}<\/style><h2 class=\"stk-block-heading__text has-text-color\">Informaci\u00f3n de contacto<\/h2><\/div>\n<\/div><\/div><\/div>\n\n\n\n<div class=\"wp-block-stackable-column stk-block-column stk-column stk-block stk-432facc\" data-v=\"4\" data-block-id=\"432facc\"><div class=\"stk-column-wrapper stk-block-column__content stk-container stk-432facc-container stk--no-background stk--no-padding\"><div class=\"stk-block-content stk-inner-blocks stk-432facc-inner-blocks\">\n<div class=\"wp-block-stackable-text stk-block-text stk-block stk-227e99c\" data-block-id=\"227e99c\"><style>.stk-227e99c .stk-block-text__text{color:var(--theme-palette-color-8, #ffffff) !important;}<\/style><p class=\"stk-block-text__text has-text-color\">Correo electr\u00f3nico: office@boatbuilding.com.pl<br\/><br\/>Tel\u00e9fono: +48 666 212 222<\/p><\/div>\n<\/div><\/div><\/div>\n\n\n\n<div class=\"wp-block-stackable-column stk-block-column stk-column stk-block stk-f8d135e\" data-v=\"4\" data-block-id=\"f8d135e\"><div class=\"stk-column-wrapper stk-block-column__content stk-container stk-f8d135e-container stk--no-background stk--no-padding\"><div class=\"stk-block-content stk-inner-blocks stk-f8d135e-inner-blocks\">\n<div class=\"wp-block-stackable-text stk-block-text stk-block stk-b56358e\" data-block-id=\"b56358e\"><style>.stk-b56358e .stk-block-text__text{color:var(--theme-palette-color-8, #ffffff) !important;}<\/style><p class=\"stk-block-text__text has-text-color\">Direcci\u00f3n: ul. Gda\u0144ska 37<br\/>89-600 Chojnice <\/p><\/div>\n\n\n\n<p data-block-type=\"core\"><br\/><\/p>\n<\/div><\/div><\/div>\n<\/div><\/div>\n","protected":false},"excerpt":{"rendered":"<p>VALORIA Compra un barco con nuestra empresa y disfruta de la experiencia n\u00e1utica m\u00e1s asequible. Sitio web de la marca Conoce la marca Valory Boats es una empresa que lleva desde 1990 combinando pasi\u00f3n, experiencia y tecnolog\u00edas modernas en la fabricaci\u00f3n de embarcaciones a motor. Como empresa familiar y privada, est\u00e1 especializada en el dise\u00f1o [&hellip;]<\/p>\n","protected":false},"author":3,"featured_media":0,"parent":0,"menu_order":0,"comment_status":"closed","ping_status":"closed","template":"","meta":{"_acf_changed":false,"inline_featured_image":false,"footnotes":""},"class_list":["post-4616","page","type-page","status-publish","hentry"],"blocksy_meta":[],"acf":[],"_links":{"self":[{"href":"https:\/\/yourboat.es\/es\/wp-json\/wp\/v2\/pages\/4616","targetHints":{"allow":["GET"]}}],"collection":[{"href":"https:\/\/yourboat.es\/es\/wp-json\/wp\/v2\/pages"}],"about":[{"href":"https:\/\/yourboat.es\/es\/wp-json\/wp\/v2\/types\/page"}],"author":[{"embeddable":true,"href":"https:\/\/yourboat.es\/es\/wp-json\/wp\/v2\/users\/3"}],"replies":[{"embeddable":true,"href":"https:\/\/yourboat.es\/es\/wp-json\/wp\/v2\/comments?post=4616"}],"version-history":[{"count":4,"href":"https:\/\/yourboat.es\/es\/wp-json\/wp\/v2\/pages\/4616\/revisions"}],"predecessor-version":[{"id":5014,"href":"https:\/\/yourboat.es\/es\/wp-json\/wp\/v2\/pages\/4616\/revisions\/5014"}],"wp:attachment":[{"href":"https:\/\/yourboat.es\/es\/wp-json\/wp\/v2\/media?parent=4616"}],"curies":[{"name":"wp","href":"https:\/\/api.w.org\/{rel}","templated":true}]}}